{"id":40478,"date":"2017-06-12T04:48:57","date_gmt":"2017-06-12T04:48:57","guid":{"rendered":"https:\/\/www.newlifeturkey.com\/?page_id=40478"},"modified":"2023-04-14T11:41:26","modified_gmt":"2023-04-14T11:41:26","slug":"nekretnine-u-turskoj","status":"publish","type":"page","link":"https:\/\/www.newlifeturkey.com\/bs\/nekretnine-u-turskoj\/","title":{"rendered":"Nekretnine u Turskoj"},"content":{"rendered":"<div class=\"wpb-content-wrapper\"><p>[vc_row][vc_column][vc_column_text]<\/p>\n<h2 style=\"text-align: justify;\">Nekretnina u Alanji<\/h2>\n<p style=\"text-align: justify;\">New Life Real Estate je kompanija specijalizovana za konsultantske usluge u oblasti nekretnina. Poma\u017eemo prona\u0107i va\u0161u nekretninu u Alanji.<\/p>\n<h4 style=\"text-align: justify;\">Za\u0161to biste trebali odabrati nekretninu u Alanji.<\/h4>\n<p style=\"text-align: justify;\">Nekretnine u <a href=\"https:\/\/www.newlifeturkey.com\/bs\/turska\/alanja\/\">Alanji<\/a> trenutno do\u017eivljavaju enormno pove\u0107anje vrijednosti. Stoga ne propustite priliku da pogledate na\u0161u ponudu nekretnina.<\/p>\n<h4 style=\"text-align: justify;\">Za\u0161to Alanya?<\/h4>\n<p style=\"text-align: justify;\">Alanya ima intenzivnu mediteransku klimu sa dugim su\u0161nim ljetima od sredine maja do sredine oktobra i blagim zimama, odvojenim kratkim jesenskim i proljetnim periodima. Ljeti mo\u017eete u\u017eivati u visokim temperaturama uz nebo bez oblaka. Morski povjetarac stvara uvijek ugodnu atmosferu u primorju.<\/p>\n<p style=\"text-align: justify;\">Sve vi\u0161e turista odlu\u010duje da svoje slobodne dane provede u vlastitom apartmanu ili vili u Alanji. Nekretnine u Alanji s pogledom na more; Nudimo Vam bilo koju nekretninu koju tra\u017eite. Na\u0161a kompanija je specijalizovana za prodaju stanova u Alanji na Turskoj rivijeri. Ali ne samo da nudimo nekretnine u Alanji, ve\u0107 imamo velike mogu\u0107nosti ulaganja u Istanbulu i na <a href=\"https:\/\/www.newlifecyprus.com\/bs\/nekretnine-na-kipru\/\">Kipru<\/a>.<\/p>\n<h4 style=\"text-align: justify;\">New Life Real Estate Vam nudi savr\u0161enu ku\u0107u u Alanji<\/h4>\n<p style=\"text-align: justify;\">Kod nas \u0107ete prona\u0107i pouzdanog partnera sa dugogodi\u0161njim iskustvom na tr\u017ei\u0161tu nekretnina u Alanji. Mi smo dinami\u010dna kompanija i nudimo Vam upravo ono \u0161to tra\u017eite. Imamo pravu ponudu za svaki ukus i bud\u017eet. Uvjerite se sami! Posjetite na\u0161u stranicu pozovite nas direktno.<\/p>\n<p style=\"text-align: justify;\">Va\u0161 dom iz snova u Alanji ve\u0107 vas \u010deka. Oduvijek ste \u017eeljeli kupiti vilu u Alanji? Tada \u0107ete kod nas prona\u0107i svoj predmet iz snova. Vile u Alanji sa ba\u0161tom i privatnim bazenom ili bolje re\u010deno u dobro odr\u017eavanom kompleksu sa dru\u017eeljubivim kom\u0161ijama. Rado \u0107emo vam pomo\u0107i da prona\u0111ete svoju novu vilu u Alanji. Kao licencirani broker, nudimo vam samo provjerene vile u Alanji, i mo\u017eete biti sigurni da ni\u0161ta ne\u0107e stati na put nesmetanoj transakciji. \u017delite vi\u0161e informacija ili prve ponude? Zatim nam jednostavno <a href=\"https:\/\/wa.link\/liay6l\">nas nazovite<\/a>.<\/p>\n<p>[\/vc_column_text][\/vc_column][\/vc_row]<\/p>\n<\/div>","protected":false},"excerpt":{"rendered":"<p>[vc_row][vc_column][vc_column_text] Nekretnina u Alanji New Life Real Estate je kompanija specijalizovana za konsultantske usluge u oblasti nekretnina. Poma\u017eemo prona\u0107i va\u0161u nekretninu u Alanji. Za\u0161to biste trebali odabrati nekretninu u Alanji. Nekretnine u Alanji trenutno do\u017eivljavaju enormno pove\u0107anje vrijednosti. Stoga ne propustite priliku da pogledate na\u0161u ponudu nekretnina. Za\u0161to Alanya? Alanya ima intenzivnu mediteransku klimu sa dugim su\u0161nim ljetima od sredine maja do sredine oktobra &#8230;<\/p>\n","protected":false},"author":3,"featured_media":0,"parent":0,"menu_order":0,"comment_status":"closed","ping_status":"closed","template":"property_list.php","meta":{"footnotes":""},"class_list":["post-40478","page","type-page","status-publish","hentry"],"yoast_head":"<!-- This site is optimized with the Yoast SEO plugin v23.2 - https:\/\/yoast.com\/wordpress\/plugins\/seo\/ -->\n<title>Nekretnina u Alanji<\/title>\n<meta name=\"description\" content=\"Nekretnina u Alanji trenutno do\u017eivljavaju enormno pove\u0107anje vrijednosti. Stoga ne propustite priliku da pogledate na\u0161u ponudu nekretnina.\" \/>\n<meta name=\"robots\" content=\"index, follow, max-snippet:-1, max-image-preview:large, max-video-preview:-1\" \/>\n<link rel=\"canonical\" href=\"https:\/\/www.newlifeturkey.com\/bs\/nekretnine-u-turskoj\/\" \/>\n<meta property=\"og:locale\" content=\"bs_BA\" \/>\n<meta property=\"og:type\" content=\"article\" \/>\n<meta property=\"og:title\" content=\"Nekretnina u Alanji\" \/>\n<meta property=\"og:description\" content=\"Nekretnina u Alanji trenutno do\u017eivljavaju enormno pove\u0107anje vrijednosti. Stoga ne propustite priliku da pogledate na\u0161u ponudu nekretnina.\" \/>\n<meta property=\"og:url\" content=\"https:\/\/www.newlifeturkey.com\/bs\/nekretnine-u-turskoj\/\" \/>\n<meta property=\"og:site_name\" content=\"Nekretnine u Alanya Turska\" \/>\n<meta property=\"article:publisher\" content=\"https:\/\/www.facebook.com\/newlifeturkeyinalanya\/\" \/>\n<meta property=\"article:modified_time\" content=\"2023-04-14T11:41:26+00:00\" \/>\n<meta name=\"twitter:card\" content=\"summary_large_image\" \/>\n<meta name=\"twitter:site\" content=\"@NewLifeAlanya\" \/>\n<meta name=\"twitter:label1\" content=\"Est. reading time\" \/>\n\t<meta name=\"twitter:data1\" content=\"2 minute\" \/>\n<script type=\"application\/ld+json\" class=\"yoast-schema-graph\">{\"@context\":\"https:\/\/schema.org\",\"@graph\":[{\"@type\":\"WebPage\",\"@id\":\"https:\/\/www.newlifeturkey.com\/bs\/nekretnine-u-turskoj\/\",\"url\":\"https:\/\/www.newlifeturkey.com\/bs\/nekretnine-u-turskoj\/\",\"name\":\"Nekretnina u Alanji\",\"isPartOf\":{\"@id\":\"https:\/\/www.newlifeturkey.com\/bs\/#website\"},\"datePublished\":\"2017-06-12T04:48:57+00:00\",\"dateModified\":\"2023-04-14T11:41:26+00:00\",\"description\":\"Nekretnina u Alanji trenutno do\u017eivljavaju enormno pove\u0107anje vrijednosti. Stoga ne propustite priliku da pogledate na\u0161u ponudu nekretnina.\",\"breadcrumb\":{\"@id\":\"https:\/\/www.newlifeturkey.com\/bs\/nekretnine-u-turskoj\/#breadcrumb\"},\"inLanguage\":\"bs-BA\",\"potentialAction\":[{\"@type\":\"ReadAction\",\"target\":[\"https:\/\/www.newlifeturkey.com\/bs\/nekretnine-u-turskoj\/\"]}]},{\"@type\":\"BreadcrumbList\",\"@id\":\"https:\/\/www.newlifeturkey.com\/bs\/nekretnine-u-turskoj\/#breadcrumb\",\"itemListElement\":[{\"@type\":\"ListItem\",\"position\":1,\"name\":\"Home\",\"item\":\"https:\/\/www.newlifeturkey.com\/bs\/\"},{\"@type\":\"ListItem\",\"position\":2,\"name\":\"Nekretnine u Turskoj\"}]},{\"@type\":\"WebSite\",\"@id\":\"https:\/\/www.newlifeturkey.com\/bs\/#website\",\"url\":\"https:\/\/www.newlifeturkey.com\/bs\/\",\"name\":\"Nekretnine u Alanya Turska\",\"description\":\"New Life Turkey\",\"potentialAction\":[{\"@type\":\"SearchAction\",\"target\":{\"@type\":\"EntryPoint\",\"urlTemplate\":\"https:\/\/www.newlifeturkey.com\/bs\/?s={search_term_string}\"},\"query-input\":\"required name=search_term_string\"}],\"inLanguage\":\"bs-BA\"}]}<\/script>\n<!-- \/ Yoast SEO plugin. -->","yoast_head_json":{"title":"Nekretnina u Alanji","description":"Nekretnina u Alanji trenutno do\u017eivljavaju enormno pove\u0107anje vrijednosti. Stoga ne propustite priliku da pogledate na\u0161u ponudu nekretnina.","robots":{"index":"index","follow":"follow","max-snippet":"max-snippet:-1","max-image-preview":"max-image-preview:large","max-video-preview":"max-video-preview:-1"},"canonical":"https:\/\/www.newlifeturkey.com\/bs\/nekretnine-u-turskoj\/","og_locale":"bs_BA","og_type":"article","og_title":"Nekretnina u Alanji","og_description":"Nekretnina u Alanji trenutno do\u017eivljavaju enormno pove\u0107anje vrijednosti. Stoga ne propustite priliku da pogledate na\u0161u ponudu nekretnina.","og_url":"https:\/\/www.newlifeturkey.com\/bs\/nekretnine-u-turskoj\/","og_site_name":"Nekretnine u Alanya Turska","article_publisher":"https:\/\/www.facebook.com\/newlifeturkeyinalanya\/","article_modified_time":"2023-04-14T11:41:26+00:00","twitter_card":"summary_large_image","twitter_site":"@NewLifeAlanya","twitter_misc":{"Est. reading time":"2 minute"},"schema":{"@context":"https:\/\/schema.org","@graph":[{"@type":"WebPage","@id":"https:\/\/www.newlifeturkey.com\/bs\/nekretnine-u-turskoj\/","url":"https:\/\/www.newlifeturkey.com\/bs\/nekretnine-u-turskoj\/","name":"Nekretnina u Alanji","isPartOf":{"@id":"https:\/\/www.newlifeturkey.com\/bs\/#website"},"datePublished":"2017-06-12T04:48:57+00:00","dateModified":"2023-04-14T11:41:26+00:00","description":"Nekretnina u Alanji trenutno do\u017eivljavaju enormno pove\u0107anje vrijednosti. Stoga ne propustite priliku da pogledate na\u0161u ponudu nekretnina.","breadcrumb":{"@id":"https:\/\/www.newlifeturkey.com\/bs\/nekretnine-u-turskoj\/#breadcrumb"},"inLanguage":"bs-BA","potentialAction":[{"@type":"ReadAction","target":["https:\/\/www.newlifeturkey.com\/bs\/nekretnine-u-turskoj\/"]}]},{"@type":"BreadcrumbList","@id":"https:\/\/www.newlifeturkey.com\/bs\/nekretnine-u-turskoj\/#breadcrumb","itemListElement":[{"@type":"ListItem","position":1,"name":"Home","item":"https:\/\/www.newlifeturkey.com\/bs\/"},{"@type":"ListItem","position":2,"name":"Nekretnine u Turskoj"}]},{"@type":"WebSite","@id":"https:\/\/www.newlifeturkey.com\/bs\/#website","url":"https:\/\/www.newlifeturkey.com\/bs\/","name":"Nekretnine u Alanya Turska","description":"New Life Turkey","potentialAction":[{"@type":"SearchAction","target":{"@type":"EntryPoint","urlTemplate":"https:\/\/www.newlifeturkey.com\/bs\/?s={search_term_string}"},"query-input":"required name=search_term_string"}],"inLanguage":"bs-BA"}]}},"_links":{"self":[{"href":"https:\/\/www.newlifeturkey.com\/bs\/wp-json\/wp\/v2\/pages\/40478","targetHints":{"allow":["GET"]}}],"collection":[{"href":"https:\/\/www.newlifeturkey.com\/bs\/wp-json\/wp\/v2\/pages"}],"about":[{"href":"https:\/\/www.newlifeturkey.com\/bs\/wp-json\/wp\/v2\/types\/page"}],"author":[{"embeddable":true,"href":"https:\/\/www.newlifeturkey.com\/bs\/wp-json\/wp\/v2\/users\/3"}],"replies":[{"embeddable":true,"href":"https:\/\/www.newlifeturkey.com\/bs\/wp-json\/wp\/v2\/comments?post=40478"}],"version-history":[{"count":3,"href":"https:\/\/www.newlifeturkey.com\/bs\/wp-json\/wp\/v2\/pages\/40478\/revisions"}],"predecessor-version":[{"id":62136,"href":"https:\/\/www.newlifeturkey.com\/bs\/wp-json\/wp\/v2\/pages\/40478\/revisions\/62136"}],"wp:attachment":[{"href":"https:\/\/www.newlifeturkey.com\/bs\/wp-json\/wp\/v2\/media?parent=40478"}],"curies":[{"name":"wp","href":"https:\/\/api.w.org\/{rel}","templated":true}]}}