{"id":45895,"date":"2017-06-12T04:28:22","date_gmt":"2017-06-12T04:28:22","guid":{"rendered":"https:\/\/www.newlifeturkey.com\/apartments-in-alanya\/"},"modified":"2023-04-14T11:56:38","modified_gmt":"2023-04-14T11:56:38","slug":"apartmani-u-alanji","status":"publish","type":"page","link":"https:\/\/www.newlifeturkey.com\/bs\/apartmani-u-alanji\/","title":{"rendered":"Apartmani u Alanji"},"content":{"rendered":"<div class=\"wpb-content-wrapper\"><p>[vc_row][vc_column][vc_column_text]<\/p>\n<h3>Apartmani u Alanji<\/h3>\n<p style=\"text-align: justify;\">Mi smo agent za nekretnine kojem vjerujete. New Life Real Estate je kompanija specijalizovana za prodaju apartmani u Alanji i na Turskoj rivijeri.<\/p>\n<h4 style=\"text-align: justify;\">Za\u0161to odabrati apartmani u Alanji<\/h4>\n<p style=\"text-align: justify;\">Ne samo blaga klima u zimskim mjesecima, ve\u0107 i ljetni mjeseci idealno su pogodni za bijeg od sive svakodnevice i ki\u0161nih dana u domu, \u0161to zna\u010di da je Alanya pravo mjesto za vas. Sa oko 300 sun\u010danih dana godi\u0161nje, ne samo da mo\u017eete provesti odmor u Alanji, ve\u0107 se odlu\u010dite za jedan od na\u0161ih apartmana u Alanji, kao \u0161to su mnogi na\u0161i klijenti radili ranije.<\/p>\n<h5 style=\"text-align: justify;\">\u017divjeti tamo gdje drugi idu na odmor \u2013 \u017eivot u Alanji<\/h5>\n<p style=\"text-align: justify;\">Atraktivne cijene nekretnina i niski tro\u0161kovi \u017eivota privla\u010de sve vi\u0161e stanovnika i penzionera na Tursku rivijeru. Sve vi\u0161e turista odlu\u010duje da svoje slobodne dane provede u vlastitom apartmanu u Alanji. Apartmani u Alanji, povoljni, vile sa pogledom na more; Nudimo Vam bilo koju nekretninu u Alanji. Na\u0161a kompanija specijalizovana je za prodaju stanova u Alanji na Turskoj rivijeri.<\/p>\n<p style=\"text-align: justify;\">Tra\u017eite stan na Turskoj rivijeri? Kod nas \u0107ete prona\u0107i najnovije stambene ponude. Ne nudimo samo apartmane u Alanji, ve\u0107 iu Istanbulu i na Kipru. Naravno, isto vrijedi i za na\u0161e ponude vila. Tra\u017eite ku\u0107u ili vilu sa privatnim vrtom i bazenom? Onda smo mi pravi partner za vas.<\/p>\n<p style=\"text-align: justify;\">\u017delite li sami izgraditi? Imamo zemlji\u0161te na najboljim lokacijama u Alanji i predgra\u0111ima Oba, Cikcilli, Tosmur, Kestel i Mahmutlar, Kargicak, Demirtas, Yesil\u00f6z ili Avsallar i Konakli. Imamo pravu ponudu za svaki ukus i bud\u017eet. Uvjerite se sami! Po\u0161aljite nam poruku ili nas direktno pozovite.<\/p>\n<p style=\"text-align: justify;\">Imamo pravu ponudu za svaki ukus i bud\u017eet. Uvjerite se sami! <a href=\"https:\/\/www.newlifeturkey.com\/bs\/nekretnine-u-turskoj\/\">Po\u0161aljite nam poruku<\/a> ili nas <a href=\"https:\/\/wa.link\/liay6l\">direktno pozovite<\/a>.<\/p>\n<p>[\/vc_column_text][\/vc_column][\/vc_row]<\/p>\n<\/div>","protected":false},"excerpt":{"rendered":"<p>[vc_row][vc_column][vc_column_text] Apartmani u Alanji Mi smo agent za nekretnine kojem vjerujete. New Life Real Estate je kompanija specijalizovana za prodaju apartmani u Alanji i na Turskoj rivijeri. Za\u0161to odabrati apartmani u Alanji Ne samo blaga klima u zimskim mjesecima, ve\u0107 i ljetni mjeseci idealno su pogodni za bijeg od sive svakodnevice i ki\u0161nih dana u domu, \u0161to zna\u010di da je Alanya pravo mjesto za &#8230;<\/p>\n","protected":false},"author":1,"featured_media":0,"parent":0,"menu_order":0,"comment_status":"closed","ping_status":"closed","template":"property_list.php","meta":{"footnotes":""},"class_list":["post-45895","page","type-page","status-publish","hentry"],"yoast_head":"<!-- This site is optimized with the Yoast SEO plugin v23.2 - https:\/\/yoast.com\/wordpress\/plugins\/seo\/ -->\n<title>Apartmani u Alanji -<\/title>\n<meta name=\"description\" content=\"Mi smo agent za nekretnine kojem vjerujete i je kompanija specijalizovana za prodaju apartmani u Alanji i na Turskoj rivijeri.\" \/>\n<meta name=\"robots\" content=\"index, follow, max-snippet:-1, max-image-preview:large, max-video-preview:-1\" \/>\n<link rel=\"canonical\" href=\"https:\/\/www.newlifeturkey.com\/bs\/apartmani-u-alanji\/\" \/>\n<meta property=\"og:locale\" content=\"bs_BA\" \/>\n<meta property=\"og:type\" content=\"article\" \/>\n<meta property=\"og:title\" content=\"Apartmani u Alanji -\" \/>\n<meta property=\"og:description\" content=\"Mi smo agent za nekretnine kojem vjerujete i je kompanija specijalizovana za prodaju apartmani u Alanji i na Turskoj rivijeri.\" \/>\n<meta property=\"og:url\" content=\"https:\/\/www.newlifeturkey.com\/bs\/apartmani-u-alanji\/\" \/>\n<meta property=\"og:site_name\" content=\"Properties in Alanya Turkey\" \/>\n<meta property=\"article:publisher\" content=\"https:\/\/www.facebook.com\/newlifeturkeyinalanya\/\" \/>\n<meta property=\"article:modified_time\" content=\"2023-04-14T11:56:38+00:00\" \/>\n<meta name=\"twitter:card\" content=\"summary_large_image\" \/>\n<meta name=\"twitter:site\" content=\"@NewLifeAlanya\" \/>\n<meta name=\"twitter:label1\" content=\"Est. reading time\" \/>\n\t<meta name=\"twitter:data1\" content=\"2 minute\" \/>\n<script type=\"application\/ld+json\" class=\"yoast-schema-graph\">{\"@context\":\"https:\/\/schema.org\",\"@graph\":[{\"@type\":\"WebPage\",\"@id\":\"https:\/\/www.newlifeturkey.com\/bs\/apartmani-u-alanji\/\",\"url\":\"https:\/\/www.newlifeturkey.com\/bs\/apartmani-u-alanji\/\",\"name\":\"Apartmani u Alanji -\",\"isPartOf\":{\"@id\":\"https:\/\/www.newlifeturkey.com\/bs\/#website\"},\"datePublished\":\"2017-06-12T04:28:22+00:00\",\"dateModified\":\"2023-04-14T11:56:38+00:00\",\"description\":\"Mi smo agent za nekretnine kojem vjerujete i je kompanija specijalizovana za prodaju apartmani u Alanji i na Turskoj rivijeri.\",\"breadcrumb\":{\"@id\":\"https:\/\/www.newlifeturkey.com\/bs\/apartmani-u-alanji\/#breadcrumb\"},\"inLanguage\":\"bs-BA\",\"potentialAction\":[{\"@type\":\"ReadAction\",\"target\":[\"https:\/\/www.newlifeturkey.com\/bs\/apartmani-u-alanji\/\"]}]},{\"@type\":\"BreadcrumbList\",\"@id\":\"https:\/\/www.newlifeturkey.com\/bs\/apartmani-u-alanji\/#breadcrumb\",\"itemListElement\":[{\"@type\":\"ListItem\",\"position\":1,\"name\":\"Home\",\"item\":\"https:\/\/www.newlifeturkey.com\/bs\/\"},{\"@type\":\"ListItem\",\"position\":2,\"name\":\"Apartmani u Alanji\"}]},{\"@type\":\"WebSite\",\"@id\":\"https:\/\/www.newlifeturkey.com\/bs\/#website\",\"url\":\"https:\/\/www.newlifeturkey.com\/bs\/\",\"name\":\"Properties in Alanya Turkey\",\"description\":\"New Life Turkey\",\"potentialAction\":[{\"@type\":\"SearchAction\",\"target\":{\"@type\":\"EntryPoint\",\"urlTemplate\":\"https:\/\/www.newlifeturkey.com\/bs\/?s={search_term_string}\"},\"query-input\":\"required name=search_term_string\"}],\"inLanguage\":\"bs-BA\"}]}<\/script>\n<!-- \/ Yoast SEO plugin. -->","yoast_head_json":{"title":"Apartmani u Alanji -","description":"Mi smo agent za nekretnine kojem vjerujete i je kompanija specijalizovana za prodaju apartmani u Alanji i na Turskoj rivijeri.","robots":{"index":"index","follow":"follow","max-snippet":"max-snippet:-1","max-image-preview":"max-image-preview:large","max-video-preview":"max-video-preview:-1"},"canonical":"https:\/\/www.newlifeturkey.com\/bs\/apartmani-u-alanji\/","og_locale":"bs_BA","og_type":"article","og_title":"Apartmani u Alanji -","og_description":"Mi smo agent za nekretnine kojem vjerujete i je kompanija specijalizovana za prodaju apartmani u Alanji i na Turskoj rivijeri.","og_url":"https:\/\/www.newlifeturkey.com\/bs\/apartmani-u-alanji\/","og_site_name":"Properties in Alanya Turkey","article_publisher":"https:\/\/www.facebook.com\/newlifeturkeyinalanya\/","article_modified_time":"2023-04-14T11:56:38+00:00","twitter_card":"summary_large_image","twitter_site":"@NewLifeAlanya","twitter_misc":{"Est. reading time":"2 minute"},"schema":{"@context":"https:\/\/schema.org","@graph":[{"@type":"WebPage","@id":"https:\/\/www.newlifeturkey.com\/bs\/apartmani-u-alanji\/","url":"https:\/\/www.newlifeturkey.com\/bs\/apartmani-u-alanji\/","name":"Apartmani u Alanji -","isPartOf":{"@id":"https:\/\/www.newlifeturkey.com\/bs\/#website"},"datePublished":"2017-06-12T04:28:22+00:00","dateModified":"2023-04-14T11:56:38+00:00","description":"Mi smo agent za nekretnine kojem vjerujete i je kompanija specijalizovana za prodaju apartmani u Alanji i na Turskoj rivijeri.","breadcrumb":{"@id":"https:\/\/www.newlifeturkey.com\/bs\/apartmani-u-alanji\/#breadcrumb"},"inLanguage":"bs-BA","potentialAction":[{"@type":"ReadAction","target":["https:\/\/www.newlifeturkey.com\/bs\/apartmani-u-alanji\/"]}]},{"@type":"BreadcrumbList","@id":"https:\/\/www.newlifeturkey.com\/bs\/apartmani-u-alanji\/#breadcrumb","itemListElement":[{"@type":"ListItem","position":1,"name":"Home","item":"https:\/\/www.newlifeturkey.com\/bs\/"},{"@type":"ListItem","position":2,"name":"Apartmani u Alanji"}]},{"@type":"WebSite","@id":"https:\/\/www.newlifeturkey.com\/bs\/#website","url":"https:\/\/www.newlifeturkey.com\/bs\/","name":"Properties in Alanya Turkey","description":"New Life Turkey","potentialAction":[{"@type":"SearchAction","target":{"@type":"EntryPoint","urlTemplate":"https:\/\/www.newlifeturkey.com\/bs\/?s={search_term_string}"},"query-input":"required name=search_term_string"}],"inLanguage":"bs-BA"}]}},"_links":{"self":[{"href":"https:\/\/www.newlifeturkey.com\/bs\/wp-json\/wp\/v2\/pages\/45895","targetHints":{"allow":["GET"]}}],"collection":[{"href":"https:\/\/www.newlifeturkey.com\/bs\/wp-json\/wp\/v2\/pages"}],"about":[{"href":"https:\/\/www.newlifeturkey.com\/bs\/wp-json\/wp\/v2\/types\/page"}],"author":[{"embeddable":true,"href":"https:\/\/www.newlifeturkey.com\/bs\/wp-json\/wp\/v2\/users\/1"}],"replies":[{"embeddable":true,"href":"https:\/\/www.newlifeturkey.com\/bs\/wp-json\/wp\/v2\/comments?post=45895"}],"version-history":[{"count":3,"href":"https:\/\/www.newlifeturkey.com\/bs\/wp-json\/wp\/v2\/pages\/45895\/revisions"}],"predecessor-version":[{"id":62138,"href":"https:\/\/www.newlifeturkey.com\/bs\/wp-json\/wp\/v2\/pages\/45895\/revisions\/62138"}],"wp:attachment":[{"href":"https:\/\/www.newlifeturkey.com\/bs\/wp-json\/wp\/v2\/media?parent=45895"}],"curies":[{"name":"wp","href":"https:\/\/api.w.org\/{rel}","templated":true}]}}