{"id":62168,"date":"2018-01-18T09:35:42","date_gmt":"2018-01-18T09:35:42","guid":{"rendered":"https:\/\/www.newlifeturkey.com\/houses-and-villas-in-alanya\/"},"modified":"2023-04-14T19:10:09","modified_gmt":"2023-04-14T19:10:09","slug":"kuce-vile-u-alanji","status":"publish","type":"page","link":"https:\/\/www.newlifeturkey.com\/bs\/kuce-vile-u-alanji\/","title":{"rendered":"Ku\u0107e Vile u Alanji"},"content":{"rendered":"<h3 style=\"text-align: justify;\">Ku\u0107e Vile u Alanji<\/h3>\n<p style=\"text-align: justify;\">Tra\u017eite li vilu ili ku\u0107u iz snova na Turskoj rivijeri? Imamo najbolje vile u <a href=\"https:\/\/www.newlifeturkey.com\/bs\/turska\/alanja\/\">Alanji<\/a>. Onda pogledajte okolo sa nama. Kod nas \u0107ete prona\u0107i vrlo posebne ponude. Vile i Ku\u0107e u Alanji sa pogledom na more i privatnim bazenom i luksuznom opremom ili ku\u0107e i vile iz 2. ruke. Bez obzira \u0161to tra\u017eite, mi \u0107emo vam pomo\u0107i da prona\u0111ete pravu nekretninu na pravoj lokaciji.<\/p>\n<h4 style=\"text-align: justify;\">Za\u0161to biste trebali odabrati vilu u Alanji<\/h4>\n<p style=\"text-align: justify;\">Ne samo blaga klima u zimskim mjesecima, ve\u0107 i ljetni mjeseci idealno su pogodni za bijeg od sive svakodnevice i ki\u0161nih dana u domu, pa su se mnogi na\u0161i kupci ve\u0107 odlu\u010dili za Ku\u0107e u Alanji.<\/p>\n<h4 style=\"text-align: justify;\">\u017divjeti tamo gdje drugi odlaze na odmor<\/h4>\n<p style=\"text-align: justify;\">Atraktivne cijene nekretnina i niski tro\u0161kovi \u017eivota privla\u010de sve vi\u0161e stanovnika i penzionera na Tursku rivijeru. Sve vi\u0161e turista odlu\u010duje da svoje slobodne dane provede u vlastitom apartmanu ili vili u Alanji. Vile i Ku\u0107e u Alanji sa pogledom na more; Nudimo Vam bilo koju nekretninu u Alanji. Na\u0161a kompanija je specijalizovana za prodaju stanova u Alanji na Turskoj rivijeri. Ali samo mi nudimo nekretnine u Alanji, imamo velike mogu\u0107nosti ulaganja u Istanbulu i na Kipru.<\/p>\n<h4 style=\"text-align: justify;\">New Life Real Estate Vam nudi savr\u0161enu ku\u0107u u Alanji<\/h4>\n<p style=\"text-align: justify;\">Kod nas \u0107ete prona\u0107i pouzdanog partnera sa dugogodi\u0161njim iskustvom na tr\u017ei\u0161tu nekretnina u Alanji. Mi smo dinami\u010dna kompanija i nudimo Vam upravo ono \u0161to tra\u017eite. Tra\u017eite stan ili vilu?<br \/>\nImamo pravu ponudu za svaki ukus i bud\u017eet. Uvjerite se sami! Posjetite na\u0161u stranicu <a href=\"https:\/\/wa.link\/liay6l\">pozovite nas direktno<\/a>.<\/p>\n","protected":false},"excerpt":{"rendered":"<p>Ku\u0107e Vile u Alanji Tra\u017eite li vilu ili ku\u0107u iz snova na Turskoj rivijeri? Imamo najbolje vile u Alanji. Onda pogledajte okolo sa nama. Kod nas \u0107ete prona\u0107i vrlo posebne ponude. Vile i Ku\u0107e u Alanji sa pogledom na more i privatnim bazenom i luksuznom opremom ili ku\u0107e i vile iz 2. ruke. Bez obzira \u0161to tra\u017eite, mi \u0107emo vam pomo\u0107i da prona\u0111ete pravu &#8230;<\/p>\n","protected":false},"author":3,"featured_media":0,"parent":0,"menu_order":0,"comment_status":"closed","ping_status":"closed","template":"property_list.php","meta":{"footnotes":""},"class_list":["post-62168","page","type-page","status-publish","hentry"],"yoast_head":"<!-- This site is optimized with the Yoast SEO plugin v23.2 - https:\/\/yoast.com\/wordpress\/plugins\/seo\/ -->\n<title>Vile u Alanji Nekretnine u Alanji Turska<\/title>\n<meta name=\"description\" content=\"Tra\u017eite li vilu ili ku\u0107u iz snova na Turskoj rivijeri? Imamo najbolje vile u Alanji. Ku\u0107e u Alanji, vile u Alanji sa pogledom na more\" \/>\n<meta name=\"robots\" content=\"index, follow, max-snippet:-1, max-image-preview:large, max-video-preview:-1\" \/>\n<link rel=\"canonical\" href=\"https:\/\/www.newlifeturkey.com\/bs\/kuce-vile-u-alanji\/\" \/>\n<meta property=\"og:locale\" content=\"bs_BA\" \/>\n<meta property=\"og:type\" content=\"article\" \/>\n<meta property=\"og:title\" content=\"Vile u Alanji Nekretnine u Alanji Turska\" \/>\n<meta property=\"og:description\" content=\"Tra\u017eite li vilu ili ku\u0107u iz snova na Turskoj rivijeri? Imamo najbolje vile u Alanji. Ku\u0107e u Alanji, vile u Alanji sa pogledom na more\" \/>\n<meta property=\"og:url\" content=\"https:\/\/www.newlifeturkey.com\/bs\/kuce-vile-u-alanji\/\" \/>\n<meta property=\"og:site_name\" content=\"Properties in Alanya Turkey\" \/>\n<meta property=\"article:publisher\" content=\"https:\/\/www.facebook.com\/newlifeturkeyinalanya\/\" \/>\n<meta property=\"article:modified_time\" content=\"2023-04-14T19:10:09+00:00\" \/>\n<meta name=\"twitter:card\" content=\"summary_large_image\" \/>\n<meta name=\"twitter:site\" content=\"@NewLifeAlanya\" \/>\n<meta name=\"twitter:label1\" content=\"Est. reading time\" \/>\n\t<meta name=\"twitter:data1\" content=\"2 minute\" \/>\n<script type=\"application\/ld+json\" class=\"yoast-schema-graph\">{\"@context\":\"https:\/\/schema.org\",\"@graph\":[{\"@type\":\"WebPage\",\"@id\":\"https:\/\/www.newlifeturkey.com\/bs\/kuce-vile-u-alanji\/\",\"url\":\"https:\/\/www.newlifeturkey.com\/bs\/kuce-vile-u-alanji\/\",\"name\":\"Vile u Alanji Nekretnine u Alanji Turska\",\"isPartOf\":{\"@id\":\"https:\/\/www.newlifeturkey.com\/bs\/#website\"},\"datePublished\":\"2018-01-18T09:35:42+00:00\",\"dateModified\":\"2023-04-14T19:10:09+00:00\",\"description\":\"Tra\u017eite li vilu ili ku\u0107u iz snova na Turskoj rivijeri? Imamo najbolje vile u Alanji. Ku\u0107e u Alanji, vile u Alanji sa pogledom na more\",\"breadcrumb\":{\"@id\":\"https:\/\/www.newlifeturkey.com\/bs\/kuce-vile-u-alanji\/#breadcrumb\"},\"inLanguage\":\"bs-BA\",\"potentialAction\":[{\"@type\":\"ReadAction\",\"target\":[\"https:\/\/www.newlifeturkey.com\/bs\/kuce-vile-u-alanji\/\"]}]},{\"@type\":\"BreadcrumbList\",\"@id\":\"https:\/\/www.newlifeturkey.com\/bs\/kuce-vile-u-alanji\/#breadcrumb\",\"itemListElement\":[{\"@type\":\"ListItem\",\"position\":1,\"name\":\"Home\",\"item\":\"https:\/\/www.newlifeturkey.com\/bs\/\"},{\"@type\":\"ListItem\",\"position\":2,\"name\":\"Ku\u0107e Vile u Alanji\"}]},{\"@type\":\"WebSite\",\"@id\":\"https:\/\/www.newlifeturkey.com\/bs\/#website\",\"url\":\"https:\/\/www.newlifeturkey.com\/bs\/\",\"name\":\"Properties in Alanya Turkey\",\"description\":\"New Life Turkey\",\"potentialAction\":[{\"@type\":\"SearchAction\",\"target\":{\"@type\":\"EntryPoint\",\"urlTemplate\":\"https:\/\/www.newlifeturkey.com\/bs\/?s={search_term_string}\"},\"query-input\":\"required name=search_term_string\"}],\"inLanguage\":\"bs-BA\"}]}<\/script>\n<!-- \/ Yoast SEO plugin. -->","yoast_head_json":{"title":"Vile u Alanji Nekretnine u Alanji Turska","description":"Tra\u017eite li vilu ili ku\u0107u iz snova na Turskoj rivijeri? Imamo najbolje vile u Alanji. Ku\u0107e u Alanji, vile u Alanji sa pogledom na more","robots":{"index":"index","follow":"follow","max-snippet":"max-snippet:-1","max-image-preview":"max-image-preview:large","max-video-preview":"max-video-preview:-1"},"canonical":"https:\/\/www.newlifeturkey.com\/bs\/kuce-vile-u-alanji\/","og_locale":"bs_BA","og_type":"article","og_title":"Vile u Alanji Nekretnine u Alanji Turska","og_description":"Tra\u017eite li vilu ili ku\u0107u iz snova na Turskoj rivijeri? Imamo najbolje vile u Alanji. Ku\u0107e u Alanji, vile u Alanji sa pogledom na more","og_url":"https:\/\/www.newlifeturkey.com\/bs\/kuce-vile-u-alanji\/","og_site_name":"Properties in Alanya Turkey","article_publisher":"https:\/\/www.facebook.com\/newlifeturkeyinalanya\/","article_modified_time":"2023-04-14T19:10:09+00:00","twitter_card":"summary_large_image","twitter_site":"@NewLifeAlanya","twitter_misc":{"Est. reading time":"2 minute"},"schema":{"@context":"https:\/\/schema.org","@graph":[{"@type":"WebPage","@id":"https:\/\/www.newlifeturkey.com\/bs\/kuce-vile-u-alanji\/","url":"https:\/\/www.newlifeturkey.com\/bs\/kuce-vile-u-alanji\/","name":"Vile u Alanji Nekretnine u Alanji Turska","isPartOf":{"@id":"https:\/\/www.newlifeturkey.com\/bs\/#website"},"datePublished":"2018-01-18T09:35:42+00:00","dateModified":"2023-04-14T19:10:09+00:00","description":"Tra\u017eite li vilu ili ku\u0107u iz snova na Turskoj rivijeri? Imamo najbolje vile u Alanji. Ku\u0107e u Alanji, vile u Alanji sa pogledom na more","breadcrumb":{"@id":"https:\/\/www.newlifeturkey.com\/bs\/kuce-vile-u-alanji\/#breadcrumb"},"inLanguage":"bs-BA","potentialAction":[{"@type":"ReadAction","target":["https:\/\/www.newlifeturkey.com\/bs\/kuce-vile-u-alanji\/"]}]},{"@type":"BreadcrumbList","@id":"https:\/\/www.newlifeturkey.com\/bs\/kuce-vile-u-alanji\/#breadcrumb","itemListElement":[{"@type":"ListItem","position":1,"name":"Home","item":"https:\/\/www.newlifeturkey.com\/bs\/"},{"@type":"ListItem","position":2,"name":"Ku\u0107e Vile u Alanji"}]},{"@type":"WebSite","@id":"https:\/\/www.newlifeturkey.com\/bs\/#website","url":"https:\/\/www.newlifeturkey.com\/bs\/","name":"Properties in Alanya Turkey","description":"New Life Turkey","potentialAction":[{"@type":"SearchAction","target":{"@type":"EntryPoint","urlTemplate":"https:\/\/www.newlifeturkey.com\/bs\/?s={search_term_string}"},"query-input":"required name=search_term_string"}],"inLanguage":"bs-BA"}]}},"_links":{"self":[{"href":"https:\/\/www.newlifeturkey.com\/bs\/wp-json\/wp\/v2\/pages\/62168","targetHints":{"allow":["GET"]}}],"collection":[{"href":"https:\/\/www.newlifeturkey.com\/bs\/wp-json\/wp\/v2\/pages"}],"about":[{"href":"https:\/\/www.newlifeturkey.com\/bs\/wp-json\/wp\/v2\/types\/page"}],"author":[{"embeddable":true,"href":"https:\/\/www.newlifeturkey.com\/bs\/wp-json\/wp\/v2\/users\/3"}],"replies":[{"embeddable":true,"href":"https:\/\/www.newlifeturkey.com\/bs\/wp-json\/wp\/v2\/comments?post=62168"}],"version-history":[{"count":2,"href":"https:\/\/www.newlifeturkey.com\/bs\/wp-json\/wp\/v2\/pages\/62168\/revisions"}],"predecessor-version":[{"id":62174,"href":"https:\/\/www.newlifeturkey.com\/bs\/wp-json\/wp\/v2\/pages\/62168\/revisions\/62174"}],"wp:attachment":[{"href":"https:\/\/www.newlifeturkey.com\/bs\/wp-json\/wp\/v2\/media?parent=62168"}],"curies":[{"name":"wp","href":"https:\/\/api.w.org\/{rel}","templated":true}]}}