{"id":62755,"date":"2023-04-23T10:17:03","date_gmt":"2023-04-23T10:17:03","guid":{"rendered":"https:\/\/www.newlifeturkey.com\/?page_id=62755"},"modified":"2023-04-24T09:45:16","modified_gmt":"2023-04-24T09:45:16","slug":"alanja-centar-grada","status":"publish","type":"page","link":"https:\/\/www.newlifeturkey.com\/bs\/alanja-centar-grada\/","title":{"rendered":"Alanja, centar grada"},"content":{"rendered":"<h4>Alanja, centar grada<\/h4>\n<p style=\"text-align: justify;\">Alanja centar grada je turisti\u010dki okrug u pokrajini Antalya u turskoj mediteranskoj regiji. Njegova udaljenost od Antalije je 154 kilometra. Smje\u0161tena na ju\u017enoj obali Turske, Alanya ima povr\u0161inu od 1.598,51 km\u00b2. Stanovni\u0161tvo Alanije centra grada raste iz dana u dan. Osamdesetih godina pro\u0161log vijeka, okrug u kojem je \u017eivjelo 30.000 ljudi se pove\u0107ao kao rezultat doma\u0107ih i me\u0111unarodnih migracija. Broj stanovnika okruga je 364.180 prema sistemu registracije stanovni\u0161tva iz 2022. godine. U gradu, koji je miljenik evropskih gra\u0111ana, 23.000 Evropljana, od kojih su ve\u0107ina stariji i penzioneri, \u017eivi u Alanji, City Center od posjeda imovine.<\/p>\n<p style=\"text-align: justify;\">Alanya, koja je do prije 20-ak godina bila mali gradi\u0107 sa malo stanovnika, posljednjih godina je dobila va\u017enu poziciju u turisti\u010dkom smislu. U regionu se uo\u010davaju karakteristike mediteranske klime. Zimi je toplo, a leti toplo. \u0160to se ti\u010de turizma, u Turskoj ima u\u010de\u0161\u0107e od devet posto, dok u kupovini nekretnina od strane stranaca u Turskoj ima trideset posto. Turizam, posebno nakon 1958. godine, po\u010dinje da se razvija i postaje najefikasnija poslovna linija u okrugu. To je izazvalo porast stanovni\u0161tva u regionu. Zahvaljuju\u0107i toploj klimi, pogodan je za mnoge sportske i kulturne aktivnosti. Prona\u0111ite na\u0161e ponude <a href=\"https:\/\/www.newlifeturkey.com\/bs\/nekretnine-u-turskoj\/\">nekretnina<\/a> u Alanji ovdje ili <a href=\"https:\/\/wa.link\/liay6l\">nas pozovite direktno<\/a>.<\/p>\n","protected":false},"excerpt":{"rendered":"<p>Alanja, centar grada Alanja centar grada je turisti\u010dki okrug u pokrajini Antalya u turskoj mediteranskoj regiji. Njegova udaljenost od Antalije je 154 kilometra. Smje\u0161tena na ju\u017enoj obali Turske, Alanya ima povr\u0161inu od 1.598,51 km\u00b2. Stanovni\u0161tvo Alanije centra grada raste iz dana u dan. Osamdesetih godina pro\u0161log vijeka, okrug u kojem je \u017eivjelo 30.000 ljudi se pove\u0107ao kao rezultat doma\u0107ih i me\u0111unarodnih migracija. Broj stanovnika &#8230;<\/p>\n","protected":false},"author":3,"featured_media":0,"parent":0,"menu_order":0,"comment_status":"closed","ping_status":"closed","template":"property_list.php","meta":{"footnotes":""},"class_list":["post-62755","page","type-page","status-publish","hentry"],"yoast_head":"<!-- This site is optimized with the Yoast SEO plugin v23.2 - https:\/\/yoast.com\/wordpress\/plugins\/seo\/ -->\n<title>Alanja centar grada | Nekretnine u Alanya Turska<\/title>\n<meta name=\"description\" content=\"Alanja centar grada je turisti\u010dki okrug u pokrajini Antalya u turskoj mediteranskoj regiji. Njegova udaljenost od Antalije je 154 kilometra.\" \/>\n<meta name=\"robots\" content=\"index, follow, max-snippet:-1, max-image-preview:large, max-video-preview:-1\" \/>\n<link rel=\"canonical\" href=\"https:\/\/www.newlifeturkey.com\/bs\/alanja-centar-grada\/\" \/>\n<meta property=\"og:locale\" content=\"bs_BA\" \/>\n<meta property=\"og:type\" content=\"article\" \/>\n<meta property=\"og:title\" content=\"Alanja centar grada | Nekretnine u Alanya Turska\" \/>\n<meta property=\"og:description\" content=\"Alanja centar grada je turisti\u010dki okrug u pokrajini Antalya u turskoj mediteranskoj regiji. Njegova udaljenost od Antalije je 154 kilometra.\" \/>\n<meta property=\"og:url\" content=\"https:\/\/www.newlifeturkey.com\/bs\/alanja-centar-grada\/\" \/>\n<meta property=\"og:site_name\" content=\"Properties in Alanya Turkey\" \/>\n<meta property=\"article:publisher\" content=\"https:\/\/www.facebook.com\/newlifeturkeyinalanya\/\" \/>\n<meta property=\"article:modified_time\" content=\"2023-04-24T09:45:16+00:00\" \/>\n<meta name=\"twitter:card\" content=\"summary_large_image\" \/>\n<meta name=\"twitter:site\" content=\"@NewLifeAlanya\" \/>\n<meta name=\"twitter:label1\" content=\"Est. reading time\" \/>\n\t<meta name=\"twitter:data1\" content=\"1 minuta\" \/>\n<script type=\"application\/ld+json\" class=\"yoast-schema-graph\">{\"@context\":\"https:\/\/schema.org\",\"@graph\":[{\"@type\":\"WebPage\",\"@id\":\"https:\/\/www.newlifeturkey.com\/bs\/alanja-centar-grada\/\",\"url\":\"https:\/\/www.newlifeturkey.com\/bs\/alanja-centar-grada\/\",\"name\":\"Alanja centar grada | Nekretnine u Alanya Turska\",\"isPartOf\":{\"@id\":\"https:\/\/www.newlifeturkey.com\/bs\/#website\"},\"datePublished\":\"2023-04-23T10:17:03+00:00\",\"dateModified\":\"2023-04-24T09:45:16+00:00\",\"description\":\"Alanja centar grada je turisti\u010dki okrug u pokrajini Antalya u turskoj mediteranskoj regiji. Njegova udaljenost od Antalije je 154 kilometra.\",\"breadcrumb\":{\"@id\":\"https:\/\/www.newlifeturkey.com\/bs\/alanja-centar-grada\/#breadcrumb\"},\"inLanguage\":\"bs-BA\",\"potentialAction\":[{\"@type\":\"ReadAction\",\"target\":[\"https:\/\/www.newlifeturkey.com\/bs\/alanja-centar-grada\/\"]}]},{\"@type\":\"BreadcrumbList\",\"@id\":\"https:\/\/www.newlifeturkey.com\/bs\/alanja-centar-grada\/#breadcrumb\",\"itemListElement\":[{\"@type\":\"ListItem\",\"position\":1,\"name\":\"Home\",\"item\":\"https:\/\/www.newlifeturkey.com\/bs\/\"},{\"@type\":\"ListItem\",\"position\":2,\"name\":\"Alanja, centar grada\"}]},{\"@type\":\"WebSite\",\"@id\":\"https:\/\/www.newlifeturkey.com\/bs\/#website\",\"url\":\"https:\/\/www.newlifeturkey.com\/bs\/\",\"name\":\"Properties in Alanya Turkey\",\"description\":\"New Life Turkey\",\"potentialAction\":[{\"@type\":\"SearchAction\",\"target\":{\"@type\":\"EntryPoint\",\"urlTemplate\":\"https:\/\/www.newlifeturkey.com\/bs\/?s={search_term_string}\"},\"query-input\":\"required name=search_term_string\"}],\"inLanguage\":\"bs-BA\"}]}<\/script>\n<!-- \/ Yoast SEO plugin. -->","yoast_head_json":{"title":"Alanja centar grada | Nekretnine u Alanya Turska","description":"Alanja centar grada je turisti\u010dki okrug u pokrajini Antalya u turskoj mediteranskoj regiji. Njegova udaljenost od Antalije je 154 kilometra.","robots":{"index":"index","follow":"follow","max-snippet":"max-snippet:-1","max-image-preview":"max-image-preview:large","max-video-preview":"max-video-preview:-1"},"canonical":"https:\/\/www.newlifeturkey.com\/bs\/alanja-centar-grada\/","og_locale":"bs_BA","og_type":"article","og_title":"Alanja centar grada | Nekretnine u Alanya Turska","og_description":"Alanja centar grada je turisti\u010dki okrug u pokrajini Antalya u turskoj mediteranskoj regiji. Njegova udaljenost od Antalije je 154 kilometra.","og_url":"https:\/\/www.newlifeturkey.com\/bs\/alanja-centar-grada\/","og_site_name":"Properties in Alanya Turkey","article_publisher":"https:\/\/www.facebook.com\/newlifeturkeyinalanya\/","article_modified_time":"2023-04-24T09:45:16+00:00","twitter_card":"summary_large_image","twitter_site":"@NewLifeAlanya","twitter_misc":{"Est. reading time":"1 minuta"},"schema":{"@context":"https:\/\/schema.org","@graph":[{"@type":"WebPage","@id":"https:\/\/www.newlifeturkey.com\/bs\/alanja-centar-grada\/","url":"https:\/\/www.newlifeturkey.com\/bs\/alanja-centar-grada\/","name":"Alanja centar grada | Nekretnine u Alanya Turska","isPartOf":{"@id":"https:\/\/www.newlifeturkey.com\/bs\/#website"},"datePublished":"2023-04-23T10:17:03+00:00","dateModified":"2023-04-24T09:45:16+00:00","description":"Alanja centar grada je turisti\u010dki okrug u pokrajini Antalya u turskoj mediteranskoj regiji. Njegova udaljenost od Antalije je 154 kilometra.","breadcrumb":{"@id":"https:\/\/www.newlifeturkey.com\/bs\/alanja-centar-grada\/#breadcrumb"},"inLanguage":"bs-BA","potentialAction":[{"@type":"ReadAction","target":["https:\/\/www.newlifeturkey.com\/bs\/alanja-centar-grada\/"]}]},{"@type":"BreadcrumbList","@id":"https:\/\/www.newlifeturkey.com\/bs\/alanja-centar-grada\/#breadcrumb","itemListElement":[{"@type":"ListItem","position":1,"name":"Home","item":"https:\/\/www.newlifeturkey.com\/bs\/"},{"@type":"ListItem","position":2,"name":"Alanja, centar grada"}]},{"@type":"WebSite","@id":"https:\/\/www.newlifeturkey.com\/bs\/#website","url":"https:\/\/www.newlifeturkey.com\/bs\/","name":"Properties in Alanya Turkey","description":"New Life Turkey","potentialAction":[{"@type":"SearchAction","target":{"@type":"EntryPoint","urlTemplate":"https:\/\/www.newlifeturkey.com\/bs\/?s={search_term_string}"},"query-input":"required name=search_term_string"}],"inLanguage":"bs-BA"}]}},"_links":{"self":[{"href":"https:\/\/www.newlifeturkey.com\/bs\/wp-json\/wp\/v2\/pages\/62755","targetHints":{"allow":["GET"]}}],"collection":[{"href":"https:\/\/www.newlifeturkey.com\/bs\/wp-json\/wp\/v2\/pages"}],"about":[{"href":"https:\/\/www.newlifeturkey.com\/bs\/wp-json\/wp\/v2\/types\/page"}],"author":[{"embeddable":true,"href":"https:\/\/www.newlifeturkey.com\/bs\/wp-json\/wp\/v2\/users\/3"}],"replies":[{"embeddable":true,"href":"https:\/\/www.newlifeturkey.com\/bs\/wp-json\/wp\/v2\/comments?post=62755"}],"version-history":[{"count":1,"href":"https:\/\/www.newlifeturkey.com\/bs\/wp-json\/wp\/v2\/pages\/62755\/revisions"}],"predecessor-version":[{"id":62756,"href":"https:\/\/www.newlifeturkey.com\/bs\/wp-json\/wp\/v2\/pages\/62755\/revisions\/62756"}],"wp:attachment":[{"href":"https:\/\/www.newlifeturkey.com\/bs\/wp-json\/wp\/v2\/media?parent=62755"}],"curies":[{"name":"wp","href":"https:\/\/api.w.org\/{rel}","templated":true}]}}