{"id":62757,"date":"2023-04-23T10:29:40","date_gmt":"2023-04-23T10:29:40","guid":{"rendered":"https:\/\/www.newlifeturkey.com\/?page_id=62757"},"modified":"2023-04-24T10:49:50","modified_gmt":"2023-04-24T10:49:50","slug":"alanja-demirtas","status":"publish","type":"page","link":"https:\/\/www.newlifeturkey.com\/bs\/alanja-demirtas\/","title":{"rendered":"Alanja, Demirtas"},"content":{"rendered":"<h4>Alanja, Demirtas<\/h4>\n<p style=\"text-align: justify;\">Alanja Demirtas je naselje u okrugu Alanya u provinciji Antalya. Nalazi se 25 km od Alanje. Demirtasovo staro ime je Sedre. Ime Sedre dolazi od tvr\u0111ave Syedra. Tvr\u0111ava Syedra koju mo\u017eete posjetiti i danas. Otvorena je za posjetu za sve i vrijedi probati. Pogled sa tog istorijskog mesta oduzima dah. Pje\u0161\u010dane pla\u017ee su u blizini i do njih se mo\u017ee lako do\u0107i pje\u0161ice. Lokalni bazar otvoren je jednom tjedno gdje mo\u017eete kupiti svje\u017ee vo\u0107e i povr\u0107e. Demirtas je odli\u010dan izbor za sve koji tra\u017ee miran \u017eivot na Sredozemnom moru. Demirta\u0161 je lokalitet koji treba uzeti u obzir prilikom kupovine nekretnine.<\/p>\n<p style=\"text-align: justify;\">Posljednjih godina postao je jedno od rastu\u0107ih podru\u010dja u Alanji. To je mirno podru\u010dje sa malim centrom, ali omiljeno ne samo od strane lokalnog stanovni\u0161tva, ve\u0107 i od strane stanovnika \u0161irom Evrope. Sljede\u0107i ve\u0107i grad je Alanja Mahmutlar. Alanya, Demirtas je povezan s lokalnim autobusima tako da mo\u017eete lako do\u0107i do Mahmutlara ili centra Alanje. Sljede\u0107i aerodrom je Alanya-Gazipasa, udaljen samo 15 minuta od Alanije, Demirtas. Ako preferirate mirno podru\u010dje sa prirodnim okru\u017eenjem onda je Demirta\u0161 pravo podru\u010dje za vas. Pla\u017ee su ovdje jo\u0161 uvijek netaknute i otvorene za sve. Prona\u0111ite na\u0161e ponude <a href=\"https:\/\/www.newlifeturkey.com\/bs\/nekretnine-u-turskoj\/\">nekretnina<\/a> u Alanji ovdje ili <a href=\"https:\/\/wa.link\/liay6l\">nas pozovite direktno.<\/a><\/p>\n","protected":false},"excerpt":{"rendered":"<p>Alanja, Demirtas Alanja Demirtas je naselje u okrugu Alanya u provinciji Antalya. Nalazi se 25 km od Alanje. Demirtasovo staro ime je Sedre. Ime Sedre dolazi od tvr\u0111ave Syedra. Tvr\u0111ava Syedra koju mo\u017eete posjetiti i danas. Otvorena je za posjetu za sve i vrijedi probati. Pogled sa tog istorijskog mesta oduzima dah. Pje\u0161\u010dane pla\u017ee su u blizini i do njih se mo\u017ee lako do\u0107i &#8230;<\/p>\n","protected":false},"author":3,"featured_media":0,"parent":0,"menu_order":0,"comment_status":"closed","ping_status":"closed","template":"property_list.php","meta":{"footnotes":""},"class_list":["post-62757","page","type-page","status-publish","hentry"],"yoast_head":"<!-- This site is optimized with the Yoast SEO plugin v23.2 - https:\/\/yoast.com\/wordpress\/plugins\/seo\/ -->\n<title>Alanja Demirtas | Nekretnine u Alanya Turska<\/title>\n<meta name=\"description\" content=\"Alanja Demirtas je naselje u okrugu. Nalazi se 25 km od Alanje. Demirtasovo staro ime je Sedre. Ime Sedre dolazi od tvr\u0111ave Syedra.\" \/>\n<meta name=\"robots\" content=\"index, follow, max-snippet:-1, max-image-preview:large, max-video-preview:-1\" \/>\n<link rel=\"canonical\" href=\"https:\/\/www.newlifeturkey.com\/bs\/alanja-demirtas\/\" \/>\n<meta property=\"og:locale\" content=\"bs_BA\" \/>\n<meta property=\"og:type\" content=\"article\" \/>\n<meta property=\"og:title\" content=\"Alanja Demirtas | Nekretnine u Alanya Turska\" \/>\n<meta property=\"og:description\" content=\"Alanja Demirtas je naselje u okrugu. Nalazi se 25 km od Alanje. Demirtasovo staro ime je Sedre. Ime Sedre dolazi od tvr\u0111ave Syedra.\" \/>\n<meta property=\"og:url\" content=\"https:\/\/www.newlifeturkey.com\/bs\/alanja-demirtas\/\" \/>\n<meta property=\"og:site_name\" content=\"Properties in Alanya Turkey\" \/>\n<meta property=\"article:publisher\" content=\"https:\/\/www.facebook.com\/newlifeturkeyinalanya\/\" \/>\n<meta property=\"article:modified_time\" content=\"2023-04-24T10:49:50+00:00\" \/>\n<meta name=\"twitter:card\" content=\"summary_large_image\" \/>\n<meta name=\"twitter:site\" content=\"@NewLifeAlanya\" \/>\n<meta name=\"twitter:label1\" content=\"Est. reading time\" \/>\n\t<meta name=\"twitter:data1\" content=\"1 minuta\" \/>\n<script type=\"application\/ld+json\" class=\"yoast-schema-graph\">{\"@context\":\"https:\/\/schema.org\",\"@graph\":[{\"@type\":\"WebPage\",\"@id\":\"https:\/\/www.newlifeturkey.com\/bs\/alanja-demirtas\/\",\"url\":\"https:\/\/www.newlifeturkey.com\/bs\/alanja-demirtas\/\",\"name\":\"Alanja Demirtas | Nekretnine u Alanya Turska\",\"isPartOf\":{\"@id\":\"https:\/\/www.newlifeturkey.com\/bs\/#website\"},\"datePublished\":\"2023-04-23T10:29:40+00:00\",\"dateModified\":\"2023-04-24T10:49:50+00:00\",\"description\":\"Alanja Demirtas je naselje u okrugu. Nalazi se 25 km od Alanje. Demirtasovo staro ime je Sedre. Ime Sedre dolazi od tvr\u0111ave Syedra.\",\"breadcrumb\":{\"@id\":\"https:\/\/www.newlifeturkey.com\/bs\/alanja-demirtas\/#breadcrumb\"},\"inLanguage\":\"bs-BA\",\"potentialAction\":[{\"@type\":\"ReadAction\",\"target\":[\"https:\/\/www.newlifeturkey.com\/bs\/alanja-demirtas\/\"]}]},{\"@type\":\"BreadcrumbList\",\"@id\":\"https:\/\/www.newlifeturkey.com\/bs\/alanja-demirtas\/#breadcrumb\",\"itemListElement\":[{\"@type\":\"ListItem\",\"position\":1,\"name\":\"Home\",\"item\":\"https:\/\/www.newlifeturkey.com\/bs\/\"},{\"@type\":\"ListItem\",\"position\":2,\"name\":\"Alanja, Demirtas\"}]},{\"@type\":\"WebSite\",\"@id\":\"https:\/\/www.newlifeturkey.com\/bs\/#website\",\"url\":\"https:\/\/www.newlifeturkey.com\/bs\/\",\"name\":\"Properties in Alanya Turkey\",\"description\":\"New Life Turkey\",\"potentialAction\":[{\"@type\":\"SearchAction\",\"target\":{\"@type\":\"EntryPoint\",\"urlTemplate\":\"https:\/\/www.newlifeturkey.com\/bs\/?s={search_term_string}\"},\"query-input\":\"required name=search_term_string\"}],\"inLanguage\":\"bs-BA\"}]}<\/script>\n<!-- \/ Yoast SEO plugin. -->","yoast_head_json":{"title":"Alanja Demirtas | Nekretnine u Alanya Turska","description":"Alanja Demirtas je naselje u okrugu. Nalazi se 25 km od Alanje. Demirtasovo staro ime je Sedre. Ime Sedre dolazi od tvr\u0111ave Syedra.","robots":{"index":"index","follow":"follow","max-snippet":"max-snippet:-1","max-image-preview":"max-image-preview:large","max-video-preview":"max-video-preview:-1"},"canonical":"https:\/\/www.newlifeturkey.com\/bs\/alanja-demirtas\/","og_locale":"bs_BA","og_type":"article","og_title":"Alanja Demirtas | Nekretnine u Alanya Turska","og_description":"Alanja Demirtas je naselje u okrugu. Nalazi se 25 km od Alanje. Demirtasovo staro ime je Sedre. Ime Sedre dolazi od tvr\u0111ave Syedra.","og_url":"https:\/\/www.newlifeturkey.com\/bs\/alanja-demirtas\/","og_site_name":"Properties in Alanya Turkey","article_publisher":"https:\/\/www.facebook.com\/newlifeturkeyinalanya\/","article_modified_time":"2023-04-24T10:49:50+00:00","twitter_card":"summary_large_image","twitter_site":"@NewLifeAlanya","twitter_misc":{"Est. reading time":"1 minuta"},"schema":{"@context":"https:\/\/schema.org","@graph":[{"@type":"WebPage","@id":"https:\/\/www.newlifeturkey.com\/bs\/alanja-demirtas\/","url":"https:\/\/www.newlifeturkey.com\/bs\/alanja-demirtas\/","name":"Alanja Demirtas | Nekretnine u Alanya Turska","isPartOf":{"@id":"https:\/\/www.newlifeturkey.com\/bs\/#website"},"datePublished":"2023-04-23T10:29:40+00:00","dateModified":"2023-04-24T10:49:50+00:00","description":"Alanja Demirtas je naselje u okrugu. Nalazi se 25 km od Alanje. Demirtasovo staro ime je Sedre. Ime Sedre dolazi od tvr\u0111ave Syedra.","breadcrumb":{"@id":"https:\/\/www.newlifeturkey.com\/bs\/alanja-demirtas\/#breadcrumb"},"inLanguage":"bs-BA","potentialAction":[{"@type":"ReadAction","target":["https:\/\/www.newlifeturkey.com\/bs\/alanja-demirtas\/"]}]},{"@type":"BreadcrumbList","@id":"https:\/\/www.newlifeturkey.com\/bs\/alanja-demirtas\/#breadcrumb","itemListElement":[{"@type":"ListItem","position":1,"name":"Home","item":"https:\/\/www.newlifeturkey.com\/bs\/"},{"@type":"ListItem","position":2,"name":"Alanja, Demirtas"}]},{"@type":"WebSite","@id":"https:\/\/www.newlifeturkey.com\/bs\/#website","url":"https:\/\/www.newlifeturkey.com\/bs\/","name":"Properties in Alanya Turkey","description":"New Life Turkey","potentialAction":[{"@type":"SearchAction","target":{"@type":"EntryPoint","urlTemplate":"https:\/\/www.newlifeturkey.com\/bs\/?s={search_term_string}"},"query-input":"required name=search_term_string"}],"inLanguage":"bs-BA"}]}},"_links":{"self":[{"href":"https:\/\/www.newlifeturkey.com\/bs\/wp-json\/wp\/v2\/pages\/62757","targetHints":{"allow":["GET"]}}],"collection":[{"href":"https:\/\/www.newlifeturkey.com\/bs\/wp-json\/wp\/v2\/pages"}],"about":[{"href":"https:\/\/www.newlifeturkey.com\/bs\/wp-json\/wp\/v2\/types\/page"}],"author":[{"embeddable":true,"href":"https:\/\/www.newlifeturkey.com\/bs\/wp-json\/wp\/v2\/users\/3"}],"replies":[{"embeddable":true,"href":"https:\/\/www.newlifeturkey.com\/bs\/wp-json\/wp\/v2\/comments?post=62757"}],"version-history":[{"count":1,"href":"https:\/\/www.newlifeturkey.com\/bs\/wp-json\/wp\/v2\/pages\/62757\/revisions"}],"predecessor-version":[{"id":62758,"href":"https:\/\/www.newlifeturkey.com\/bs\/wp-json\/wp\/v2\/pages\/62757\/revisions\/62758"}],"wp:attachment":[{"href":"https:\/\/www.newlifeturkey.com\/bs\/wp-json\/wp\/v2\/media?parent=62757"}],"curies":[{"name":"wp","href":"https:\/\/api.w.org\/{rel}","templated":true}]}}