{"id":62761,"date":"2023-04-23T10:58:25","date_gmt":"2023-04-23T10:58:25","guid":{"rendered":"https:\/\/www.newlifeturkey.com\/?page_id=62761"},"modified":"2023-04-24T11:02:47","modified_gmt":"2023-04-24T11:02:47","slug":"alanja-mahmutlar","status":"publish","type":"page","link":"https:\/\/www.newlifeturkey.com\/bs\/alanja-mahmutlar\/","title":{"rendered":"Alanja, Mahmutlar"},"content":{"rendered":"<p>Alanja, Mahmutlar<\/p>\n<p style=\"text-align: justify;\">Alanja Mahmutlar je grad u turskoj provinciji Antalya, 10 km isto\u010dno od Alanje, sa oko 50.000 stanovnika. Grad je transformisan izgradnjom ku\u0107a za odmor i apartmana za evropske turiste. Putevi i usluge su pobolj\u0161ani kako bi se zadovoljila rastu\u0107a turisti\u010dka industrija. Mahmutlarske pla\u017ee su pje\u0161\u010dane, a neke i kamenite. Dio pla\u017ee duge skoro pet kilometara je prirodan. Ulaz na pla\u017eu je besplatan. Kreirana pje\u0161a\u010dka staza vodi vas sve od Mahmutlara do grada Alanya. Ovdje mo\u017eete u\u017eivati u \u0161etnjama tokom zalaska sunca. Najbli\u017ei aerodrom je Alanja-Gazipa\u0161a, udaljen oko 20 km od Alanje, Mahmutlar.<\/p>\n<p style=\"text-align: justify;\">Mahmutlar je najve\u0107e podru\u010dje u Alanji. U blizini projekta nalazi se niz va\u017enih objekata kao \u0161to su tr\u017eni centar, banke, \u0161kole, apoteke i restorani itd. Do pla\u017ee mo\u017eete do\u0107i pje\u0161ice s bilo kojeg mjesta u Mahmutlaru. Pristup gradskim autobusima je svakih 10 minuta. Dosta novih stanovnika odlu\u010duje se za nekretninu u Mahmutlaru jer nudi sve va\u017ene sadr\u017eaje i lako je do\u0107i. Ovo podru\u010dje je mali grad za sebe \u010dak i ako je povezano sa Alanjom. Prona\u0111ite na\u0161e ponude <a href=\"https:\/\/www.newlifeturkey.com\/bs\/nekretnine-u-turskoj\/\">nekretnina<\/a> u Alanji ovdje ili <a href=\"https:\/\/wa.link\/liay6l\">nas pozovite direktno<\/a>.<\/p>\n","protected":false},"excerpt":{"rendered":"<p>Alanja, Mahmutlar Alanja Mahmutlar je grad u turskoj provinciji Antalya, 10 km isto\u010dno od Alanje, sa oko 50.000 stanovnika. Grad je transformisan izgradnjom ku\u0107a za odmor i apartmana za evropske turiste. Putevi i usluge su pobolj\u0161ani kako bi se zadovoljila rastu\u0107a turisti\u010dka industrija. Mahmutlarske pla\u017ee su pje\u0161\u010dane, a neke i kamenite. Dio pla\u017ee duge skoro pet kilometara je prirodan. Ulaz na pla\u017eu je besplatan. &#8230;<\/p>\n","protected":false},"author":3,"featured_media":0,"parent":0,"menu_order":0,"comment_status":"closed","ping_status":"closed","template":"property_list.php","meta":{"footnotes":""},"class_list":["post-62761","page","type-page","status-publish","hentry"],"yoast_head":"<!-- This site is optimized with the Yoast SEO plugin v23.2 - https:\/\/yoast.com\/wordpress\/plugins\/seo\/ -->\n<title>Alanja Mahmutlar | Nekretnine u Alanya Turska<\/title>\n<meta name=\"description\" content=\"Alanja Mahmutlar je 10 km isto\u010dno od Alanje. Grad je transformisan izgradnjom ku\u0107a za odmor i apartmana za evropske turiste.\" \/>\n<meta name=\"robots\" content=\"index, follow, max-snippet:-1, max-image-preview:large, max-video-preview:-1\" \/>\n<link rel=\"canonical\" href=\"https:\/\/www.newlifeturkey.com\/bs\/alanja-mahmutlar\/\" \/>\n<meta property=\"og:locale\" content=\"bs_BA\" \/>\n<meta property=\"og:type\" content=\"article\" \/>\n<meta property=\"og:title\" content=\"Alanja Mahmutlar | Nekretnine u Alanya Turska\" \/>\n<meta property=\"og:description\" content=\"Alanja Mahmutlar je 10 km isto\u010dno od Alanje. Grad je transformisan izgradnjom ku\u0107a za odmor i apartmana za evropske turiste.\" \/>\n<meta property=\"og:url\" content=\"https:\/\/www.newlifeturkey.com\/bs\/alanja-mahmutlar\/\" \/>\n<meta property=\"og:site_name\" content=\"Properties in Alanya Turkey\" \/>\n<meta property=\"article:publisher\" content=\"https:\/\/www.facebook.com\/newlifeturkeyinalanya\/\" \/>\n<meta property=\"article:modified_time\" content=\"2023-04-24T11:02:47+00:00\" \/>\n<meta name=\"twitter:card\" content=\"summary_large_image\" \/>\n<meta name=\"twitter:site\" content=\"@NewLifeAlanya\" \/>\n<meta name=\"twitter:label1\" content=\"Est. reading time\" \/>\n\t<meta name=\"twitter:data1\" content=\"1 minuta\" \/>\n<script type=\"application\/ld+json\" class=\"yoast-schema-graph\">{\"@context\":\"https:\/\/schema.org\",\"@graph\":[{\"@type\":\"WebPage\",\"@id\":\"https:\/\/www.newlifeturkey.com\/bs\/alanja-mahmutlar\/\",\"url\":\"https:\/\/www.newlifeturkey.com\/bs\/alanja-mahmutlar\/\",\"name\":\"Alanja Mahmutlar | Nekretnine u Alanya Turska\",\"isPartOf\":{\"@id\":\"https:\/\/www.newlifeturkey.com\/bs\/#website\"},\"datePublished\":\"2023-04-23T10:58:25+00:00\",\"dateModified\":\"2023-04-24T11:02:47+00:00\",\"description\":\"Alanja Mahmutlar je 10 km isto\u010dno od Alanje. Grad je transformisan izgradnjom ku\u0107a za odmor i apartmana za evropske turiste.\",\"breadcrumb\":{\"@id\":\"https:\/\/www.newlifeturkey.com\/bs\/alanja-mahmutlar\/#breadcrumb\"},\"inLanguage\":\"bs-BA\",\"potentialAction\":[{\"@type\":\"ReadAction\",\"target\":[\"https:\/\/www.newlifeturkey.com\/bs\/alanja-mahmutlar\/\"]}]},{\"@type\":\"BreadcrumbList\",\"@id\":\"https:\/\/www.newlifeturkey.com\/bs\/alanja-mahmutlar\/#breadcrumb\",\"itemListElement\":[{\"@type\":\"ListItem\",\"position\":1,\"name\":\"Home\",\"item\":\"https:\/\/www.newlifeturkey.com\/bs\/\"},{\"@type\":\"ListItem\",\"position\":2,\"name\":\"Alanja, Mahmutlar\"}]},{\"@type\":\"WebSite\",\"@id\":\"https:\/\/www.newlifeturkey.com\/bs\/#website\",\"url\":\"https:\/\/www.newlifeturkey.com\/bs\/\",\"name\":\"Properties in Alanya Turkey\",\"description\":\"New Life Turkey\",\"potentialAction\":[{\"@type\":\"SearchAction\",\"target\":{\"@type\":\"EntryPoint\",\"urlTemplate\":\"https:\/\/www.newlifeturkey.com\/bs\/?s={search_term_string}\"},\"query-input\":\"required name=search_term_string\"}],\"inLanguage\":\"bs-BA\"}]}<\/script>\n<!-- \/ Yoast SEO plugin. -->","yoast_head_json":{"title":"Alanja Mahmutlar | Nekretnine u Alanya Turska","description":"Alanja Mahmutlar je 10 km isto\u010dno od Alanje. Grad je transformisan izgradnjom ku\u0107a za odmor i apartmana za evropske turiste.","robots":{"index":"index","follow":"follow","max-snippet":"max-snippet:-1","max-image-preview":"max-image-preview:large","max-video-preview":"max-video-preview:-1"},"canonical":"https:\/\/www.newlifeturkey.com\/bs\/alanja-mahmutlar\/","og_locale":"bs_BA","og_type":"article","og_title":"Alanja Mahmutlar | Nekretnine u Alanya Turska","og_description":"Alanja Mahmutlar je 10 km isto\u010dno od Alanje. Grad je transformisan izgradnjom ku\u0107a za odmor i apartmana za evropske turiste.","og_url":"https:\/\/www.newlifeturkey.com\/bs\/alanja-mahmutlar\/","og_site_name":"Properties in Alanya Turkey","article_publisher":"https:\/\/www.facebook.com\/newlifeturkeyinalanya\/","article_modified_time":"2023-04-24T11:02:47+00:00","twitter_card":"summary_large_image","twitter_site":"@NewLifeAlanya","twitter_misc":{"Est. reading time":"1 minuta"},"schema":{"@context":"https:\/\/schema.org","@graph":[{"@type":"WebPage","@id":"https:\/\/www.newlifeturkey.com\/bs\/alanja-mahmutlar\/","url":"https:\/\/www.newlifeturkey.com\/bs\/alanja-mahmutlar\/","name":"Alanja Mahmutlar | Nekretnine u Alanya Turska","isPartOf":{"@id":"https:\/\/www.newlifeturkey.com\/bs\/#website"},"datePublished":"2023-04-23T10:58:25+00:00","dateModified":"2023-04-24T11:02:47+00:00","description":"Alanja Mahmutlar je 10 km isto\u010dno od Alanje. Grad je transformisan izgradnjom ku\u0107a za odmor i apartmana za evropske turiste.","breadcrumb":{"@id":"https:\/\/www.newlifeturkey.com\/bs\/alanja-mahmutlar\/#breadcrumb"},"inLanguage":"bs-BA","potentialAction":[{"@type":"ReadAction","target":["https:\/\/www.newlifeturkey.com\/bs\/alanja-mahmutlar\/"]}]},{"@type":"BreadcrumbList","@id":"https:\/\/www.newlifeturkey.com\/bs\/alanja-mahmutlar\/#breadcrumb","itemListElement":[{"@type":"ListItem","position":1,"name":"Home","item":"https:\/\/www.newlifeturkey.com\/bs\/"},{"@type":"ListItem","position":2,"name":"Alanja, Mahmutlar"}]},{"@type":"WebSite","@id":"https:\/\/www.newlifeturkey.com\/bs\/#website","url":"https:\/\/www.newlifeturkey.com\/bs\/","name":"Properties in Alanya Turkey","description":"New Life Turkey","potentialAction":[{"@type":"SearchAction","target":{"@type":"EntryPoint","urlTemplate":"https:\/\/www.newlifeturkey.com\/bs\/?s={search_term_string}"},"query-input":"required name=search_term_string"}],"inLanguage":"bs-BA"}]}},"_links":{"self":[{"href":"https:\/\/www.newlifeturkey.com\/bs\/wp-json\/wp\/v2\/pages\/62761","targetHints":{"allow":["GET"]}}],"collection":[{"href":"https:\/\/www.newlifeturkey.com\/bs\/wp-json\/wp\/v2\/pages"}],"about":[{"href":"https:\/\/www.newlifeturkey.com\/bs\/wp-json\/wp\/v2\/types\/page"}],"author":[{"embeddable":true,"href":"https:\/\/www.newlifeturkey.com\/bs\/wp-json\/wp\/v2\/users\/3"}],"replies":[{"embeddable":true,"href":"https:\/\/www.newlifeturkey.com\/bs\/wp-json\/wp\/v2\/comments?post=62761"}],"version-history":[{"count":1,"href":"https:\/\/www.newlifeturkey.com\/bs\/wp-json\/wp\/v2\/pages\/62761\/revisions"}],"predecessor-version":[{"id":62762,"href":"https:\/\/www.newlifeturkey.com\/bs\/wp-json\/wp\/v2\/pages\/62761\/revisions\/62762"}],"wp:attachment":[{"href":"https:\/\/www.newlifeturkey.com\/bs\/wp-json\/wp\/v2\/media?parent=62761"}],"curies":[{"name":"wp","href":"https:\/\/api.w.org\/{rel}","templated":true}]}}