{"id":62763,"date":"2023-04-23T11:12:52","date_gmt":"2023-04-23T11:12:52","guid":{"rendered":"https:\/\/www.newlifeturkey.com\/?page_id=62763"},"modified":"2023-04-24T11:05:25","modified_gmt":"2023-04-24T11:05:25","slug":"alanja-kestel","status":"publish","type":"page","link":"https:\/\/www.newlifeturkey.com\/bs\/alanja-kestel\/","title":{"rendered":"Alanja, Kestel"},"content":{"rendered":"<h4>Alanja, Kestel<\/h4>\n<p style=\"text-align: justify;\">Alanja Kestel je naselje u okrugu Alanya u provinciji Antalya. Tu su Mahmutlar na istoku i Tosmur zapadno od Kestela. Sme\u0161ten na autoputu Antalija-Mersin, Kestel je udaljen samo 7 km od centra Alanije. Alanja, Kestel je najljep\u0161e i najnovije podru\u010dje u Alanji. Pla\u017ea je udaljena svega nekoliko koraka, kao i restorani i tr\u017eni centri u blizini. Najve\u0107i univerzitet u Alanji nalazi se u Kestelu. Pristup gradskim autobusima je svakih 10 minuta do univerziteta i centra grada. Poslednjih godina Kestel je iz malog sela prerastao u u\u017eurbano predgra\u0111e Alanje.<\/p>\n<p style=\"text-align: justify;\">Zgrade imaju najvi\u0161e 5 spratova i zabranjena je gradnja vi\u0161ih objekata. Ovo \u010dini podru\u010dje Kestel extram popularnim. Svoje ekonomske prihode obezbje\u0111uje posebno od turizma. Me\u0111utim, mje\u0161tani Kestela daju veliki doprinos privredi poljoprivredom. Posebno u ovoj oblasti mogu\u0107nosti ulaganja su ogromne. Kupovinom nekretnine ovdje imate investiciju za \u017eivot. Stvorena pje\u0161a\u010dka staza vodi od podru\u010dja Mahmutlara do grada Alanije. Mo\u017eete u\u017eivati u dugim \u0161etnjama u zalasku sunca. Prona\u0111ite na\u0161e ponude <a href=\"https:\/\/www.newlifeturkey.com\/bs\/nekretnine-u-turskoj\/\">nekretnina<\/a> u Alanji ovdje ili <a href=\"https:\/\/wa.link\/liay6l\">nas pozovite direktno<\/a>.<\/p>\n","protected":false},"excerpt":{"rendered":"<p>Alanja, Kestel Alanja Kestel je naselje u okrugu Alanya u provinciji Antalya. Tu su Mahmutlar na istoku i Tosmur zapadno od Kestela. Sme\u0161ten na autoputu Antalija-Mersin, Kestel je udaljen samo 7 km od centra Alanije. Alanja, Kestel je najljep\u0161e i najnovije podru\u010dje u Alanji. Pla\u017ea je udaljena svega nekoliko koraka, kao i restorani i tr\u017eni centri u blizini. Najve\u0107i univerzitet u Alanji nalazi se &#8230;<\/p>\n","protected":false},"author":3,"featured_media":0,"parent":0,"menu_order":0,"comment_status":"closed","ping_status":"closed","template":"property_list.php","meta":{"footnotes":""},"class_list":["post-62763","page","type-page","status-publish","hentry"],"yoast_head":"<!-- This site is optimized with the Yoast SEO plugin v23.2 - https:\/\/yoast.com\/wordpress\/plugins\/seo\/ -->\n<title>Alanja, Kestel | Nekretnine u Alanya Turska<\/title>\n<meta name=\"description\" content=\"Alanja Kestel je naselje u okrugu Alanya u provinciji Antalya. Tu su Mahmutlar na istoku i Tosmur zapadno od Kestela.\" \/>\n<meta name=\"robots\" content=\"index, follow, max-snippet:-1, max-image-preview:large, max-video-preview:-1\" \/>\n<link rel=\"canonical\" href=\"https:\/\/www.newlifeturkey.com\/bs\/alanja-kestel\/\" \/>\n<meta property=\"og:locale\" content=\"bs_BA\" \/>\n<meta property=\"og:type\" content=\"article\" \/>\n<meta property=\"og:title\" content=\"Alanja, Kestel | Nekretnine u Alanya Turska\" \/>\n<meta property=\"og:description\" content=\"Alanja Kestel je naselje u okrugu Alanya u provinciji Antalya. Tu su Mahmutlar na istoku i Tosmur zapadno od Kestela.\" \/>\n<meta property=\"og:url\" content=\"https:\/\/www.newlifeturkey.com\/bs\/alanja-kestel\/\" \/>\n<meta property=\"og:site_name\" content=\"Properties in Alanya Turkey\" \/>\n<meta property=\"article:publisher\" content=\"https:\/\/www.facebook.com\/newlifeturkeyinalanya\/\" \/>\n<meta property=\"article:modified_time\" content=\"2023-04-24T11:05:25+00:00\" \/>\n<meta name=\"twitter:card\" content=\"summary_large_image\" \/>\n<meta name=\"twitter:site\" content=\"@NewLifeAlanya\" \/>\n<meta name=\"twitter:label1\" content=\"Est. reading time\" \/>\n\t<meta name=\"twitter:data1\" content=\"1 minuta\" \/>\n<script type=\"application\/ld+json\" class=\"yoast-schema-graph\">{\"@context\":\"https:\/\/schema.org\",\"@graph\":[{\"@type\":\"WebPage\",\"@id\":\"https:\/\/www.newlifeturkey.com\/bs\/alanja-kestel\/\",\"url\":\"https:\/\/www.newlifeturkey.com\/bs\/alanja-kestel\/\",\"name\":\"Alanja, Kestel | Nekretnine u Alanya Turska\",\"isPartOf\":{\"@id\":\"https:\/\/www.newlifeturkey.com\/bs\/#website\"},\"datePublished\":\"2023-04-23T11:12:52+00:00\",\"dateModified\":\"2023-04-24T11:05:25+00:00\",\"description\":\"Alanja Kestel je naselje u okrugu Alanya u provinciji Antalya. Tu su Mahmutlar na istoku i Tosmur zapadno od Kestela.\",\"breadcrumb\":{\"@id\":\"https:\/\/www.newlifeturkey.com\/bs\/alanja-kestel\/#breadcrumb\"},\"inLanguage\":\"bs-BA\",\"potentialAction\":[{\"@type\":\"ReadAction\",\"target\":[\"https:\/\/www.newlifeturkey.com\/bs\/alanja-kestel\/\"]}]},{\"@type\":\"BreadcrumbList\",\"@id\":\"https:\/\/www.newlifeturkey.com\/bs\/alanja-kestel\/#breadcrumb\",\"itemListElement\":[{\"@type\":\"ListItem\",\"position\":1,\"name\":\"Home\",\"item\":\"https:\/\/www.newlifeturkey.com\/bs\/\"},{\"@type\":\"ListItem\",\"position\":2,\"name\":\"Alanja, Kestel\"}]},{\"@type\":\"WebSite\",\"@id\":\"https:\/\/www.newlifeturkey.com\/bs\/#website\",\"url\":\"https:\/\/www.newlifeturkey.com\/bs\/\",\"name\":\"Properties in Alanya Turkey\",\"description\":\"New Life Turkey\",\"potentialAction\":[{\"@type\":\"SearchAction\",\"target\":{\"@type\":\"EntryPoint\",\"urlTemplate\":\"https:\/\/www.newlifeturkey.com\/bs\/?s={search_term_string}\"},\"query-input\":\"required name=search_term_string\"}],\"inLanguage\":\"bs-BA\"}]}<\/script>\n<!-- \/ Yoast SEO plugin. -->","yoast_head_json":{"title":"Alanja, Kestel | Nekretnine u Alanya Turska","description":"Alanja Kestel je naselje u okrugu Alanya u provinciji Antalya. Tu su Mahmutlar na istoku i Tosmur zapadno od Kestela.","robots":{"index":"index","follow":"follow","max-snippet":"max-snippet:-1","max-image-preview":"max-image-preview:large","max-video-preview":"max-video-preview:-1"},"canonical":"https:\/\/www.newlifeturkey.com\/bs\/alanja-kestel\/","og_locale":"bs_BA","og_type":"article","og_title":"Alanja, Kestel | Nekretnine u Alanya Turska","og_description":"Alanja Kestel je naselje u okrugu Alanya u provinciji Antalya. Tu su Mahmutlar na istoku i Tosmur zapadno od Kestela.","og_url":"https:\/\/www.newlifeturkey.com\/bs\/alanja-kestel\/","og_site_name":"Properties in Alanya Turkey","article_publisher":"https:\/\/www.facebook.com\/newlifeturkeyinalanya\/","article_modified_time":"2023-04-24T11:05:25+00:00","twitter_card":"summary_large_image","twitter_site":"@NewLifeAlanya","twitter_misc":{"Est. reading time":"1 minuta"},"schema":{"@context":"https:\/\/schema.org","@graph":[{"@type":"WebPage","@id":"https:\/\/www.newlifeturkey.com\/bs\/alanja-kestel\/","url":"https:\/\/www.newlifeturkey.com\/bs\/alanja-kestel\/","name":"Alanja, Kestel | Nekretnine u Alanya Turska","isPartOf":{"@id":"https:\/\/www.newlifeturkey.com\/bs\/#website"},"datePublished":"2023-04-23T11:12:52+00:00","dateModified":"2023-04-24T11:05:25+00:00","description":"Alanja Kestel je naselje u okrugu Alanya u provinciji Antalya. Tu su Mahmutlar na istoku i Tosmur zapadno od Kestela.","breadcrumb":{"@id":"https:\/\/www.newlifeturkey.com\/bs\/alanja-kestel\/#breadcrumb"},"inLanguage":"bs-BA","potentialAction":[{"@type":"ReadAction","target":["https:\/\/www.newlifeturkey.com\/bs\/alanja-kestel\/"]}]},{"@type":"BreadcrumbList","@id":"https:\/\/www.newlifeturkey.com\/bs\/alanja-kestel\/#breadcrumb","itemListElement":[{"@type":"ListItem","position":1,"name":"Home","item":"https:\/\/www.newlifeturkey.com\/bs\/"},{"@type":"ListItem","position":2,"name":"Alanja, Kestel"}]},{"@type":"WebSite","@id":"https:\/\/www.newlifeturkey.com\/bs\/#website","url":"https:\/\/www.newlifeturkey.com\/bs\/","name":"Properties in Alanya Turkey","description":"New Life Turkey","potentialAction":[{"@type":"SearchAction","target":{"@type":"EntryPoint","urlTemplate":"https:\/\/www.newlifeturkey.com\/bs\/?s={search_term_string}"},"query-input":"required name=search_term_string"}],"inLanguage":"bs-BA"}]}},"_links":{"self":[{"href":"https:\/\/www.newlifeturkey.com\/bs\/wp-json\/wp\/v2\/pages\/62763","targetHints":{"allow":["GET"]}}],"collection":[{"href":"https:\/\/www.newlifeturkey.com\/bs\/wp-json\/wp\/v2\/pages"}],"about":[{"href":"https:\/\/www.newlifeturkey.com\/bs\/wp-json\/wp\/v2\/types\/page"}],"author":[{"embeddable":true,"href":"https:\/\/www.newlifeturkey.com\/bs\/wp-json\/wp\/v2\/users\/3"}],"replies":[{"embeddable":true,"href":"https:\/\/www.newlifeturkey.com\/bs\/wp-json\/wp\/v2\/comments?post=62763"}],"version-history":[{"count":1,"href":"https:\/\/www.newlifeturkey.com\/bs\/wp-json\/wp\/v2\/pages\/62763\/revisions"}],"predecessor-version":[{"id":62764,"href":"https:\/\/www.newlifeturkey.com\/bs\/wp-json\/wp\/v2\/pages\/62763\/revisions\/62764"}],"wp:attachment":[{"href":"https:\/\/www.newlifeturkey.com\/bs\/wp-json\/wp\/v2\/media?parent=62763"}],"curies":[{"name":"wp","href":"https:\/\/api.w.org\/{rel}","templated":true}]}}