{"id":62765,"date":"2023-04-23T11:20:59","date_gmt":"2023-04-23T11:20:59","guid":{"rendered":"https:\/\/www.newlifeturkey.com\/?page_id=62765"},"modified":"2023-04-24T11:08:26","modified_gmt":"2023-04-24T11:08:26","slug":"alanja-oba","status":"publish","type":"page","link":"https:\/\/www.newlifeturkey.com\/bs\/alanja-oba\/","title":{"rendered":"Alanja, Oba"},"content":{"rendered":"<h4>Alanja, Oba<\/h4>\n<p style=\"text-align: justify;\">Alanja Oba je naselje u okrugu Alanya u provinciji Antalya. Njema\u010dki Oer-Erkenschwick (2003) i poljski Pniewy (2004) su gradovi pobratimi Alanije. Oba je presti\u017ena \u010detvrt udaljena 4 km od centra Alanje i nudi mnogo ugodnih restorana, prodavnica, prelepih pla\u017ea i parkova, gde mo\u017eete u\u017eivati u sun\u010danim danima va\u0161eg odmora. Mnoge atrakcije poput rijeke Dim (Dim Cay\u0131) sa prekrasnom dolinom i pe\u0107ine Dim (Dim Ma\u011faras\u0131) udaljene su samo petnaestak minuta vo\u017enje. Ova oblast je poslednjih godina izuzetno narasla i veoma je popularna posebno za stanovnike Evrope koji odlu\u010de da svoje penzijske godine provedu u Alanji.<\/p>\n<p style=\"text-align: justify;\">Oba je ujedno i novi gradski centar Alanije jer \u0107e se ovdje nalaziti nova op\u0161tina. Oba ima pla\u017eu ozna\u010denu nagradom \u201ePlava zastava\u201c. Ova nagrada pokazuje dobar kvalitet ovda\u0161nje pla\u017ee. Infrastruktura u Obi je dobro razvijena, postoje dje\u010diji parkovi, sportski tereni, konji\u010dki centar. Kvalitet nekretnina je izuzetno visok. Ovo podru\u010dje je tako\u0111er jedno od najbr\u017ee rastu\u0107ih modernih podru\u010dja. Postoji niz va\u017enih objekata kao \u0161to su \u0161kole, bolnice i zgrada op\u0161tine. Do me\u0111unarodnog aerodroma Alanya-Gazipa\u0161a sti\u017ee se za 25 minuta. Prona\u0111ite na\u0161e ponude <a href=\"https:\/\/www.newlifeturkey.com\/bs\/nekretnine-u-turskoj\/\">nekretnina<\/a> u Alanji ovdje ili <a href=\"https:\/\/wa.link\/liay6l\">nas pozovite direktno<\/a>.<\/p>\n","protected":false},"excerpt":{"rendered":"<p>Alanja, Oba Alanja Oba je naselje u okrugu Alanya u provinciji Antalya. Njema\u010dki Oer-Erkenschwick (2003) i poljski Pniewy (2004) su gradovi pobratimi Alanije. Oba je presti\u017ena \u010detvrt udaljena 4 km od centra Alanje i nudi mnogo ugodnih restorana, prodavnica, prelepih pla\u017ea i parkova, gde mo\u017eete u\u017eivati u sun\u010danim danima va\u0161eg odmora. Mnoge atrakcije poput rijeke Dim (Dim Cay\u0131) sa prekrasnom dolinom i pe\u0107ine Dim &#8230;<\/p>\n","protected":false},"author":3,"featured_media":0,"parent":0,"menu_order":0,"comment_status":"closed","ping_status":"closed","template":"property_list.php","meta":{"footnotes":""},"class_list":["post-62765","page","type-page","status-publish","hentry"],"yoast_head":"<!-- This site is optimized with the Yoast SEO plugin v23.2 - https:\/\/yoast.com\/wordpress\/plugins\/seo\/ -->\n<title>Alanja Oba | Nekretnine u Alanya Turska<\/title>\n<meta name=\"description\" content=\"Alanja Oba je naselje u okrugu Alanya u provinciji Antalya. Oba je presti\u017ena \u010detvrt udaljena 4 km od centra Alanje.\" \/>\n<meta name=\"robots\" content=\"index, follow, max-snippet:-1, max-image-preview:large, max-video-preview:-1\" \/>\n<link rel=\"canonical\" href=\"https:\/\/www.newlifeturkey.com\/bs\/alanja-oba\/\" \/>\n<meta property=\"og:locale\" content=\"bs_BA\" \/>\n<meta property=\"og:type\" content=\"article\" \/>\n<meta property=\"og:title\" content=\"Alanja Oba | Nekretnine u Alanya Turska\" \/>\n<meta property=\"og:description\" content=\"Alanja Oba je naselje u okrugu Alanya u provinciji Antalya. Oba je presti\u017ena \u010detvrt udaljena 4 km od centra Alanje.\" \/>\n<meta property=\"og:url\" content=\"https:\/\/www.newlifeturkey.com\/bs\/alanja-oba\/\" \/>\n<meta property=\"og:site_name\" content=\"Nekretnine u Alanya Turska\" \/>\n<meta property=\"article:publisher\" content=\"https:\/\/www.facebook.com\/newlifeturkeyinalanya\/\" \/>\n<meta property=\"article:modified_time\" content=\"2023-04-24T11:08:26+00:00\" \/>\n<meta name=\"twitter:card\" content=\"summary_large_image\" \/>\n<meta name=\"twitter:site\" content=\"@NewLifeAlanya\" \/>\n<meta name=\"twitter:label1\" content=\"Est. reading time\" \/>\n\t<meta name=\"twitter:data1\" content=\"1 minuta\" \/>\n<script type=\"application\/ld+json\" class=\"yoast-schema-graph\">{\"@context\":\"https:\/\/schema.org\",\"@graph\":[{\"@type\":\"WebPage\",\"@id\":\"https:\/\/www.newlifeturkey.com\/bs\/alanja-oba\/\",\"url\":\"https:\/\/www.newlifeturkey.com\/bs\/alanja-oba\/\",\"name\":\"Alanja Oba | Nekretnine u Alanya Turska\",\"isPartOf\":{\"@id\":\"https:\/\/www.newlifeturkey.com\/bs\/#website\"},\"datePublished\":\"2023-04-23T11:20:59+00:00\",\"dateModified\":\"2023-04-24T11:08:26+00:00\",\"description\":\"Alanja Oba je naselje u okrugu Alanya u provinciji Antalya. Oba je presti\u017ena \u010detvrt udaljena 4 km od centra Alanje.\",\"breadcrumb\":{\"@id\":\"https:\/\/www.newlifeturkey.com\/bs\/alanja-oba\/#breadcrumb\"},\"inLanguage\":\"bs-BA\",\"potentialAction\":[{\"@type\":\"ReadAction\",\"target\":[\"https:\/\/www.newlifeturkey.com\/bs\/alanja-oba\/\"]}]},{\"@type\":\"BreadcrumbList\",\"@id\":\"https:\/\/www.newlifeturkey.com\/bs\/alanja-oba\/#breadcrumb\",\"itemListElement\":[{\"@type\":\"ListItem\",\"position\":1,\"name\":\"Home\",\"item\":\"https:\/\/www.newlifeturkey.com\/bs\/\"},{\"@type\":\"ListItem\",\"position\":2,\"name\":\"Alanja, Oba\"}]},{\"@type\":\"WebSite\",\"@id\":\"https:\/\/www.newlifeturkey.com\/bs\/#website\",\"url\":\"https:\/\/www.newlifeturkey.com\/bs\/\",\"name\":\"Nekretnine u Alanya Turska\",\"description\":\"New Life Turkey\",\"potentialAction\":[{\"@type\":\"SearchAction\",\"target\":{\"@type\":\"EntryPoint\",\"urlTemplate\":\"https:\/\/www.newlifeturkey.com\/bs\/?s={search_term_string}\"},\"query-input\":\"required name=search_term_string\"}],\"inLanguage\":\"bs-BA\"}]}<\/script>\n<!-- \/ Yoast SEO plugin. -->","yoast_head_json":{"title":"Alanja Oba | Nekretnine u Alanya Turska","description":"Alanja Oba je naselje u okrugu Alanya u provinciji Antalya. Oba je presti\u017ena \u010detvrt udaljena 4 km od centra Alanje.","robots":{"index":"index","follow":"follow","max-snippet":"max-snippet:-1","max-image-preview":"max-image-preview:large","max-video-preview":"max-video-preview:-1"},"canonical":"https:\/\/www.newlifeturkey.com\/bs\/alanja-oba\/","og_locale":"bs_BA","og_type":"article","og_title":"Alanja Oba | Nekretnine u Alanya Turska","og_description":"Alanja Oba je naselje u okrugu Alanya u provinciji Antalya. Oba je presti\u017ena \u010detvrt udaljena 4 km od centra Alanje.","og_url":"https:\/\/www.newlifeturkey.com\/bs\/alanja-oba\/","og_site_name":"Nekretnine u Alanya Turska","article_publisher":"https:\/\/www.facebook.com\/newlifeturkeyinalanya\/","article_modified_time":"2023-04-24T11:08:26+00:00","twitter_card":"summary_large_image","twitter_site":"@NewLifeAlanya","twitter_misc":{"Est. reading time":"1 minuta"},"schema":{"@context":"https:\/\/schema.org","@graph":[{"@type":"WebPage","@id":"https:\/\/www.newlifeturkey.com\/bs\/alanja-oba\/","url":"https:\/\/www.newlifeturkey.com\/bs\/alanja-oba\/","name":"Alanja Oba | Nekretnine u Alanya Turska","isPartOf":{"@id":"https:\/\/www.newlifeturkey.com\/bs\/#website"},"datePublished":"2023-04-23T11:20:59+00:00","dateModified":"2023-04-24T11:08:26+00:00","description":"Alanja Oba je naselje u okrugu Alanya u provinciji Antalya. Oba je presti\u017ena \u010detvrt udaljena 4 km od centra Alanje.","breadcrumb":{"@id":"https:\/\/www.newlifeturkey.com\/bs\/alanja-oba\/#breadcrumb"},"inLanguage":"bs-BA","potentialAction":[{"@type":"ReadAction","target":["https:\/\/www.newlifeturkey.com\/bs\/alanja-oba\/"]}]},{"@type":"BreadcrumbList","@id":"https:\/\/www.newlifeturkey.com\/bs\/alanja-oba\/#breadcrumb","itemListElement":[{"@type":"ListItem","position":1,"name":"Home","item":"https:\/\/www.newlifeturkey.com\/bs\/"},{"@type":"ListItem","position":2,"name":"Alanja, Oba"}]},{"@type":"WebSite","@id":"https:\/\/www.newlifeturkey.com\/bs\/#website","url":"https:\/\/www.newlifeturkey.com\/bs\/","name":"Nekretnine u Alanya Turska","description":"New Life Turkey","potentialAction":[{"@type":"SearchAction","target":{"@type":"EntryPoint","urlTemplate":"https:\/\/www.newlifeturkey.com\/bs\/?s={search_term_string}"},"query-input":"required name=search_term_string"}],"inLanguage":"bs-BA"}]}},"_links":{"self":[{"href":"https:\/\/www.newlifeturkey.com\/bs\/wp-json\/wp\/v2\/pages\/62765","targetHints":{"allow":["GET"]}}],"collection":[{"href":"https:\/\/www.newlifeturkey.com\/bs\/wp-json\/wp\/v2\/pages"}],"about":[{"href":"https:\/\/www.newlifeturkey.com\/bs\/wp-json\/wp\/v2\/types\/page"}],"author":[{"embeddable":true,"href":"https:\/\/www.newlifeturkey.com\/bs\/wp-json\/wp\/v2\/users\/3"}],"replies":[{"embeddable":true,"href":"https:\/\/www.newlifeturkey.com\/bs\/wp-json\/wp\/v2\/comments?post=62765"}],"version-history":[{"count":1,"href":"https:\/\/www.newlifeturkey.com\/bs\/wp-json\/wp\/v2\/pages\/62765\/revisions"}],"predecessor-version":[{"id":62766,"href":"https:\/\/www.newlifeturkey.com\/bs\/wp-json\/wp\/v2\/pages\/62765\/revisions\/62766"}],"wp:attachment":[{"href":"https:\/\/www.newlifeturkey.com\/bs\/wp-json\/wp\/v2\/media?parent=62765"}],"curies":[{"name":"wp","href":"https:\/\/api.w.org\/{rel}","templated":true}]}}