{"id":62767,"date":"2023-04-23T11:33:23","date_gmt":"2023-04-23T11:33:23","guid":{"rendered":"https:\/\/www.newlifeturkey.com\/?page_id=62767"},"modified":"2023-04-24T11:11:26","modified_gmt":"2023-04-24T11:11:26","slug":"alanja-konakli","status":"publish","type":"page","link":"https:\/\/www.newlifeturkey.com\/bs\/alanja-konakli\/","title":{"rendered":"Alanja, Konakli"},"content":{"rendered":"<h4>Alanja, Konakli<\/h4>\n<p style=\"text-align: justify;\">Alanja Konakli je naselje u okrugu Alanya u provinciji Antalya. To je naselje na obali Sredozemnog mora i nalazi se na autoputu D 400 na jugu Turske. Nalazi se 12 kilometara od Alanje, 125 kilometara od Antalije, 115 kilometara od aerodroma Antalya i 50 kilometara od aerodroma Alanya-Gazipa\u0161a. To je vrlo mirno i lijepo predgra\u0111e Alanje s prekrasnim pogledom na planine Toros i more. Nalazi se oko 10 km zapadno od centra grada. Konakli je jedan od turisti\u010dkih centara na ovom podru\u010dju Mediterana. Mo\u017eete prona\u0107i mnogo hotela u ovoj oblasti, a tako\u0111e i provesti odli\u010dan odmor u jednom od hotela sa 5 zvjezdica.<\/p>\n<p style=\"text-align: justify;\">Fina pje\u0161\u010dana pla\u017ea u ovom podru\u010dju je savr\u0161ena za porodice sa djecom. To je mirno podru\u010dje s procvatnim centrom i omiljeno ne samo od strane lokalnog stanovni\u0161tva ve\u0107 i od strane stanovnika \u0161irom Evrope. Konakli je povezan s lokalnim autobusima tako da mo\u017eete lako do\u0107i do centra grada Alanya. Ako preferirate mirno podru\u010dje sa prirodnim okru\u017eenjem onda je ovo pravo podru\u010dje za vas. Pla\u017ee su ovdje lijepe i pje\u0161\u010dane i otvorene za sve. Prona\u0111ite na\u0161e ponude <a href=\"https:\/\/www.newlifeturkey.com\/bs\/nekretnine-u-turskoj\/\">nekretnina<\/a> u Alanji ovdje ili <a href=\"https:\/\/wa.link\/liay6l\">nas pozovite direktno<\/a>.<\/p>\n","protected":false},"excerpt":{"rendered":"<p>Alanja, Konakli Alanja Konakli je naselje u okrugu Alanya u provinciji Antalya. To je naselje na obali Sredozemnog mora i nalazi se na autoputu D 400 na jugu Turske. Nalazi se 12 kilometara od Alanje, 125 kilometara od Antalije, 115 kilometara od aerodroma Antalya i 50 kilometara od aerodroma Alanya-Gazipa\u0161a. To je vrlo mirno i lijepo predgra\u0111e Alanje s prekrasnim pogledom na planine Toros &#8230;<\/p>\n","protected":false},"author":3,"featured_media":0,"parent":0,"menu_order":0,"comment_status":"closed","ping_status":"closed","template":"property_list.php","meta":{"footnotes":""},"class_list":["post-62767","page","type-page","status-publish","hentry"],"yoast_head":"<!-- This site is optimized with the Yoast SEO plugin v23.2 - https:\/\/yoast.com\/wordpress\/plugins\/seo\/ -->\n<title>Alanja, Konakli | Nekretnine u Alanya Turska<\/title>\n<meta name=\"description\" content=\"Alanja Konakli je naselje u okrugu Alanya. To je naselje na obali Sredozemnog mora i nalazi se na autoputu D400 na jugu Turske.\" \/>\n<meta name=\"robots\" content=\"index, follow, max-snippet:-1, max-image-preview:large, max-video-preview:-1\" \/>\n<link rel=\"canonical\" href=\"https:\/\/www.newlifeturkey.com\/bs\/alanja-konakli\/\" \/>\n<meta property=\"og:locale\" content=\"bs_BA\" \/>\n<meta property=\"og:type\" content=\"article\" \/>\n<meta property=\"og:title\" content=\"Alanja, Konakli | Nekretnine u Alanya Turska\" \/>\n<meta property=\"og:description\" content=\"Alanja Konakli je naselje u okrugu Alanya. To je naselje na obali Sredozemnog mora i nalazi se na autoputu D400 na jugu Turske.\" \/>\n<meta property=\"og:url\" content=\"https:\/\/www.newlifeturkey.com\/bs\/alanja-konakli\/\" \/>\n<meta property=\"og:site_name\" content=\"Properties in Alanya Turkey\" \/>\n<meta property=\"article:publisher\" content=\"https:\/\/www.facebook.com\/newlifeturkeyinalanya\/\" \/>\n<meta property=\"article:modified_time\" content=\"2023-04-24T11:11:26+00:00\" \/>\n<meta name=\"twitter:card\" content=\"summary_large_image\" \/>\n<meta name=\"twitter:site\" content=\"@NewLifeAlanya\" \/>\n<meta name=\"twitter:label1\" content=\"Est. reading time\" \/>\n\t<meta name=\"twitter:data1\" content=\"1 minuta\" \/>\n<script type=\"application\/ld+json\" class=\"yoast-schema-graph\">{\"@context\":\"https:\/\/schema.org\",\"@graph\":[{\"@type\":\"WebPage\",\"@id\":\"https:\/\/www.newlifeturkey.com\/bs\/alanja-konakli\/\",\"url\":\"https:\/\/www.newlifeturkey.com\/bs\/alanja-konakli\/\",\"name\":\"Alanja, Konakli | Nekretnine u Alanya Turska\",\"isPartOf\":{\"@id\":\"https:\/\/www.newlifeturkey.com\/bs\/#website\"},\"datePublished\":\"2023-04-23T11:33:23+00:00\",\"dateModified\":\"2023-04-24T11:11:26+00:00\",\"description\":\"Alanja Konakli je naselje u okrugu Alanya. To je naselje na obali Sredozemnog mora i nalazi se na autoputu D400 na jugu Turske.\",\"breadcrumb\":{\"@id\":\"https:\/\/www.newlifeturkey.com\/bs\/alanja-konakli\/#breadcrumb\"},\"inLanguage\":\"bs-BA\",\"potentialAction\":[{\"@type\":\"ReadAction\",\"target\":[\"https:\/\/www.newlifeturkey.com\/bs\/alanja-konakli\/\"]}]},{\"@type\":\"BreadcrumbList\",\"@id\":\"https:\/\/www.newlifeturkey.com\/bs\/alanja-konakli\/#breadcrumb\",\"itemListElement\":[{\"@type\":\"ListItem\",\"position\":1,\"name\":\"Home\",\"item\":\"https:\/\/www.newlifeturkey.com\/bs\/\"},{\"@type\":\"ListItem\",\"position\":2,\"name\":\"Alanja, Konakli\"}]},{\"@type\":\"WebSite\",\"@id\":\"https:\/\/www.newlifeturkey.com\/bs\/#website\",\"url\":\"https:\/\/www.newlifeturkey.com\/bs\/\",\"name\":\"Properties in Alanya Turkey\",\"description\":\"New Life Turkey\",\"potentialAction\":[{\"@type\":\"SearchAction\",\"target\":{\"@type\":\"EntryPoint\",\"urlTemplate\":\"https:\/\/www.newlifeturkey.com\/bs\/?s={search_term_string}\"},\"query-input\":\"required name=search_term_string\"}],\"inLanguage\":\"bs-BA\"}]}<\/script>\n<!-- \/ Yoast SEO plugin. -->","yoast_head_json":{"title":"Alanja, Konakli | Nekretnine u Alanya Turska","description":"Alanja Konakli je naselje u okrugu Alanya. To je naselje na obali Sredozemnog mora i nalazi se na autoputu D400 na jugu Turske.","robots":{"index":"index","follow":"follow","max-snippet":"max-snippet:-1","max-image-preview":"max-image-preview:large","max-video-preview":"max-video-preview:-1"},"canonical":"https:\/\/www.newlifeturkey.com\/bs\/alanja-konakli\/","og_locale":"bs_BA","og_type":"article","og_title":"Alanja, Konakli | Nekretnine u Alanya Turska","og_description":"Alanja Konakli je naselje u okrugu Alanya. To je naselje na obali Sredozemnog mora i nalazi se na autoputu D400 na jugu Turske.","og_url":"https:\/\/www.newlifeturkey.com\/bs\/alanja-konakli\/","og_site_name":"Properties in Alanya Turkey","article_publisher":"https:\/\/www.facebook.com\/newlifeturkeyinalanya\/","article_modified_time":"2023-04-24T11:11:26+00:00","twitter_card":"summary_large_image","twitter_site":"@NewLifeAlanya","twitter_misc":{"Est. reading time":"1 minuta"},"schema":{"@context":"https:\/\/schema.org","@graph":[{"@type":"WebPage","@id":"https:\/\/www.newlifeturkey.com\/bs\/alanja-konakli\/","url":"https:\/\/www.newlifeturkey.com\/bs\/alanja-konakli\/","name":"Alanja, Konakli | Nekretnine u Alanya Turska","isPartOf":{"@id":"https:\/\/www.newlifeturkey.com\/bs\/#website"},"datePublished":"2023-04-23T11:33:23+00:00","dateModified":"2023-04-24T11:11:26+00:00","description":"Alanja Konakli je naselje u okrugu Alanya. To je naselje na obali Sredozemnog mora i nalazi se na autoputu D400 na jugu Turske.","breadcrumb":{"@id":"https:\/\/www.newlifeturkey.com\/bs\/alanja-konakli\/#breadcrumb"},"inLanguage":"bs-BA","potentialAction":[{"@type":"ReadAction","target":["https:\/\/www.newlifeturkey.com\/bs\/alanja-konakli\/"]}]},{"@type":"BreadcrumbList","@id":"https:\/\/www.newlifeturkey.com\/bs\/alanja-konakli\/#breadcrumb","itemListElement":[{"@type":"ListItem","position":1,"name":"Home","item":"https:\/\/www.newlifeturkey.com\/bs\/"},{"@type":"ListItem","position":2,"name":"Alanja, Konakli"}]},{"@type":"WebSite","@id":"https:\/\/www.newlifeturkey.com\/bs\/#website","url":"https:\/\/www.newlifeturkey.com\/bs\/","name":"Properties in Alanya Turkey","description":"New Life Turkey","potentialAction":[{"@type":"SearchAction","target":{"@type":"EntryPoint","urlTemplate":"https:\/\/www.newlifeturkey.com\/bs\/?s={search_term_string}"},"query-input":"required name=search_term_string"}],"inLanguage":"bs-BA"}]}},"_links":{"self":[{"href":"https:\/\/www.newlifeturkey.com\/bs\/wp-json\/wp\/v2\/pages\/62767","targetHints":{"allow":["GET"]}}],"collection":[{"href":"https:\/\/www.newlifeturkey.com\/bs\/wp-json\/wp\/v2\/pages"}],"about":[{"href":"https:\/\/www.newlifeturkey.com\/bs\/wp-json\/wp\/v2\/types\/page"}],"author":[{"embeddable":true,"href":"https:\/\/www.newlifeturkey.com\/bs\/wp-json\/wp\/v2\/users\/3"}],"replies":[{"embeddable":true,"href":"https:\/\/www.newlifeturkey.com\/bs\/wp-json\/wp\/v2\/comments?post=62767"}],"version-history":[{"count":1,"href":"https:\/\/www.newlifeturkey.com\/bs\/wp-json\/wp\/v2\/pages\/62767\/revisions"}],"predecessor-version":[{"id":62768,"href":"https:\/\/www.newlifeturkey.com\/bs\/wp-json\/wp\/v2\/pages\/62767\/revisions\/62768"}],"wp:attachment":[{"href":"https:\/\/www.newlifeturkey.com\/bs\/wp-json\/wp\/v2\/media?parent=62767"}],"curies":[{"name":"wp","href":"https:\/\/api.w.org\/{rel}","templated":true}]}}