{"id":62769,"date":"2023-04-23T11:44:56","date_gmt":"2023-04-23T11:44:56","guid":{"rendered":"https:\/\/www.newlifeturkey.com\/?page_id=62769"},"modified":"2023-04-24T11:13:41","modified_gmt":"2023-04-24T11:13:41","slug":"alanja-avsallar","status":"publish","type":"page","link":"https:\/\/www.newlifeturkey.com\/bs\/alanja-avsallar\/","title":{"rendered":"Alanja, Avsallar"},"content":{"rendered":"<h4>Alanja, Avsallar<\/h4>\n<p style=\"text-align: justify;\">Alanja Avsallar je kvart okruga Alanya u provinciji Antalya. Udaljenost do Alanje je 25 km. Udaljenost do Antalije je 105 km. Vjeruje se da je Avsallar osnovala grupa Turaka Oguza koji su pripadali plemenu Avshar iz Kencek Senira (istorijsko naselje u provinciji Talas u Kirgistanu) u 15. vijeku. Smatra se da je ime Avsallar oblik Avsharlar. Ranije naselje bilo je sjeverno od dana\u0161njeg Avsalara. Godine 1843. nakon po\u017eara, ljudi su se preselili na dana\u0161nje mjesto. 1986. godine Avsallar je progla\u0161en gradom. Fina pje\u0161\u010dana pla\u017ea u ovom podru\u010dju je savr\u0161ena za porodice sa djecom.<\/p>\n<p style=\"text-align: justify;\">Oni su dali ime najbli\u017eoj pla\u017ei Incekum (sitni pijesak). To je mirno podru\u010dje s procvatnim centrom i omiljeno ne samo od strane lokalnog stanovni\u0161tva ve\u0107 i od strane stanovnika \u0161irom Evrope. Gornji dio Avsalara okru\u017een je \u0161umama. Ose\u0107ate miris borova svuda. Avsallar je povezan sa lokalnim transportnim sistemom tako da mo\u017eete lako do\u0107i do centra grada Alanje. Ako preferirate mirno podru\u010dje sa prirodnim okru\u017eenjem, onda je gornji dio Avsalara pravo podru\u010dje za vas. Prona\u0111ite na\u0161e ponude <a href=\"https:\/\/www.newlifeturkey.com\/bs\/nekretnine-u-turskoj\/\">nekretnina<\/a> u Alanji ovdje ili <a href=\"https:\/\/wa.link\/liay6l\">nas pozovite direktno<\/a>.<\/p>\n","protected":false},"excerpt":{"rendered":"<p>Alanja, Avsallar Alanja Avsallar je kvart okruga Alanya u provinciji Antalya. Udaljenost do Alanje je 25 km. Udaljenost do Antalije je 105 km. Vjeruje se da je Avsallar osnovala grupa Turaka Oguza koji su pripadali plemenu Avshar iz Kencek Senira (istorijsko naselje u provinciji Talas u Kirgistanu) u 15. vijeku. Smatra se da je ime Avsallar oblik Avsharlar. Ranije naselje bilo je sjeverno od &#8230;<\/p>\n","protected":false},"author":3,"featured_media":0,"parent":0,"menu_order":0,"comment_status":"closed","ping_status":"closed","template":"property_list.php","meta":{"footnotes":""},"class_list":["post-62769","page","type-page","status-publish","hentry"],"yoast_head":"<!-- This site is optimized with the Yoast SEO plugin v23.2 - https:\/\/yoast.com\/wordpress\/plugins\/seo\/ -->\n<title>Alanja, Avsallar | Nekretnine u Alanya Turska<\/title>\n<meta name=\"description\" content=\"Alanja Avsallar je kvart okruga Alanya u provinciji Antalya. Udaljenost do Alanje je 25 km. Udaljenost do Antalije je 105 km.\" \/>\n<meta name=\"robots\" content=\"index, follow, max-snippet:-1, max-image-preview:large, max-video-preview:-1\" \/>\n<link rel=\"canonical\" href=\"https:\/\/www.newlifeturkey.com\/bs\/alanja-avsallar\/\" \/>\n<meta property=\"og:locale\" content=\"bs_BA\" \/>\n<meta property=\"og:type\" content=\"article\" \/>\n<meta property=\"og:title\" content=\"Alanja, Avsallar | Nekretnine u Alanya Turska\" \/>\n<meta property=\"og:description\" content=\"Alanja Avsallar je kvart okruga Alanya u provinciji Antalya. Udaljenost do Alanje je 25 km. Udaljenost do Antalije je 105 km.\" \/>\n<meta property=\"og:url\" content=\"https:\/\/www.newlifeturkey.com\/bs\/alanja-avsallar\/\" \/>\n<meta property=\"og:site_name\" content=\"Properties in Alanya Turkey\" \/>\n<meta property=\"article:publisher\" content=\"https:\/\/www.facebook.com\/newlifeturkeyinalanya\/\" \/>\n<meta property=\"article:modified_time\" content=\"2023-04-24T11:13:41+00:00\" \/>\n<meta name=\"twitter:card\" content=\"summary_large_image\" \/>\n<meta name=\"twitter:site\" content=\"@NewLifeAlanya\" \/>\n<meta name=\"twitter:label1\" content=\"Est. reading time\" \/>\n\t<meta name=\"twitter:data1\" content=\"1 minuta\" \/>\n<script type=\"application\/ld+json\" class=\"yoast-schema-graph\">{\"@context\":\"https:\/\/schema.org\",\"@graph\":[{\"@type\":\"WebPage\",\"@id\":\"https:\/\/www.newlifeturkey.com\/bs\/alanja-avsallar\/\",\"url\":\"https:\/\/www.newlifeturkey.com\/bs\/alanja-avsallar\/\",\"name\":\"Alanja, Avsallar | Nekretnine u Alanya Turska\",\"isPartOf\":{\"@id\":\"https:\/\/www.newlifeturkey.com\/bs\/#website\"},\"datePublished\":\"2023-04-23T11:44:56+00:00\",\"dateModified\":\"2023-04-24T11:13:41+00:00\",\"description\":\"Alanja Avsallar je kvart okruga Alanya u provinciji Antalya. Udaljenost do Alanje je 25 km. Udaljenost do Antalije je 105 km.\",\"breadcrumb\":{\"@id\":\"https:\/\/www.newlifeturkey.com\/bs\/alanja-avsallar\/#breadcrumb\"},\"inLanguage\":\"bs-BA\",\"potentialAction\":[{\"@type\":\"ReadAction\",\"target\":[\"https:\/\/www.newlifeturkey.com\/bs\/alanja-avsallar\/\"]}]},{\"@type\":\"BreadcrumbList\",\"@id\":\"https:\/\/www.newlifeturkey.com\/bs\/alanja-avsallar\/#breadcrumb\",\"itemListElement\":[{\"@type\":\"ListItem\",\"position\":1,\"name\":\"Home\",\"item\":\"https:\/\/www.newlifeturkey.com\/bs\/\"},{\"@type\":\"ListItem\",\"position\":2,\"name\":\"Alanja, Avsallar\"}]},{\"@type\":\"WebSite\",\"@id\":\"https:\/\/www.newlifeturkey.com\/bs\/#website\",\"url\":\"https:\/\/www.newlifeturkey.com\/bs\/\",\"name\":\"Properties in Alanya Turkey\",\"description\":\"New Life Turkey\",\"potentialAction\":[{\"@type\":\"SearchAction\",\"target\":{\"@type\":\"EntryPoint\",\"urlTemplate\":\"https:\/\/www.newlifeturkey.com\/bs\/?s={search_term_string}\"},\"query-input\":\"required name=search_term_string\"}],\"inLanguage\":\"bs-BA\"}]}<\/script>\n<!-- \/ Yoast SEO plugin. -->","yoast_head_json":{"title":"Alanja, Avsallar | Nekretnine u Alanya Turska","description":"Alanja Avsallar je kvart okruga Alanya u provinciji Antalya. Udaljenost do Alanje je 25 km. Udaljenost do Antalije je 105 km.","robots":{"index":"index","follow":"follow","max-snippet":"max-snippet:-1","max-image-preview":"max-image-preview:large","max-video-preview":"max-video-preview:-1"},"canonical":"https:\/\/www.newlifeturkey.com\/bs\/alanja-avsallar\/","og_locale":"bs_BA","og_type":"article","og_title":"Alanja, Avsallar | Nekretnine u Alanya Turska","og_description":"Alanja Avsallar je kvart okruga Alanya u provinciji Antalya. Udaljenost do Alanje je 25 km. Udaljenost do Antalije je 105 km.","og_url":"https:\/\/www.newlifeturkey.com\/bs\/alanja-avsallar\/","og_site_name":"Properties in Alanya Turkey","article_publisher":"https:\/\/www.facebook.com\/newlifeturkeyinalanya\/","article_modified_time":"2023-04-24T11:13:41+00:00","twitter_card":"summary_large_image","twitter_site":"@NewLifeAlanya","twitter_misc":{"Est. reading time":"1 minuta"},"schema":{"@context":"https:\/\/schema.org","@graph":[{"@type":"WebPage","@id":"https:\/\/www.newlifeturkey.com\/bs\/alanja-avsallar\/","url":"https:\/\/www.newlifeturkey.com\/bs\/alanja-avsallar\/","name":"Alanja, Avsallar | Nekretnine u Alanya Turska","isPartOf":{"@id":"https:\/\/www.newlifeturkey.com\/bs\/#website"},"datePublished":"2023-04-23T11:44:56+00:00","dateModified":"2023-04-24T11:13:41+00:00","description":"Alanja Avsallar je kvart okruga Alanya u provinciji Antalya. Udaljenost do Alanje je 25 km. Udaljenost do Antalije je 105 km.","breadcrumb":{"@id":"https:\/\/www.newlifeturkey.com\/bs\/alanja-avsallar\/#breadcrumb"},"inLanguage":"bs-BA","potentialAction":[{"@type":"ReadAction","target":["https:\/\/www.newlifeturkey.com\/bs\/alanja-avsallar\/"]}]},{"@type":"BreadcrumbList","@id":"https:\/\/www.newlifeturkey.com\/bs\/alanja-avsallar\/#breadcrumb","itemListElement":[{"@type":"ListItem","position":1,"name":"Home","item":"https:\/\/www.newlifeturkey.com\/bs\/"},{"@type":"ListItem","position":2,"name":"Alanja, Avsallar"}]},{"@type":"WebSite","@id":"https:\/\/www.newlifeturkey.com\/bs\/#website","url":"https:\/\/www.newlifeturkey.com\/bs\/","name":"Properties in Alanya Turkey","description":"New Life Turkey","potentialAction":[{"@type":"SearchAction","target":{"@type":"EntryPoint","urlTemplate":"https:\/\/www.newlifeturkey.com\/bs\/?s={search_term_string}"},"query-input":"required name=search_term_string"}],"inLanguage":"bs-BA"}]}},"_links":{"self":[{"href":"https:\/\/www.newlifeturkey.com\/bs\/wp-json\/wp\/v2\/pages\/62769","targetHints":{"allow":["GET"]}}],"collection":[{"href":"https:\/\/www.newlifeturkey.com\/bs\/wp-json\/wp\/v2\/pages"}],"about":[{"href":"https:\/\/www.newlifeturkey.com\/bs\/wp-json\/wp\/v2\/types\/page"}],"author":[{"embeddable":true,"href":"https:\/\/www.newlifeturkey.com\/bs\/wp-json\/wp\/v2\/users\/3"}],"replies":[{"embeddable":true,"href":"https:\/\/www.newlifeturkey.com\/bs\/wp-json\/wp\/v2\/comments?post=62769"}],"version-history":[{"count":1,"href":"https:\/\/www.newlifeturkey.com\/bs\/wp-json\/wp\/v2\/pages\/62769\/revisions"}],"predecessor-version":[{"id":62770,"href":"https:\/\/www.newlifeturkey.com\/bs\/wp-json\/wp\/v2\/pages\/62769\/revisions\/62770"}],"wp:attachment":[{"href":"https:\/\/www.newlifeturkey.com\/bs\/wp-json\/wp\/v2\/media?parent=62769"}],"curies":[{"name":"wp","href":"https:\/\/api.w.org\/{rel}","templated":true}]}}