{"id":22902,"date":"2017-06-12T04:28:22","date_gmt":"2017-06-12T04:28:22","guid":{"rendered":"http:\/\/new.newlifeturkey.com\/apartments-in-turkey\/"},"modified":"2023-04-14T09:00:10","modified_gmt":"2023-04-14T09:00:10","slug":"wohnungen-in-alanya","status":"publish","type":"page","link":"https:\/\/www.newlifeturkey.com\/de\/wohnungen-in-alanya\/","title":{"rendered":"Wohnungen in Alanya"},"content":{"rendered":"<h3 style=\"text-align: justify;\"><strong>Wohnungen in Alanya<\/strong><\/h3>\n<p style=\"text-align: justify;\">Wir sind der Immobilienmakler Ihres Vertrauens. New Life Immobilien ist ein Unternehmen, welches sich auf den Verkauf von Wohnungen in Alanya und an der T\u00fcrkischen Riviera spezialisiert hat.<\/p>\n<h4 style=\"text-align: justify;\">Warum Sie sich f\u00fcr eine Wohnung in Alanya entscheiden sollten<\/h4>\n<p style=\"text-align: justify;\">Nicht nur das milde Klima in den Wintermonaten, auch die Sommermonate sind bestens geeignet, um dem grauen Alltag und die verregneten Tage in der Heimat zu entfliehen, das hei\u00dft, dass Alanya genau der richtige Platz f\u00fcr Sie ist. Mit ca. 300 Tagen Sonne im Jahr k\u00f6nnen Sie nicht nur Ihren Urlaub in Alanya verbringen, weiterhin sollten auch Sie sich wie viele unserer Kunden zuvor f\u00fcr eine\u00a0<a href=\"https:\/\/www.newlifeturkey.com\/de\/wohnungen-in-alanya\/\"><strong>Wohnung in Alanya<\/strong><\/a>\u00a0entscheiden.<\/p>\n<h4 style=\"text-align: justify;\">Wohnen, wo andere Urlaub machen &#8211; Wohnen in Alanya<\/h4>\n<p style=\"text-align: justify;\">Attraktive Immobilienpreise und g\u00fcnstige Lebenshaltungskosten locken immer mehr Residenten und Ruhest\u00e4ndler an die T\u00fcrkische Riviera. Auch immer mehr Urlauber entscheiden sich, ihre freien Tage in ihrer eigenen Wohnung\u00a0 in Alanya zu verbringen.\u00a0<strong>Wohnungen in Alanya<\/strong>, Schn\u00e4ppchen, Villen mit Meerblick; Wir bieten ihnen jegliche Immobilien in Alanya. Unser Unternehmen ist Spezialist f\u00fcr den Verkauf von Wohnungen in Alanya an der T\u00fcrkischen Riviera.<\/p>\n<p style=\"text-align: justify;\">Sie sind auf der Suche nach einer Wohnung an der T\u00fcrkischen Riviera? Bei uns finden Sie die aktuellsten Wohnungsangebote. Bei uns finden Sie aktuelle Wohnungsangebote. Wir bieten nicht nur Wohnungen in Alanya an, sondern auch in Istanbul und auf <a href=\"https:\/\/www.newlifecyprus.com\/de\/immobilien-in-zypern\/\">Zypern<\/a>.<\/p>\n<p style=\"text-align: justify;\">Das gleiche gilt nat\u00fcrlich auch f\u00fcr unsere Villenangebote. Sie suchen eine Haus\/Villa mit privatem Garten und Pool? Auch da sind Sie bei uns genau richtig. Genie\u00dfen Sie Ihre Aufenthalte in Ihrer ganz privaten Traumvilla in Alanya.<\/p>\n<p style=\"text-align: justify;\">M\u00f6chten Sie selber bauen? Wir haben Grundst\u00fccke in den besten Lagen in Alanya und den Vororten Oba, Cikcilli, Tosmur, Kestel und Mahmutlar, Kargicak, Demirtas, Yesil\u00f6z oder Avsallar und Konakli.<\/p>\n<p style=\"text-align: justify;\">Wir haben die passenden Angebote f\u00fcr jeden Geschmack und f\u00fcr jeden Geldbeutel. \u00dcberzeugen Sie sich selbst! Besuchen Sie auch unsere Seite oder <a href=\"https:\/\/wa.link\/rlkijr\">rufen Sie uns an<\/a>.<\/p>\n","protected":false},"excerpt":{"rendered":"<p>Wohnungen in Alanya Wir sind der Immobilienmakler Ihres Vertrauens. New Life Immobilien ist ein Unternehmen, welches sich auf den Verkauf von Wohnungen in Alanya und an der T\u00fcrkischen Riviera spezialisiert hat. Warum Sie sich f\u00fcr eine Wohnung in Alanya entscheiden sollten Nicht nur das milde Klima in den Wintermonaten, auch die Sommermonate sind bestens geeignet, um dem grauen Alltag und die verregneten Tage in &#8230;<\/p>\n","protected":false},"author":1,"featured_media":0,"parent":0,"menu_order":0,"comment_status":"closed","ping_status":"closed","template":"property_list.php","meta":{"footnotes":""},"class_list":["post-22902","page","type-page","status-publish","hentry"],"yoast_head":"<!-- This site is optimized with the Yoast SEO plugin v23.2 - https:\/\/yoast.com\/wordpress\/plugins\/seo\/ -->\n<title>Wohnungen in Alanya - Mit uns finden Sie Ihre Wohnung in Alanya<\/title>\n<meta name=\"description\" content=\"Wir als langj\u00e4hriger Immobilienmakler in Alanya bieten Ihnen Wohnungen in Alanya zu jedem Preis. Rufen Sie uns jederzeit an.\" \/>\n<meta name=\"robots\" content=\"index, follow, max-snippet:-1, max-image-preview:large, max-video-preview:-1\" \/>\n<link rel=\"canonical\" href=\"https:\/\/www.newlifeturkey.com\/de\/wohnungen-in-alanya\/\" \/>\n<meta property=\"og:locale\" content=\"de_DE\" \/>\n<meta property=\"og:type\" content=\"article\" \/>\n<meta property=\"og:title\" content=\"Wohnungen in Alanya - Mit uns finden Sie Ihre Wohnung in Alanya\" \/>\n<meta property=\"og:description\" content=\"Wir als langj\u00e4hriger Immobilienmakler in Alanya bieten Ihnen Wohnungen in Alanya zu jedem Preis. Rufen Sie uns jederzeit an.\" \/>\n<meta property=\"og:url\" content=\"https:\/\/www.newlifeturkey.com\/de\/wohnungen-in-alanya\/\" \/>\n<meta property=\"og:site_name\" content=\"Properties in Alanya Turkey\" \/>\n<meta property=\"article:publisher\" content=\"https:\/\/www.facebook.com\/newlifeturkeyinalanya\/\" \/>\n<meta property=\"article:modified_time\" content=\"2023-04-14T09:00:10+00:00\" \/>\n<meta name=\"twitter:card\" content=\"summary_large_image\" \/>\n<meta name=\"twitter:site\" content=\"@NewLifeAlanya\" \/>\n<meta name=\"twitter:label1\" content=\"Gesch\u00e4tzte Lesezeit\" \/>\n\t<meta name=\"twitter:data1\" content=\"2\u00a0Minuten\" \/>\n<script type=\"application\/ld+json\" class=\"yoast-schema-graph\">{\"@context\":\"https:\/\/schema.org\",\"@graph\":[{\"@type\":\"WebPage\",\"@id\":\"https:\/\/www.newlifeturkey.com\/de\/wohnungen-in-alanya\/\",\"url\":\"https:\/\/www.newlifeturkey.com\/de\/wohnungen-in-alanya\/\",\"name\":\"Wohnungen in Alanya - Mit uns finden Sie Ihre Wohnung in Alanya\",\"isPartOf\":{\"@id\":\"https:\/\/www.newlifeturkey.com\/de\/#website\"},\"datePublished\":\"2017-06-12T04:28:22+00:00\",\"dateModified\":\"2023-04-14T09:00:10+00:00\",\"description\":\"Wir als langj\u00e4hriger Immobilienmakler in Alanya bieten Ihnen Wohnungen in Alanya zu jedem Preis. Rufen Sie uns jederzeit an.\",\"breadcrumb\":{\"@id\":\"https:\/\/www.newlifeturkey.com\/de\/wohnungen-in-alanya\/#breadcrumb\"},\"inLanguage\":\"de\",\"potentialAction\":[{\"@type\":\"ReadAction\",\"target\":[\"https:\/\/www.newlifeturkey.com\/de\/wohnungen-in-alanya\/\"]}]},{\"@type\":\"BreadcrumbList\",\"@id\":\"https:\/\/www.newlifeturkey.com\/de\/wohnungen-in-alanya\/#breadcrumb\",\"itemListElement\":[{\"@type\":\"ListItem\",\"position\":1,\"name\":\"Home\",\"item\":\"https:\/\/www.newlifeturkey.com\/de\/\"},{\"@type\":\"ListItem\",\"position\":2,\"name\":\"Wohnungen in Alanya\"}]},{\"@type\":\"WebSite\",\"@id\":\"https:\/\/www.newlifeturkey.com\/de\/#website\",\"url\":\"https:\/\/www.newlifeturkey.com\/de\/\",\"name\":\"Properties in Alanya Turkey\",\"description\":\"New Life Turkey\",\"potentialAction\":[{\"@type\":\"SearchAction\",\"target\":{\"@type\":\"EntryPoint\",\"urlTemplate\":\"https:\/\/www.newlifeturkey.com\/de\/?s={search_term_string}\"},\"query-input\":\"required name=search_term_string\"}],\"inLanguage\":\"de\"}]}<\/script>\n<!-- \/ Yoast SEO plugin. -->","yoast_head_json":{"title":"Wohnungen in Alanya - Mit uns finden Sie Ihre Wohnung in Alanya","description":"Wir als langj\u00e4hriger Immobilienmakler in Alanya bieten Ihnen Wohnungen in Alanya zu jedem Preis. Rufen Sie uns jederzeit an.","robots":{"index":"index","follow":"follow","max-snippet":"max-snippet:-1","max-image-preview":"max-image-preview:large","max-video-preview":"max-video-preview:-1"},"canonical":"https:\/\/www.newlifeturkey.com\/de\/wohnungen-in-alanya\/","og_locale":"de_DE","og_type":"article","og_title":"Wohnungen in Alanya - Mit uns finden Sie Ihre Wohnung in Alanya","og_description":"Wir als langj\u00e4hriger Immobilienmakler in Alanya bieten Ihnen Wohnungen in Alanya zu jedem Preis. Rufen Sie uns jederzeit an.","og_url":"https:\/\/www.newlifeturkey.com\/de\/wohnungen-in-alanya\/","og_site_name":"Properties in Alanya Turkey","article_publisher":"https:\/\/www.facebook.com\/newlifeturkeyinalanya\/","article_modified_time":"2023-04-14T09:00:10+00:00","twitter_card":"summary_large_image","twitter_site":"@NewLifeAlanya","twitter_misc":{"Gesch\u00e4tzte Lesezeit":"2\u00a0Minuten"},"schema":{"@context":"https:\/\/schema.org","@graph":[{"@type":"WebPage","@id":"https:\/\/www.newlifeturkey.com\/de\/wohnungen-in-alanya\/","url":"https:\/\/www.newlifeturkey.com\/de\/wohnungen-in-alanya\/","name":"Wohnungen in Alanya - Mit uns finden Sie Ihre Wohnung in Alanya","isPartOf":{"@id":"https:\/\/www.newlifeturkey.com\/de\/#website"},"datePublished":"2017-06-12T04:28:22+00:00","dateModified":"2023-04-14T09:00:10+00:00","description":"Wir als langj\u00e4hriger Immobilienmakler in Alanya bieten Ihnen Wohnungen in Alanya zu jedem Preis. Rufen Sie uns jederzeit an.","breadcrumb":{"@id":"https:\/\/www.newlifeturkey.com\/de\/wohnungen-in-alanya\/#breadcrumb"},"inLanguage":"de","potentialAction":[{"@type":"ReadAction","target":["https:\/\/www.newlifeturkey.com\/de\/wohnungen-in-alanya\/"]}]},{"@type":"BreadcrumbList","@id":"https:\/\/www.newlifeturkey.com\/de\/wohnungen-in-alanya\/#breadcrumb","itemListElement":[{"@type":"ListItem","position":1,"name":"Home","item":"https:\/\/www.newlifeturkey.com\/de\/"},{"@type":"ListItem","position":2,"name":"Wohnungen in Alanya"}]},{"@type":"WebSite","@id":"https:\/\/www.newlifeturkey.com\/de\/#website","url":"https:\/\/www.newlifeturkey.com\/de\/","name":"Properties in Alanya Turkey","description":"New Life Turkey","potentialAction":[{"@type":"SearchAction","target":{"@type":"EntryPoint","urlTemplate":"https:\/\/www.newlifeturkey.com\/de\/?s={search_term_string}"},"query-input":"required name=search_term_string"}],"inLanguage":"de"}]}},"_links":{"self":[{"href":"https:\/\/www.newlifeturkey.com\/de\/wp-json\/wp\/v2\/pages\/22902","targetHints":{"allow":["GET"]}}],"collection":[{"href":"https:\/\/www.newlifeturkey.com\/de\/wp-json\/wp\/v2\/pages"}],"about":[{"href":"https:\/\/www.newlifeturkey.com\/de\/wp-json\/wp\/v2\/types\/page"}],"author":[{"embeddable":true,"href":"https:\/\/www.newlifeturkey.com\/de\/wp-json\/wp\/v2\/users\/1"}],"replies":[{"embeddable":true,"href":"https:\/\/www.newlifeturkey.com\/de\/wp-json\/wp\/v2\/comments?post=22902"}],"version-history":[{"count":8,"href":"https:\/\/www.newlifeturkey.com\/de\/wp-json\/wp\/v2\/pages\/22902\/revisions"}],"predecessor-version":[{"id":62104,"href":"https:\/\/www.newlifeturkey.com\/de\/wp-json\/wp\/v2\/pages\/22902\/revisions\/62104"}],"wp:attachment":[{"href":"https:\/\/www.newlifeturkey.com\/de\/wp-json\/wp\/v2\/media?parent=22902"}],"curies":[{"name":"wp","href":"https:\/\/api.w.org\/{rel}","templated":true}]}}