{"id":22917,"date":"2017-06-12T04:48:57","date_gmt":"2017-06-12T04:48:57","guid":{"rendered":"http:\/\/new.newlifeturkey.com\/property-in-turkey\/"},"modified":"2023-04-14T08:53:23","modified_gmt":"2023-04-14T08:53:23","slug":"immobilien-in-der-tuerkei","status":"publish","type":"page","link":"https:\/\/www.newlifeturkey.com\/de\/immobilien-in-der-tuerkei\/","title":{"rendered":"Immobilien in der T\u00fcrkei"},"content":{"rendered":"<div class=\"wpb-content-wrapper\"><p>[vc_row][vc_column][vc_column_text]<\/p>\n<p style=\"text-align: justify;\">New Life Real Estate ist ein auf Immobilienberatung spezialisiertes Unternehmen. Wir helfen Ihnen, Ihre Immobilie in Alanya zu finden.<\/p>\n<h4 style=\"text-align: justify;\">Warum Sie sich f\u00fcr eine Immobilie in Alanya entscheiden sollten.<\/h4>\n<p style=\"text-align: justify;\">Immobilien in <a href=\"https:\/\/www.newlifeturkey.com\/de\/tuerkei\/alanya\/\">Alanya<\/a> erfahren derzeit eine enorme Wertsteigerung. Daher sollten Sie sich die Gelegenheit nicht entgehen lassen, einen Blick auf unsere Immobilienangebote zu werfen.<\/p>\n<h5 style=\"text-align: justify;\">Warum Alanya?<\/h5>\n<p style=\"text-align: justify;\">Alanya genie\u00dft ein tolles mediterranes Klima mit langen, trockenen Sommern von Mitte Mai bis Mitte Oktober und milden Wintern, nur getrennt durch kurze Herbst- und Fr\u00fchlingsperioden. Im Sommer k\u00f6nnen Sie hohe Temperaturen bei wolkenlosem Himmel genie\u00dfen. Die Meeresbrise schafft in den K\u00fcstengebieten immer eine angenehme Atmosph\u00e4re.<\/p>\n<p style=\"text-align: justify;\">Immer mehr Urlauber entscheiden sich daf\u00fcr, ihre freien Tage in der eigenen Wohnung oder Villa in Alanya zu verbringen. Immobilien in Alanya mit Meerblick; Wir bieten Ihnen jegliche Immobilie in Alanya, die Sie suchen. Unser Unternehmen ist auf den Verkauf von Wohnungen in Alanya an der T\u00fcrkischen Riviera spezialisiert. Aber wir bieten nicht nur eine Immobilie in Alanya an, wir haben auch gro\u00dfartige Investitionsm\u00f6glichkeiten in Istanbul und auf <a href=\"https:\/\/www.newlifecyprus.com\/de\/immobilien-in-zypern\/\">Zypern<\/a>.<\/p>\n<p style=\"text-align: justify;\">New Life Real Estate bietet Ihnen das perfekte Haus in Alanya<\/p>\n<p style=\"text-align: justify;\">Mit uns finden Sie einen zuverl\u00e4ssigen Partner mit langj\u00e4hriger Erfahrung auf dem Immobilienmarkt in Alanya. Wir sind ein dynamisches Unternehmen und bieten Ihnen genau das, was Sie suchen.<\/p>\n<p style=\"text-align: justify;\">Wir haben f\u00fcr jeden Geschmack und jedes Budget das passende Angebot. \u00dcberzeugen Sie sich selbst! Besuchen Sie unsere Seite<a href=\"https:\/\/wa.link\/rlkijr\"> Rufen Sie uns direkt an<\/a>.<\/p>\n<p>[\/vc_column_text][\/vc_column][\/vc_row]<\/p>\n<\/div>","protected":false},"excerpt":{"rendered":"<p>[vc_row][vc_column][vc_column_text] New Life Real Estate ist ein auf Immobilienberatung spezialisiertes Unternehmen. Wir helfen Ihnen, Ihre Immobilie in Alanya zu finden. Warum Sie sich f\u00fcr eine Immobilie in Alanya entscheiden sollten. Immobilien in Alanya erfahren derzeit eine enorme Wertsteigerung. Daher sollten Sie sich die Gelegenheit nicht entgehen lassen, einen Blick auf unsere Immobilienangebote zu werfen. Warum Alanya? Alanya genie\u00dft ein tolles mediterranes Klima mit langen, &#8230;<\/p>\n","protected":false},"author":1,"featured_media":0,"parent":0,"menu_order":0,"comment_status":"closed","ping_status":"closed","template":"property_list.php","meta":{"footnotes":""},"class_list":["post-22917","page","type-page","status-publish","hentry"],"yoast_head":"<!-- This site is optimized with the Yoast SEO plugin v23.2 - https:\/\/yoast.com\/wordpress\/plugins\/seo\/ -->\n<title>Immobilie in Alanya I Kauf Sie eine Immobilie in Alanya<\/title>\n<meta name=\"description\" content=\"Immobilie in Alanya erfahren derzeit eine enorme Wertsteigerung. Daher sollten Sie sich die Gelegenheit nicht entgehen lassen\" \/>\n<meta name=\"robots\" content=\"index, follow, max-snippet:-1, max-image-preview:large, max-video-preview:-1\" \/>\n<link rel=\"canonical\" href=\"https:\/\/www.newlifeturkey.com\/de\/immobilien-in-der-tuerkei\/\" \/>\n<meta property=\"og:locale\" content=\"de_DE\" \/>\n<meta property=\"og:type\" content=\"article\" \/>\n<meta property=\"og:title\" content=\"Immobilie in Alanya I Kauf Sie eine Immobilie in Alanya\" \/>\n<meta property=\"og:description\" content=\"Immobilie in Alanya erfahren derzeit eine enorme Wertsteigerung. Daher sollten Sie sich die Gelegenheit nicht entgehen lassen\" \/>\n<meta property=\"og:url\" content=\"https:\/\/www.newlifeturkey.com\/de\/immobilien-in-der-tuerkei\/\" \/>\n<meta property=\"og:site_name\" content=\"Properties in Alanya Turkey\" \/>\n<meta property=\"article:publisher\" content=\"https:\/\/www.facebook.com\/newlifeturkeyinalanya\/\" \/>\n<meta property=\"article:modified_time\" content=\"2023-04-14T08:53:23+00:00\" \/>\n<meta name=\"twitter:card\" content=\"summary_large_image\" \/>\n<meta name=\"twitter:site\" content=\"@NewLifeAlanya\" \/>\n<meta name=\"twitter:label1\" content=\"Gesch\u00e4tzte Lesezeit\" \/>\n\t<meta name=\"twitter:data1\" content=\"2\u00a0Minuten\" \/>\n<script type=\"application\/ld+json\" class=\"yoast-schema-graph\">{\"@context\":\"https:\/\/schema.org\",\"@graph\":[{\"@type\":\"WebPage\",\"@id\":\"https:\/\/www.newlifeturkey.com\/de\/immobilien-in-der-tuerkei\/\",\"url\":\"https:\/\/www.newlifeturkey.com\/de\/immobilien-in-der-tuerkei\/\",\"name\":\"Immobilie in Alanya I Kauf Sie eine Immobilie in Alanya\",\"isPartOf\":{\"@id\":\"https:\/\/www.newlifeturkey.com\/de\/#website\"},\"datePublished\":\"2017-06-12T04:48:57+00:00\",\"dateModified\":\"2023-04-14T08:53:23+00:00\",\"description\":\"Immobilie in Alanya erfahren derzeit eine enorme Wertsteigerung. Daher sollten Sie sich die Gelegenheit nicht entgehen lassen\",\"breadcrumb\":{\"@id\":\"https:\/\/www.newlifeturkey.com\/de\/immobilien-in-der-tuerkei\/#breadcrumb\"},\"inLanguage\":\"de\",\"potentialAction\":[{\"@type\":\"ReadAction\",\"target\":[\"https:\/\/www.newlifeturkey.com\/de\/immobilien-in-der-tuerkei\/\"]}]},{\"@type\":\"BreadcrumbList\",\"@id\":\"https:\/\/www.newlifeturkey.com\/de\/immobilien-in-der-tuerkei\/#breadcrumb\",\"itemListElement\":[{\"@type\":\"ListItem\",\"position\":1,\"name\":\"Home\",\"item\":\"https:\/\/www.newlifeturkey.com\/de\/\"},{\"@type\":\"ListItem\",\"position\":2,\"name\":\"Immobilien in der T\u00fcrkei\"}]},{\"@type\":\"WebSite\",\"@id\":\"https:\/\/www.newlifeturkey.com\/de\/#website\",\"url\":\"https:\/\/www.newlifeturkey.com\/de\/\",\"name\":\"Properties in Alanya Turkey\",\"description\":\"New Life Turkey\",\"potentialAction\":[{\"@type\":\"SearchAction\",\"target\":{\"@type\":\"EntryPoint\",\"urlTemplate\":\"https:\/\/www.newlifeturkey.com\/de\/?s={search_term_string}\"},\"query-input\":\"required name=search_term_string\"}],\"inLanguage\":\"de\"}]}<\/script>\n<!-- \/ Yoast SEO plugin. -->","yoast_head_json":{"title":"Immobilie in Alanya I Kauf Sie eine Immobilie in Alanya","description":"Immobilie in Alanya erfahren derzeit eine enorme Wertsteigerung. Daher sollten Sie sich die Gelegenheit nicht entgehen lassen","robots":{"index":"index","follow":"follow","max-snippet":"max-snippet:-1","max-image-preview":"max-image-preview:large","max-video-preview":"max-video-preview:-1"},"canonical":"https:\/\/www.newlifeturkey.com\/de\/immobilien-in-der-tuerkei\/","og_locale":"de_DE","og_type":"article","og_title":"Immobilie in Alanya I Kauf Sie eine Immobilie in Alanya","og_description":"Immobilie in Alanya erfahren derzeit eine enorme Wertsteigerung. Daher sollten Sie sich die Gelegenheit nicht entgehen lassen","og_url":"https:\/\/www.newlifeturkey.com\/de\/immobilien-in-der-tuerkei\/","og_site_name":"Properties in Alanya Turkey","article_publisher":"https:\/\/www.facebook.com\/newlifeturkeyinalanya\/","article_modified_time":"2023-04-14T08:53:23+00:00","twitter_card":"summary_large_image","twitter_site":"@NewLifeAlanya","twitter_misc":{"Gesch\u00e4tzte Lesezeit":"2\u00a0Minuten"},"schema":{"@context":"https:\/\/schema.org","@graph":[{"@type":"WebPage","@id":"https:\/\/www.newlifeturkey.com\/de\/immobilien-in-der-tuerkei\/","url":"https:\/\/www.newlifeturkey.com\/de\/immobilien-in-der-tuerkei\/","name":"Immobilie in Alanya I Kauf Sie eine Immobilie in Alanya","isPartOf":{"@id":"https:\/\/www.newlifeturkey.com\/de\/#website"},"datePublished":"2017-06-12T04:48:57+00:00","dateModified":"2023-04-14T08:53:23+00:00","description":"Immobilie in Alanya erfahren derzeit eine enorme Wertsteigerung. Daher sollten Sie sich die Gelegenheit nicht entgehen lassen","breadcrumb":{"@id":"https:\/\/www.newlifeturkey.com\/de\/immobilien-in-der-tuerkei\/#breadcrumb"},"inLanguage":"de","potentialAction":[{"@type":"ReadAction","target":["https:\/\/www.newlifeturkey.com\/de\/immobilien-in-der-tuerkei\/"]}]},{"@type":"BreadcrumbList","@id":"https:\/\/www.newlifeturkey.com\/de\/immobilien-in-der-tuerkei\/#breadcrumb","itemListElement":[{"@type":"ListItem","position":1,"name":"Home","item":"https:\/\/www.newlifeturkey.com\/de\/"},{"@type":"ListItem","position":2,"name":"Immobilien in der T\u00fcrkei"}]},{"@type":"WebSite","@id":"https:\/\/www.newlifeturkey.com\/de\/#website","url":"https:\/\/www.newlifeturkey.com\/de\/","name":"Properties in Alanya Turkey","description":"New Life Turkey","potentialAction":[{"@type":"SearchAction","target":{"@type":"EntryPoint","urlTemplate":"https:\/\/www.newlifeturkey.com\/de\/?s={search_term_string}"},"query-input":"required name=search_term_string"}],"inLanguage":"de"}]}},"_links":{"self":[{"href":"https:\/\/www.newlifeturkey.com\/de\/wp-json\/wp\/v2\/pages\/22917","targetHints":{"allow":["GET"]}}],"collection":[{"href":"https:\/\/www.newlifeturkey.com\/de\/wp-json\/wp\/v2\/pages"}],"about":[{"href":"https:\/\/www.newlifeturkey.com\/de\/wp-json\/wp\/v2\/types\/page"}],"author":[{"embeddable":true,"href":"https:\/\/www.newlifeturkey.com\/de\/wp-json\/wp\/v2\/users\/1"}],"replies":[{"embeddable":true,"href":"https:\/\/www.newlifeturkey.com\/de\/wp-json\/wp\/v2\/comments?post=22917"}],"version-history":[{"count":3,"href":"https:\/\/www.newlifeturkey.com\/de\/wp-json\/wp\/v2\/pages\/22917\/revisions"}],"predecessor-version":[{"id":62103,"href":"https:\/\/www.newlifeturkey.com\/de\/wp-json\/wp\/v2\/pages\/22917\/revisions\/62103"}],"wp:attachment":[{"href":"https:\/\/www.newlifeturkey.com\/de\/wp-json\/wp\/v2\/media?parent=22917"}],"curies":[{"name":"wp","href":"https:\/\/api.w.org\/{rel}","templated":true}]}}