{"id":22949,"date":"2017-06-12T04:45:00","date_gmt":"2017-06-12T04:45:00","guid":{"rendered":"http:\/\/new.newlifeturkey.com\/villas-and-houses-in-turkey\/"},"modified":"2018-01-16T15:14:49","modified_gmt":"2018-01-16T15:14:49","slug":"villen-in-alanya","status":"publish","type":"page","link":"https:\/\/www.newlifeturkey.com\/de\/villen-in-alanya\/","title":{"rendered":"Villen in Alanya"},"content":{"rendered":"<p>Villen und H\u00e4user in Alanya<\/p>\n<p>Sie sind auf der Suche nach einer Villa oder Ihrem Traumhaus an der T\u00fcrkischen Riviera?\u00a0Wir haben die besten\u00a0Angebote f\u00fcr jeden Geschmack und f\u00fcr jeden Geldbeutel. Ferienh\u00e4user, Villen mit Meerblick und privatem Pool und luxuri\u00f6ser Ausstattung oder auch H\u00e4user und Villen aus 2. Hand, in\u00a0<strong>Alanya<\/strong>\u00a0und den Vororten Oba, Cikcilli,\u00a0Tosmur, \u00a0Kestel und Mahmutlar, Kargicak, Demirtas, Yesil\u00f6z oder Avsallar und Konakli. Bei uns finden Sie mit Sicherheit das\u00a0Richtige. Aber wir sind nicht nur spezialisiert auf Villen in Alanya. Suchen Sie ein Haus oder eine Vila in Mersin, Silifke oder auch Tasucu? Dann sehen Sie sich bei uns ganz in Ruhe um. Bei uns finden Sie ganz besondere Angebote.<\/p>\n","protected":false},"excerpt":{"rendered":"<p>Villen und H\u00e4user in Alanya Sie sind auf der Suche nach einer Villa oder Ihrem Traumhaus an der T\u00fcrkischen Riviera?\u00a0Wir haben die besten\u00a0Angebote f\u00fcr jeden Geschmack und f\u00fcr jeden Geldbeutel. Ferienh\u00e4user, Villen mit Meerblick und privatem Pool und luxuri\u00f6ser Ausstattung oder auch H\u00e4user und Villen aus 2. Hand, in\u00a0Alanya\u00a0und den Vororten Oba, Cikcilli,\u00a0Tosmur, \u00a0Kestel und Mahmutlar, Kargicak, Demirtas, Yesil\u00f6z oder Avsallar und Konakli. Bei &#8230;<\/p>\n","protected":false},"author":1,"featured_media":0,"parent":0,"menu_order":0,"comment_status":"closed","ping_status":"closed","template":"property_list.php","meta":{"footnotes":""},"class_list":["post-22949","page","type-page","status-publish","hentry"],"yoast_head":"<!-- This site is optimized with the Yoast SEO plugin v23.2 - https:\/\/yoast.com\/wordpress\/plugins\/seo\/ -->\n<title>Villen in Alanya | Properties in Alanya Turkey<\/title>\n<meta name=\"robots\" content=\"index, follow, max-snippet:-1, max-image-preview:large, max-video-preview:-1\" \/>\n<link rel=\"canonical\" href=\"https:\/\/www.newlifeturkey.com\/de\/villen-in-alanya\/\" \/>\n<meta property=\"og:locale\" content=\"de_DE\" \/>\n<meta property=\"og:type\" content=\"article\" \/>\n<meta property=\"og:title\" content=\"Villen in Alanya | Properties in Alanya Turkey\" \/>\n<meta property=\"og:description\" content=\"Villen und H\u00e4user in Alanya Sie sind auf der Suche nach einer Villa oder Ihrem Traumhaus an der T\u00fcrkischen Riviera?\u00a0Wir haben die besten\u00a0Angebote f\u00fcr jeden Geschmack und f\u00fcr jeden Geldbeutel. Ferienh\u00e4user, Villen mit Meerblick und privatem Pool und luxuri\u00f6ser Ausstattung oder auch H\u00e4user und Villen aus 2. Hand, in\u00a0Alanya\u00a0und den Vororten Oba, Cikcilli,\u00a0Tosmur, \u00a0Kestel und Mahmutlar, Kargicak, Demirtas, Yesil\u00f6z oder Avsallar und Konakli. Bei ...\" \/>\n<meta property=\"og:url\" content=\"https:\/\/www.newlifeturkey.com\/de\/villen-in-alanya\/\" \/>\n<meta property=\"og:site_name\" content=\"Properties in Alanya Turkey\" \/>\n<meta property=\"article:publisher\" content=\"https:\/\/www.facebook.com\/newlifeturkeyinalanya\/\" \/>\n<meta property=\"article:modified_time\" content=\"2018-01-16T15:14:49+00:00\" \/>\n<meta name=\"twitter:card\" content=\"summary_large_image\" \/>\n<meta name=\"twitter:site\" content=\"@NewLifeAlanya\" \/>\n<meta name=\"twitter:label1\" content=\"Gesch\u00e4tzte Lesezeit\" \/>\n\t<meta name=\"twitter:data1\" content=\"1\u00a0Minute\" \/>\n<script type=\"application\/ld+json\" class=\"yoast-schema-graph\">{\"@context\":\"https:\/\/schema.org\",\"@graph\":[{\"@type\":\"WebPage\",\"@id\":\"https:\/\/www.newlifeturkey.com\/de\/villen-in-alanya\/\",\"url\":\"https:\/\/www.newlifeturkey.com\/de\/villen-in-alanya\/\",\"name\":\"Villen in Alanya | Properties in Alanya Turkey\",\"isPartOf\":{\"@id\":\"https:\/\/www.newlifeturkey.com\/de\/#website\"},\"datePublished\":\"2017-06-12T04:45:00+00:00\",\"dateModified\":\"2018-01-16T15:14:49+00:00\",\"breadcrumb\":{\"@id\":\"https:\/\/www.newlifeturkey.com\/de\/villen-in-alanya\/#breadcrumb\"},\"inLanguage\":\"de\",\"potentialAction\":[{\"@type\":\"ReadAction\",\"target\":[\"https:\/\/www.newlifeturkey.com\/de\/villen-in-alanya\/\"]}]},{\"@type\":\"BreadcrumbList\",\"@id\":\"https:\/\/www.newlifeturkey.com\/de\/villen-in-alanya\/#breadcrumb\",\"itemListElement\":[{\"@type\":\"ListItem\",\"position\":1,\"name\":\"Home\",\"item\":\"https:\/\/www.newlifeturkey.com\/de\/\"},{\"@type\":\"ListItem\",\"position\":2,\"name\":\"Villen in Alanya\"}]},{\"@type\":\"WebSite\",\"@id\":\"https:\/\/www.newlifeturkey.com\/de\/#website\",\"url\":\"https:\/\/www.newlifeturkey.com\/de\/\",\"name\":\"Properties in Alanya Turkey\",\"description\":\"New Life Turkey\",\"potentialAction\":[{\"@type\":\"SearchAction\",\"target\":{\"@type\":\"EntryPoint\",\"urlTemplate\":\"https:\/\/www.newlifeturkey.com\/de\/?s={search_term_string}\"},\"query-input\":\"required name=search_term_string\"}],\"inLanguage\":\"de\"}]}<\/script>\n<!-- \/ Yoast SEO plugin. -->","yoast_head_json":{"title":"Villen in Alanya | Properties in Alanya Turkey","robots":{"index":"index","follow":"follow","max-snippet":"max-snippet:-1","max-image-preview":"max-image-preview:large","max-video-preview":"max-video-preview:-1"},"canonical":"https:\/\/www.newlifeturkey.com\/de\/villen-in-alanya\/","og_locale":"de_DE","og_type":"article","og_title":"Villen in Alanya | Properties in Alanya Turkey","og_description":"Villen und H\u00e4user in Alanya Sie sind auf der Suche nach einer Villa oder Ihrem Traumhaus an der T\u00fcrkischen Riviera?\u00a0Wir haben die besten\u00a0Angebote f\u00fcr jeden Geschmack und f\u00fcr jeden Geldbeutel. Ferienh\u00e4user, Villen mit Meerblick und privatem Pool und luxuri\u00f6ser Ausstattung oder auch H\u00e4user und Villen aus 2. Hand, in\u00a0Alanya\u00a0und den Vororten Oba, Cikcilli,\u00a0Tosmur, \u00a0Kestel und Mahmutlar, Kargicak, Demirtas, Yesil\u00f6z oder Avsallar und Konakli. Bei ...","og_url":"https:\/\/www.newlifeturkey.com\/de\/villen-in-alanya\/","og_site_name":"Properties in Alanya Turkey","article_publisher":"https:\/\/www.facebook.com\/newlifeturkeyinalanya\/","article_modified_time":"2018-01-16T15:14:49+00:00","twitter_card":"summary_large_image","twitter_site":"@NewLifeAlanya","twitter_misc":{"Gesch\u00e4tzte Lesezeit":"1\u00a0Minute"},"schema":{"@context":"https:\/\/schema.org","@graph":[{"@type":"WebPage","@id":"https:\/\/www.newlifeturkey.com\/de\/villen-in-alanya\/","url":"https:\/\/www.newlifeturkey.com\/de\/villen-in-alanya\/","name":"Villen in Alanya | Properties in Alanya Turkey","isPartOf":{"@id":"https:\/\/www.newlifeturkey.com\/de\/#website"},"datePublished":"2017-06-12T04:45:00+00:00","dateModified":"2018-01-16T15:14:49+00:00","breadcrumb":{"@id":"https:\/\/www.newlifeturkey.com\/de\/villen-in-alanya\/#breadcrumb"},"inLanguage":"de","potentialAction":[{"@type":"ReadAction","target":["https:\/\/www.newlifeturkey.com\/de\/villen-in-alanya\/"]}]},{"@type":"BreadcrumbList","@id":"https:\/\/www.newlifeturkey.com\/de\/villen-in-alanya\/#breadcrumb","itemListElement":[{"@type":"ListItem","position":1,"name":"Home","item":"https:\/\/www.newlifeturkey.com\/de\/"},{"@type":"ListItem","position":2,"name":"Villen in Alanya"}]},{"@type":"WebSite","@id":"https:\/\/www.newlifeturkey.com\/de\/#website","url":"https:\/\/www.newlifeturkey.com\/de\/","name":"Properties in Alanya Turkey","description":"New Life Turkey","potentialAction":[{"@type":"SearchAction","target":{"@type":"EntryPoint","urlTemplate":"https:\/\/www.newlifeturkey.com\/de\/?s={search_term_string}"},"query-input":"required name=search_term_string"}],"inLanguage":"de"}]}},"_links":{"self":[{"href":"https:\/\/www.newlifeturkey.com\/de\/wp-json\/wp\/v2\/pages\/22949","targetHints":{"allow":["GET"]}}],"collection":[{"href":"https:\/\/www.newlifeturkey.com\/de\/wp-json\/wp\/v2\/pages"}],"about":[{"href":"https:\/\/www.newlifeturkey.com\/de\/wp-json\/wp\/v2\/types\/page"}],"author":[{"embeddable":true,"href":"https:\/\/www.newlifeturkey.com\/de\/wp-json\/wp\/v2\/users\/1"}],"replies":[{"embeddable":true,"href":"https:\/\/www.newlifeturkey.com\/de\/wp-json\/wp\/v2\/comments?post=22949"}],"version-history":[{"count":3,"href":"https:\/\/www.newlifeturkey.com\/de\/wp-json\/wp\/v2\/pages\/22949\/revisions"}],"predecessor-version":[{"id":32149,"href":"https:\/\/www.newlifeturkey.com\/de\/wp-json\/wp\/v2\/pages\/22949\/revisions\/32149"}],"wp:attachment":[{"href":"https:\/\/www.newlifeturkey.com\/de\/wp-json\/wp\/v2\/media?parent=22949"}],"curies":[{"name":"wp","href":"https:\/\/api.w.org\/{rel}","templated":true}]}}