{"id":62169,"date":"2018-01-18T09:35:42","date_gmt":"2018-01-18T09:35:42","guid":{"rendered":"https:\/\/www.newlifeturkey.com\/houses-and-villas-in-alanya\/"},"modified":"2023-04-14T18:53:39","modified_gmt":"2023-04-14T18:53:39","slug":"villen-und-haeuser-in-alanya","status":"publish","type":"page","link":"https:\/\/www.newlifeturkey.com\/de\/villen-und-haeuser-in-alanya\/","title":{"rendered":"Villen und H\u00e4user in Alanya"},"content":{"rendered":"<h4 style=\"text-align: justify;\">Villen und H\u00e4user in Alanya<\/h4>\n<p style=\"text-align: justify;\">Sie sind auf der Suche nach einer Villa oder Ihrem Traumhaus an der T\u00fcrkischen Riviera? Wir haben die besten Villen und H\u00e4user in <a href=\"https:\/\/www.newlifeturkey.com\/de\/tuerkei\/alanya\/\">Alanya<\/a>. Dann sehen Sie sich bei uns ganz in Ruhe um. Bei uns finden Sie ganz besondere Angebote.<\/p>\n<p style=\"text-align: justify;\">Villen in Alanya mit Meerblick und privatem Pool und luxuri\u00f6ser Ausstattung oder auch Villen und H\u00e4user in Alanya aus 2. Hand. Egal nach was Sie auch suchen, wir sind Ihnen dabei behilflich, das richtige Objekt in der richtigen Lage zu finden.<\/p>\n<h5 style=\"text-align: justify;\">Warum Sie sich f\u00fcr eine Villa in Alanya entscheiden sollten<\/h5>\n<p style=\"text-align: justify;\">Nicht nur das milde Klima in den Wintermonaten, auch die Sommermonate sind bestens geeignet, um dem grauen Alltag und die verregneten Tage in der Heimat zu entfliehen daher haben sich bereits viele unserer Kunden f\u00fcr H\u00e4user in Alanya entschieden.<\/p>\n<h5 style=\"text-align: justify;\">Wohnen, wo andere Urlaub machen<\/h5>\n<p style=\"text-align: justify;\">Attraktive Immobilienpreise und g\u00fcnstige Lebenshaltungskosten locken immer mehr Residenten und Ruhest\u00e4ndler an die T\u00fcrkische Riviera. Auch immer mehr Urlauber entscheiden sich, ihre freien Tage in ihrer eigenen Wohnung oder Villa in Alanya zu verbringen.<\/p>\n<h5 style=\"text-align: justify;\">New Life Immobilien bietet Ihnen die H\u00e4user in Alanya, von denen Sie tr\u00e4umen<\/h5>\n<p style=\"text-align: justify;\">Mit uns finden Sie einen zuverl\u00e4ssigen Partner mit langj\u00e4hriger Erfahrung auf dem Immobilienmarkt in Alanya. Wir sind ein dynamisches Unternehmen und bieten Ihnen genau das, was Sie suchen. Suchen Sie eine Wohnung oder doch eher eine Villa?<\/p>\n<p style=\"text-align: justify;\">Wir haben die passenden Angebote f\u00fcr jeden Geschmack und f\u00fcr jeden Geldbeutel. \u00dcberzeugen Sie sich selbst! Besuchen Sie auch unsere Seite oder <a href=\"https:\/\/wa.link\/rlkijr\">rufen Sie uns an<\/a>.<\/p>\n","protected":false},"excerpt":{"rendered":"<p>Villen und H\u00e4user in Alanya Sie sind auf der Suche nach einer Villa oder Ihrem Traumhaus an der T\u00fcrkischen Riviera? Wir haben die besten Villen und H\u00e4user in Alanya. Dann sehen Sie sich bei uns ganz in Ruhe um. Bei uns finden Sie ganz besondere Angebote. Villen in Alanya mit Meerblick und privatem Pool und luxuri\u00f6ser Ausstattung oder auch Villen und H\u00e4user in Alanya &#8230;<\/p>\n","protected":false},"author":3,"featured_media":0,"parent":0,"menu_order":0,"comment_status":"closed","ping_status":"closed","template":"property_list.php","meta":{"footnotes":""},"class_list":["post-62169","page","type-page","status-publish","hentry"],"yoast_head":"<!-- This site is optimized with the Yoast SEO plugin v23.2 - https:\/\/yoast.com\/wordpress\/plugins\/seo\/ -->\n<title>Villen und H\u00e4user in Alanya - Finden Sie Ihre Traumhaus in Alanya<\/title>\n<meta name=\"description\" content=\"Wir bieten Ihnen Villen und H\u00e4user in Alanya. Villen in Alanya mit Meerblick, in ruhiger Lage oder in einer gepflegten Villenresidenz.\" \/>\n<meta name=\"robots\" content=\"index, follow, max-snippet:-1, max-image-preview:large, max-video-preview:-1\" \/>\n<link rel=\"canonical\" href=\"https:\/\/www.newlifeturkey.com\/de\/villen-und-haeuser-in-alanya\/\" \/>\n<meta property=\"og:locale\" content=\"de_DE\" \/>\n<meta property=\"og:type\" content=\"article\" \/>\n<meta property=\"og:title\" content=\"Villen und H\u00e4user in Alanya - Finden Sie Ihre Traumhaus in Alanya\" \/>\n<meta property=\"og:description\" content=\"Wir bieten Ihnen Villen und H\u00e4user in Alanya. Villen in Alanya mit Meerblick, in ruhiger Lage oder in einer gepflegten Villenresidenz.\" \/>\n<meta property=\"og:url\" content=\"https:\/\/www.newlifeturkey.com\/de\/villen-und-haeuser-in-alanya\/\" \/>\n<meta property=\"og:site_name\" content=\"Properties in Alanya Turkey\" \/>\n<meta property=\"article:publisher\" content=\"https:\/\/www.facebook.com\/newlifeturkeyinalanya\/\" \/>\n<meta property=\"article:modified_time\" content=\"2023-04-14T18:53:39+00:00\" \/>\n<meta name=\"twitter:card\" content=\"summary_large_image\" \/>\n<meta name=\"twitter:site\" content=\"@NewLifeAlanya\" \/>\n<meta name=\"twitter:label1\" content=\"Gesch\u00e4tzte Lesezeit\" \/>\n\t<meta name=\"twitter:data1\" content=\"2\u00a0Minuten\" \/>\n<script type=\"application\/ld+json\" class=\"yoast-schema-graph\">{\"@context\":\"https:\/\/schema.org\",\"@graph\":[{\"@type\":\"WebPage\",\"@id\":\"https:\/\/www.newlifeturkey.com\/de\/villen-und-haeuser-in-alanya\/\",\"url\":\"https:\/\/www.newlifeturkey.com\/de\/villen-und-haeuser-in-alanya\/\",\"name\":\"Villen und H\u00e4user in Alanya - Finden Sie Ihre Traumhaus in Alanya\",\"isPartOf\":{\"@id\":\"https:\/\/www.newlifeturkey.com\/de\/#website\"},\"datePublished\":\"2018-01-18T09:35:42+00:00\",\"dateModified\":\"2023-04-14T18:53:39+00:00\",\"description\":\"Wir bieten Ihnen Villen und H\u00e4user in Alanya. Villen in Alanya mit Meerblick, in ruhiger Lage oder in einer gepflegten Villenresidenz.\",\"breadcrumb\":{\"@id\":\"https:\/\/www.newlifeturkey.com\/de\/villen-und-haeuser-in-alanya\/#breadcrumb\"},\"inLanguage\":\"de\",\"potentialAction\":[{\"@type\":\"ReadAction\",\"target\":[\"https:\/\/www.newlifeturkey.com\/de\/villen-und-haeuser-in-alanya\/\"]}]},{\"@type\":\"BreadcrumbList\",\"@id\":\"https:\/\/www.newlifeturkey.com\/de\/villen-und-haeuser-in-alanya\/#breadcrumb\",\"itemListElement\":[{\"@type\":\"ListItem\",\"position\":1,\"name\":\"Home\",\"item\":\"https:\/\/www.newlifeturkey.com\/de\/\"},{\"@type\":\"ListItem\",\"position\":2,\"name\":\"Villen und H\u00e4user in Alanya\"}]},{\"@type\":\"WebSite\",\"@id\":\"https:\/\/www.newlifeturkey.com\/de\/#website\",\"url\":\"https:\/\/www.newlifeturkey.com\/de\/\",\"name\":\"Properties in Alanya Turkey\",\"description\":\"New Life Turkey\",\"potentialAction\":[{\"@type\":\"SearchAction\",\"target\":{\"@type\":\"EntryPoint\",\"urlTemplate\":\"https:\/\/www.newlifeturkey.com\/de\/?s={search_term_string}\"},\"query-input\":\"required name=search_term_string\"}],\"inLanguage\":\"de\"}]}<\/script>\n<!-- \/ Yoast SEO plugin. -->","yoast_head_json":{"title":"Villen und H\u00e4user in Alanya - Finden Sie Ihre Traumhaus in Alanya","description":"Wir bieten Ihnen Villen und H\u00e4user in Alanya. Villen in Alanya mit Meerblick, in ruhiger Lage oder in einer gepflegten Villenresidenz.","robots":{"index":"index","follow":"follow","max-snippet":"max-snippet:-1","max-image-preview":"max-image-preview:large","max-video-preview":"max-video-preview:-1"},"canonical":"https:\/\/www.newlifeturkey.com\/de\/villen-und-haeuser-in-alanya\/","og_locale":"de_DE","og_type":"article","og_title":"Villen und H\u00e4user in Alanya - Finden Sie Ihre Traumhaus in Alanya","og_description":"Wir bieten Ihnen Villen und H\u00e4user in Alanya. Villen in Alanya mit Meerblick, in ruhiger Lage oder in einer gepflegten Villenresidenz.","og_url":"https:\/\/www.newlifeturkey.com\/de\/villen-und-haeuser-in-alanya\/","og_site_name":"Properties in Alanya Turkey","article_publisher":"https:\/\/www.facebook.com\/newlifeturkeyinalanya\/","article_modified_time":"2023-04-14T18:53:39+00:00","twitter_card":"summary_large_image","twitter_site":"@NewLifeAlanya","twitter_misc":{"Gesch\u00e4tzte Lesezeit":"2\u00a0Minuten"},"schema":{"@context":"https:\/\/schema.org","@graph":[{"@type":"WebPage","@id":"https:\/\/www.newlifeturkey.com\/de\/villen-und-haeuser-in-alanya\/","url":"https:\/\/www.newlifeturkey.com\/de\/villen-und-haeuser-in-alanya\/","name":"Villen und H\u00e4user in Alanya - Finden Sie Ihre Traumhaus in Alanya","isPartOf":{"@id":"https:\/\/www.newlifeturkey.com\/de\/#website"},"datePublished":"2018-01-18T09:35:42+00:00","dateModified":"2023-04-14T18:53:39+00:00","description":"Wir bieten Ihnen Villen und H\u00e4user in Alanya. Villen in Alanya mit Meerblick, in ruhiger Lage oder in einer gepflegten Villenresidenz.","breadcrumb":{"@id":"https:\/\/www.newlifeturkey.com\/de\/villen-und-haeuser-in-alanya\/#breadcrumb"},"inLanguage":"de","potentialAction":[{"@type":"ReadAction","target":["https:\/\/www.newlifeturkey.com\/de\/villen-und-haeuser-in-alanya\/"]}]},{"@type":"BreadcrumbList","@id":"https:\/\/www.newlifeturkey.com\/de\/villen-und-haeuser-in-alanya\/#breadcrumb","itemListElement":[{"@type":"ListItem","position":1,"name":"Home","item":"https:\/\/www.newlifeturkey.com\/de\/"},{"@type":"ListItem","position":2,"name":"Villen und H\u00e4user in Alanya"}]},{"@type":"WebSite","@id":"https:\/\/www.newlifeturkey.com\/de\/#website","url":"https:\/\/www.newlifeturkey.com\/de\/","name":"Properties in Alanya Turkey","description":"New Life Turkey","potentialAction":[{"@type":"SearchAction","target":{"@type":"EntryPoint","urlTemplate":"https:\/\/www.newlifeturkey.com\/de\/?s={search_term_string}"},"query-input":"required name=search_term_string"}],"inLanguage":"de"}]}},"_links":{"self":[{"href":"https:\/\/www.newlifeturkey.com\/de\/wp-json\/wp\/v2\/pages\/62169","targetHints":{"allow":["GET"]}}],"collection":[{"href":"https:\/\/www.newlifeturkey.com\/de\/wp-json\/wp\/v2\/pages"}],"about":[{"href":"https:\/\/www.newlifeturkey.com\/de\/wp-json\/wp\/v2\/types\/page"}],"author":[{"embeddable":true,"href":"https:\/\/www.newlifeturkey.com\/de\/wp-json\/wp\/v2\/users\/3"}],"replies":[{"embeddable":true,"href":"https:\/\/www.newlifeturkey.com\/de\/wp-json\/wp\/v2\/comments?post=62169"}],"version-history":[{"count":2,"href":"https:\/\/www.newlifeturkey.com\/de\/wp-json\/wp\/v2\/pages\/62169\/revisions"}],"predecessor-version":[{"id":62172,"href":"https:\/\/www.newlifeturkey.com\/de\/wp-json\/wp\/v2\/pages\/62169\/revisions\/62172"}],"wp:attachment":[{"href":"https:\/\/www.newlifeturkey.com\/de\/wp-json\/wp\/v2\/media?parent=62169"}],"curies":[{"name":"wp","href":"https:\/\/api.w.org\/{rel}","templated":true}]}}