{"id":62716,"date":"2023-04-23T10:17:03","date_gmt":"2023-04-23T10:17:03","guid":{"rendered":"https:\/\/www.newlifeturkey.com\/?page_id=62716"},"modified":"2023-04-23T12:15:14","modified_gmt":"2023-04-23T12:15:14","slug":"alanya-city-center","status":"publish","type":"page","link":"https:\/\/www.newlifeturkey.com\/de\/alanya-city-center\/","title":{"rendered":"Alanya, City Center"},"content":{"rendered":"<p>Alanya, City Center<\/p>\n<p style=\"text-align: justify;\">Alanya ist ein Tourismusbezirk der Provinz Antalya in der t\u00fcrkischen Mittelmeerregion. Seine Entfernung von Antalya betr\u00e4gt 154 Kilometer. Alanya liegt an der S\u00fcdk\u00fcste der T\u00fcrkei und hat eine Fl\u00e4che von 1.598,51 km\u00b2. Die Bev\u00f6lkerung von Alanya, City Center nimmt von Tag zu Tag zu. In den 1980er Jahren wuchs der Bezirk, in dem 30.000 Menschen lebten, durch die Zuwanderung von Einheimischen aber auch ausl\u00e4ndischen G\u00e4sten. Die Bev\u00f6lkerung des Bezirks betr\u00e4gt 364.180 gem\u00e4\u00df der letzten Z\u00e4hlung im Jahr 2022.<\/p>\n<p style=\"text-align: justify;\">In der Stadt, die bei europ\u00e4ischen B\u00fcrger sehr beliebt ist, leben 23.000 Europ\u00e4er, von denen die meisten \u00e4ltere Menschen und Rentner sind, im Stadtzentrum von Alanya. Sie besitzen Immobilien. Alanya, welches bis vor etwa 20 Jahren eine kleine Stadt mit geringer Bev\u00f6lkerungszahl war, hat in den letzten Jahren eine wichtige Position in der Tourismusbranche erlangt. In der Region herrscht mediterranes Klima. Es ist im Winter warm und im Sommer hei\u00df. Beim Tourismus hat sie in der T\u00fcrkei einen Anteil von neun Prozent, beim Immobilienerwerb durch Ausl\u00e4nder in der T\u00fcrkei einen Anteil von drei\u00dfig Prozent. Der Tourismus entwickelte sich vor allem nach den 1958er Jahren und wurde zum effektivsten Gesch\u00e4ftszweig der Region. Dies f\u00fchrte zu einem Bev\u00f6lkerungswachstum in der Region. Dank seines warmen Klimas eignet es sich f\u00fcr viele sportliche und kulturelle Aktivit\u00e4ten. Finden Sie unsere <a href=\"https:\/\/www.newlifeturkey.com\/de\/immobilien-in-der-tuerkei\/\">Immobilienangebote<\/a> in Alanya hier oder <a href=\"https:\/\/wa.link\/rlkijr\">rufen Sie uns direkt an<\/a>.<\/p>\n","protected":false},"excerpt":{"rendered":"<p>Alanya, City Center Alanya ist ein Tourismusbezirk der Provinz Antalya in der t\u00fcrkischen Mittelmeerregion. Seine Entfernung von Antalya betr\u00e4gt 154 Kilometer. Alanya liegt an der S\u00fcdk\u00fcste der T\u00fcrkei und hat eine Fl\u00e4che von 1.598,51 km\u00b2. Die Bev\u00f6lkerung von Alanya, City Center nimmt von Tag zu Tag zu. In den 1980er Jahren wuchs der Bezirk, in dem 30.000 Menschen lebten, durch die Zuwanderung von Einheimischen &#8230;<\/p>\n","protected":false},"author":3,"featured_media":0,"parent":0,"menu_order":0,"comment_status":"closed","ping_status":"closed","template":"property_list.php","meta":{"footnotes":""},"class_list":["post-62716","page","type-page","status-publish","hentry"],"yoast_head":"<!-- This site is optimized with the Yoast SEO plugin v23.2 - https:\/\/yoast.com\/wordpress\/plugins\/seo\/ -->\n<title>Alanya City Center | Immobilien in Alanya<\/title>\n<meta name=\"description\" content=\"Alanya City Center ist ein Tourismusbezirk der Provinz Antalya in der t\u00fcrkischen Mittelmeerregion. Antalya ist 154 Kilometer entfernt.\" \/>\n<meta name=\"robots\" content=\"index, follow, max-snippet:-1, max-image-preview:large, max-video-preview:-1\" \/>\n<link rel=\"canonical\" href=\"https:\/\/www.newlifeturkey.com\/de\/alanya-city-center\/\" \/>\n<meta property=\"og:locale\" content=\"de_DE\" \/>\n<meta property=\"og:type\" content=\"article\" \/>\n<meta property=\"og:title\" content=\"Alanya City Center | Immobilien in Alanya\" \/>\n<meta property=\"og:description\" content=\"Alanya City Center ist ein Tourismusbezirk der Provinz Antalya in der t\u00fcrkischen Mittelmeerregion. Antalya ist 154 Kilometer entfernt.\" \/>\n<meta property=\"og:url\" content=\"https:\/\/www.newlifeturkey.com\/de\/alanya-city-center\/\" \/>\n<meta property=\"og:site_name\" content=\"Properties in Alanya Turkey\" \/>\n<meta property=\"article:publisher\" content=\"https:\/\/www.facebook.com\/newlifeturkeyinalanya\/\" \/>\n<meta property=\"article:modified_time\" content=\"2023-04-23T12:15:14+00:00\" \/>\n<meta name=\"twitter:card\" content=\"summary_large_image\" \/>\n<meta name=\"twitter:site\" content=\"@NewLifeAlanya\" \/>\n<meta name=\"twitter:label1\" content=\"Gesch\u00e4tzte Lesezeit\" \/>\n\t<meta name=\"twitter:data1\" content=\"1\u00a0Minute\" \/>\n<script type=\"application\/ld+json\" class=\"yoast-schema-graph\">{\"@context\":\"https:\/\/schema.org\",\"@graph\":[{\"@type\":\"WebPage\",\"@id\":\"https:\/\/www.newlifeturkey.com\/de\/alanya-city-center\/\",\"url\":\"https:\/\/www.newlifeturkey.com\/de\/alanya-city-center\/\",\"name\":\"Alanya City Center | Immobilien in Alanya\",\"isPartOf\":{\"@id\":\"https:\/\/www.newlifeturkey.com\/de\/#website\"},\"datePublished\":\"2023-04-23T10:17:03+00:00\",\"dateModified\":\"2023-04-23T12:15:14+00:00\",\"description\":\"Alanya City Center ist ein Tourismusbezirk der Provinz Antalya in der t\u00fcrkischen Mittelmeerregion. Antalya ist 154 Kilometer entfernt.\",\"breadcrumb\":{\"@id\":\"https:\/\/www.newlifeturkey.com\/de\/alanya-city-center\/#breadcrumb\"},\"inLanguage\":\"de\",\"potentialAction\":[{\"@type\":\"ReadAction\",\"target\":[\"https:\/\/www.newlifeturkey.com\/de\/alanya-city-center\/\"]}]},{\"@type\":\"BreadcrumbList\",\"@id\":\"https:\/\/www.newlifeturkey.com\/de\/alanya-city-center\/#breadcrumb\",\"itemListElement\":[{\"@type\":\"ListItem\",\"position\":1,\"name\":\"Home\",\"item\":\"https:\/\/www.newlifeturkey.com\/de\/\"},{\"@type\":\"ListItem\",\"position\":2,\"name\":\"Alanya, City Center\"}]},{\"@type\":\"WebSite\",\"@id\":\"https:\/\/www.newlifeturkey.com\/de\/#website\",\"url\":\"https:\/\/www.newlifeturkey.com\/de\/\",\"name\":\"Properties in Alanya Turkey\",\"description\":\"New Life Turkey\",\"potentialAction\":[{\"@type\":\"SearchAction\",\"target\":{\"@type\":\"EntryPoint\",\"urlTemplate\":\"https:\/\/www.newlifeturkey.com\/de\/?s={search_term_string}\"},\"query-input\":\"required name=search_term_string\"}],\"inLanguage\":\"de\"}]}<\/script>\n<!-- \/ Yoast SEO plugin. -->","yoast_head_json":{"title":"Alanya City Center | Immobilien in Alanya","description":"Alanya City Center ist ein Tourismusbezirk der Provinz Antalya in der t\u00fcrkischen Mittelmeerregion. Antalya ist 154 Kilometer entfernt.","robots":{"index":"index","follow":"follow","max-snippet":"max-snippet:-1","max-image-preview":"max-image-preview:large","max-video-preview":"max-video-preview:-1"},"canonical":"https:\/\/www.newlifeturkey.com\/de\/alanya-city-center\/","og_locale":"de_DE","og_type":"article","og_title":"Alanya City Center | Immobilien in Alanya","og_description":"Alanya City Center ist ein Tourismusbezirk der Provinz Antalya in der t\u00fcrkischen Mittelmeerregion. Antalya ist 154 Kilometer entfernt.","og_url":"https:\/\/www.newlifeturkey.com\/de\/alanya-city-center\/","og_site_name":"Properties in Alanya Turkey","article_publisher":"https:\/\/www.facebook.com\/newlifeturkeyinalanya\/","article_modified_time":"2023-04-23T12:15:14+00:00","twitter_card":"summary_large_image","twitter_site":"@NewLifeAlanya","twitter_misc":{"Gesch\u00e4tzte Lesezeit":"1\u00a0Minute"},"schema":{"@context":"https:\/\/schema.org","@graph":[{"@type":"WebPage","@id":"https:\/\/www.newlifeturkey.com\/de\/alanya-city-center\/","url":"https:\/\/www.newlifeturkey.com\/de\/alanya-city-center\/","name":"Alanya City Center | Immobilien in Alanya","isPartOf":{"@id":"https:\/\/www.newlifeturkey.com\/de\/#website"},"datePublished":"2023-04-23T10:17:03+00:00","dateModified":"2023-04-23T12:15:14+00:00","description":"Alanya City Center ist ein Tourismusbezirk der Provinz Antalya in der t\u00fcrkischen Mittelmeerregion. Antalya ist 154 Kilometer entfernt.","breadcrumb":{"@id":"https:\/\/www.newlifeturkey.com\/de\/alanya-city-center\/#breadcrumb"},"inLanguage":"de","potentialAction":[{"@type":"ReadAction","target":["https:\/\/www.newlifeturkey.com\/de\/alanya-city-center\/"]}]},{"@type":"BreadcrumbList","@id":"https:\/\/www.newlifeturkey.com\/de\/alanya-city-center\/#breadcrumb","itemListElement":[{"@type":"ListItem","position":1,"name":"Home","item":"https:\/\/www.newlifeturkey.com\/de\/"},{"@type":"ListItem","position":2,"name":"Alanya, City Center"}]},{"@type":"WebSite","@id":"https:\/\/www.newlifeturkey.com\/de\/#website","url":"https:\/\/www.newlifeturkey.com\/de\/","name":"Properties in Alanya Turkey","description":"New Life Turkey","potentialAction":[{"@type":"SearchAction","target":{"@type":"EntryPoint","urlTemplate":"https:\/\/www.newlifeturkey.com\/de\/?s={search_term_string}"},"query-input":"required name=search_term_string"}],"inLanguage":"de"}]}},"_links":{"self":[{"href":"https:\/\/www.newlifeturkey.com\/de\/wp-json\/wp\/v2\/pages\/62716","targetHints":{"allow":["GET"]}}],"collection":[{"href":"https:\/\/www.newlifeturkey.com\/de\/wp-json\/wp\/v2\/pages"}],"about":[{"href":"https:\/\/www.newlifeturkey.com\/de\/wp-json\/wp\/v2\/types\/page"}],"author":[{"embeddable":true,"href":"https:\/\/www.newlifeturkey.com\/de\/wp-json\/wp\/v2\/users\/3"}],"replies":[{"embeddable":true,"href":"https:\/\/www.newlifeturkey.com\/de\/wp-json\/wp\/v2\/comments?post=62716"}],"version-history":[{"count":1,"href":"https:\/\/www.newlifeturkey.com\/de\/wp-json\/wp\/v2\/pages\/62716\/revisions"}],"predecessor-version":[{"id":62717,"href":"https:\/\/www.newlifeturkey.com\/de\/wp-json\/wp\/v2\/pages\/62716\/revisions\/62717"}],"wp:attachment":[{"href":"https:\/\/www.newlifeturkey.com\/de\/wp-json\/wp\/v2\/media?parent=62716"}],"curies":[{"name":"wp","href":"https:\/\/api.w.org\/{rel}","templated":true}]}}