{"id":62718,"date":"2023-04-23T10:29:40","date_gmt":"2023-04-23T10:29:40","guid":{"rendered":"https:\/\/www.newlifeturkey.com\/?page_id=62718"},"modified":"2023-04-24T05:26:21","modified_gmt":"2023-04-24T05:26:21","slug":"alanya-demirtas","status":"publish","type":"page","link":"https:\/\/www.newlifeturkey.com\/de\/alanya-demirtas\/","title":{"rendered":"Alanya, Demirtas"},"content":{"rendered":"<h4>Alanya, Demirtas<\/h4>\n<p style=\"text-align: justify;\">Alanya, Demirtas ist ein Viertel im Bezirk Alanya in der Provinz Antalya. Es liegt 25 km von Alanya entfernt. Der alte Name von Demirtas ist Sedre. Der Name Sedre kommt von der Festung Syedra. Die Festung Syedra kann man heute noch besichtigen. Es ist offen f\u00fcr alle und es ist einen Versuch wert. Die Aussicht von diesem historischen Ort ist atemberaubend. Die Sandstr\u00e4nde sind in der N\u00e4he und k\u00f6nnen bequem zu Fu\u00df erreicht werden. Ein lokaler Basar ist einmal pro Woche ge\u00f6ffnet, wo Sie frisches Obst und Gem\u00fcse kaufen k\u00f6nnen. Demirtas ist eine gro\u00dfartige Wahl f\u00fcr alle, die ein friedliches Leben am Mittelmeer suchen.<\/p>\n<p style=\"text-align: justify;\">In den letzten Jahren hat es sich zu einem der wachsenden Gebiete in Alanya entwickelt. Es ist eine ruhige Gegend mit einem kleinen Zentrum, die jedoch nicht nur von Einheimischen, sondern auch von Einwohnern in ganz Europa bevorzugt wird. Die n\u00e4chstgr\u00f6\u00dfere Stadt ist Alanya Mahmutlar. Alanya, Demirtas ist mit lokalen Bussen verbunden, sodass Sie Mahmutlar oder das Stadtzentrum von Alanya leicht erreichen k\u00f6nnen. Der n\u00e4chste Flughafen ist Alanya-Gazipasa, nur 15 Minuten von Alanya entfernt, Demirtas. Wenn Sie eine ruhige Gegend mit einer nat\u00fcrlichen Umgebung bevorzugen, dann ist Demirtas die richtige Gegend f\u00fcr Sie. Die Str\u00e4nde hier sind noch unber\u00fchrt und offen f\u00fcr alle. Finden Sie unsere <a href=\"https:\/\/www.newlifeturkey.com\/de\/immobilien-in-der-tuerkei\/\">Immobilienangebote<\/a> in Alanya hier oder <a href=\"https:\/\/wa.link\/rlkijr\">rufen Sie uns direkt an<\/a>.<\/p>\n","protected":false},"excerpt":{"rendered":"<p>Alanya, Demirtas Alanya, Demirtas ist ein Viertel im Bezirk Alanya in der Provinz Antalya. Es liegt 25 km von Alanya entfernt. Der alte Name von Demirtas ist Sedre. Der Name Sedre kommt von der Festung Syedra. Die Festung Syedra kann man heute noch besichtigen. Es ist offen f\u00fcr alle und es ist einen Versuch wert. Die Aussicht von diesem historischen Ort ist atemberaubend. Die &#8230;<\/p>\n","protected":false},"author":3,"featured_media":0,"parent":0,"menu_order":0,"comment_status":"closed","ping_status":"closed","template":"property_list.php","meta":{"footnotes":""},"class_list":["post-62718","page","type-page","status-publish","hentry"],"yoast_head":"<!-- This site is optimized with the Yoast SEO plugin v23.2 - https:\/\/yoast.com\/wordpress\/plugins\/seo\/ -->\n<title>Alanya Demirtas | Immobilien in Alanya<\/title>\n<meta name=\"description\" content=\"Alanya Demirtas ist ein Vorort von Alanya. Der alte Name von Demirtas ist Sedre. Der Name Sedre kommt von der Festung Syedra.\" \/>\n<meta name=\"robots\" content=\"index, follow, max-snippet:-1, max-image-preview:large, max-video-preview:-1\" \/>\n<link rel=\"canonical\" href=\"https:\/\/www.newlifeturkey.com\/de\/alanya-demirtas\/\" \/>\n<meta property=\"og:locale\" content=\"de_DE\" \/>\n<meta property=\"og:type\" content=\"article\" \/>\n<meta property=\"og:title\" content=\"Alanya Demirtas | Immobilien in Alanya\" \/>\n<meta property=\"og:description\" content=\"Alanya Demirtas ist ein Vorort von Alanya. Der alte Name von Demirtas ist Sedre. Der Name Sedre kommt von der Festung Syedra.\" \/>\n<meta property=\"og:url\" content=\"https:\/\/www.newlifeturkey.com\/de\/alanya-demirtas\/\" \/>\n<meta property=\"og:site_name\" content=\"Properties in Alanya Turkey\" \/>\n<meta property=\"article:publisher\" content=\"https:\/\/www.facebook.com\/newlifeturkeyinalanya\/\" \/>\n<meta property=\"article:modified_time\" content=\"2023-04-24T05:26:21+00:00\" \/>\n<meta name=\"twitter:card\" content=\"summary_large_image\" \/>\n<meta name=\"twitter:site\" content=\"@NewLifeAlanya\" \/>\n<meta name=\"twitter:label1\" content=\"Gesch\u00e4tzte Lesezeit\" \/>\n\t<meta name=\"twitter:data1\" content=\"1\u00a0Minute\" \/>\n<script type=\"application\/ld+json\" class=\"yoast-schema-graph\">{\"@context\":\"https:\/\/schema.org\",\"@graph\":[{\"@type\":\"WebPage\",\"@id\":\"https:\/\/www.newlifeturkey.com\/de\/alanya-demirtas\/\",\"url\":\"https:\/\/www.newlifeturkey.com\/de\/alanya-demirtas\/\",\"name\":\"Alanya Demirtas | Immobilien in Alanya\",\"isPartOf\":{\"@id\":\"https:\/\/www.newlifeturkey.com\/de\/#website\"},\"datePublished\":\"2023-04-23T10:29:40+00:00\",\"dateModified\":\"2023-04-24T05:26:21+00:00\",\"description\":\"Alanya Demirtas ist ein Vorort von Alanya. Der alte Name von Demirtas ist Sedre. Der Name Sedre kommt von der Festung Syedra.\",\"breadcrumb\":{\"@id\":\"https:\/\/www.newlifeturkey.com\/de\/alanya-demirtas\/#breadcrumb\"},\"inLanguage\":\"de\",\"potentialAction\":[{\"@type\":\"ReadAction\",\"target\":[\"https:\/\/www.newlifeturkey.com\/de\/alanya-demirtas\/\"]}]},{\"@type\":\"BreadcrumbList\",\"@id\":\"https:\/\/www.newlifeturkey.com\/de\/alanya-demirtas\/#breadcrumb\",\"itemListElement\":[{\"@type\":\"ListItem\",\"position\":1,\"name\":\"Home\",\"item\":\"https:\/\/www.newlifeturkey.com\/de\/\"},{\"@type\":\"ListItem\",\"position\":2,\"name\":\"Alanya, Demirtas\"}]},{\"@type\":\"WebSite\",\"@id\":\"https:\/\/www.newlifeturkey.com\/de\/#website\",\"url\":\"https:\/\/www.newlifeturkey.com\/de\/\",\"name\":\"Properties in Alanya Turkey\",\"description\":\"New Life Turkey\",\"potentialAction\":[{\"@type\":\"SearchAction\",\"target\":{\"@type\":\"EntryPoint\",\"urlTemplate\":\"https:\/\/www.newlifeturkey.com\/de\/?s={search_term_string}\"},\"query-input\":\"required name=search_term_string\"}],\"inLanguage\":\"de\"}]}<\/script>\n<!-- \/ Yoast SEO plugin. -->","yoast_head_json":{"title":"Alanya Demirtas | Immobilien in Alanya","description":"Alanya Demirtas ist ein Vorort von Alanya. Der alte Name von Demirtas ist Sedre. Der Name Sedre kommt von der Festung Syedra.","robots":{"index":"index","follow":"follow","max-snippet":"max-snippet:-1","max-image-preview":"max-image-preview:large","max-video-preview":"max-video-preview:-1"},"canonical":"https:\/\/www.newlifeturkey.com\/de\/alanya-demirtas\/","og_locale":"de_DE","og_type":"article","og_title":"Alanya Demirtas | Immobilien in Alanya","og_description":"Alanya Demirtas ist ein Vorort von Alanya. Der alte Name von Demirtas ist Sedre. Der Name Sedre kommt von der Festung Syedra.","og_url":"https:\/\/www.newlifeturkey.com\/de\/alanya-demirtas\/","og_site_name":"Properties in Alanya Turkey","article_publisher":"https:\/\/www.facebook.com\/newlifeturkeyinalanya\/","article_modified_time":"2023-04-24T05:26:21+00:00","twitter_card":"summary_large_image","twitter_site":"@NewLifeAlanya","twitter_misc":{"Gesch\u00e4tzte Lesezeit":"1\u00a0Minute"},"schema":{"@context":"https:\/\/schema.org","@graph":[{"@type":"WebPage","@id":"https:\/\/www.newlifeturkey.com\/de\/alanya-demirtas\/","url":"https:\/\/www.newlifeturkey.com\/de\/alanya-demirtas\/","name":"Alanya Demirtas | Immobilien in Alanya","isPartOf":{"@id":"https:\/\/www.newlifeturkey.com\/de\/#website"},"datePublished":"2023-04-23T10:29:40+00:00","dateModified":"2023-04-24T05:26:21+00:00","description":"Alanya Demirtas ist ein Vorort von Alanya. Der alte Name von Demirtas ist Sedre. Der Name Sedre kommt von der Festung Syedra.","breadcrumb":{"@id":"https:\/\/www.newlifeturkey.com\/de\/alanya-demirtas\/#breadcrumb"},"inLanguage":"de","potentialAction":[{"@type":"ReadAction","target":["https:\/\/www.newlifeturkey.com\/de\/alanya-demirtas\/"]}]},{"@type":"BreadcrumbList","@id":"https:\/\/www.newlifeturkey.com\/de\/alanya-demirtas\/#breadcrumb","itemListElement":[{"@type":"ListItem","position":1,"name":"Home","item":"https:\/\/www.newlifeturkey.com\/de\/"},{"@type":"ListItem","position":2,"name":"Alanya, Demirtas"}]},{"@type":"WebSite","@id":"https:\/\/www.newlifeturkey.com\/de\/#website","url":"https:\/\/www.newlifeturkey.com\/de\/","name":"Properties in Alanya Turkey","description":"New Life Turkey","potentialAction":[{"@type":"SearchAction","target":{"@type":"EntryPoint","urlTemplate":"https:\/\/www.newlifeturkey.com\/de\/?s={search_term_string}"},"query-input":"required name=search_term_string"}],"inLanguage":"de"}]}},"_links":{"self":[{"href":"https:\/\/www.newlifeturkey.com\/de\/wp-json\/wp\/v2\/pages\/62718","targetHints":{"allow":["GET"]}}],"collection":[{"href":"https:\/\/www.newlifeturkey.com\/de\/wp-json\/wp\/v2\/pages"}],"about":[{"href":"https:\/\/www.newlifeturkey.com\/de\/wp-json\/wp\/v2\/types\/page"}],"author":[{"embeddable":true,"href":"https:\/\/www.newlifeturkey.com\/de\/wp-json\/wp\/v2\/users\/3"}],"replies":[{"embeddable":true,"href":"https:\/\/www.newlifeturkey.com\/de\/wp-json\/wp\/v2\/comments?post=62718"}],"version-history":[{"count":1,"href":"https:\/\/www.newlifeturkey.com\/de\/wp-json\/wp\/v2\/pages\/62718\/revisions"}],"predecessor-version":[{"id":62719,"href":"https:\/\/www.newlifeturkey.com\/de\/wp-json\/wp\/v2\/pages\/62718\/revisions\/62719"}],"wp:attachment":[{"href":"https:\/\/www.newlifeturkey.com\/de\/wp-json\/wp\/v2\/media?parent=62718"}],"curies":[{"name":"wp","href":"https:\/\/api.w.org\/{rel}","templated":true}]}}