{"id":62720,"date":"2023-04-23T10:50:11","date_gmt":"2023-04-23T10:50:11","guid":{"rendered":"https:\/\/www.newlifeturkey.com\/?page_id=62720"},"modified":"2023-04-24T05:32:27","modified_gmt":"2023-04-24T05:32:27","slug":"alanya-kargicak","status":"publish","type":"page","link":"https:\/\/www.newlifeturkey.com\/de\/alanya-kargicak\/","title":{"rendered":"Alanya, Kargicak"},"content":{"rendered":"<h4>Alanya, Kargicak<\/h4>\n<p style=\"text-align: justify;\">Kargicak ist ein Stadtteil von Alanya in der Provinz Antalya. Es liegt ca. 150 km von Antalya und 16 km von Alanya entfernt. Die K\u00fcstenl\u00e4nge betr\u00e4gt 4.500 m und seine Fl\u00e4che betr\u00e4gt 1.800 Hektar. Laut der Volksz\u00e4hlung von 2000 hat Alanya Kargicak rund 5.000 Einwohner. Aber nicht nur Einheimische haben sich entschieden, in Kargicak zu leben, viele Bewohner aus Europa und anderen Teilen der Welt lieben die Gegend mit ihren Bergen im Norden und dem blauen Meer gleich die Stra\u00dfe runter. Die Aussicht von den Wohngebieten sind spektakul\u00e4r. Diese sollten Sie sich nicht entgehen lassen. Hier k\u00f6nnen Sie an lauen Sommerabenden tolle Sonnenunterg\u00e4nge genie\u00dfen.<\/p>\n<p style=\"text-align: justify;\">Es gibt \u00fcberwiegend Sandstr\u00e4nde. Nicht weit von Alanya, Kargicak, liegt Demirtas mit seinen Ruinen der antiken Stadt Syedra. Der Stadtteil zeichnet sich durch eine wundersch\u00f6ne Naturlandschaft und eine fantastische gr\u00fcne Umgebung aus. Der Tourismus spielt in dieser Gegend eine wichtige Rolle, aber das Leben dort ist sehr ruhig und friedlich. Die \u00f6rtlichen Immobilienvorschriften erlauben keine Geb\u00e4ude mit mehr als vier Stockwerken. Die Wohnanlagen sind hochwertig und meist Neubauten, da es sich um ein relativ neu erschlossenes Gebiet handelt. Besonders die Villen hier gelten als die besten in der gesamten Region Alanya. Finden Sie unsere <a href=\"https:\/\/www.newlifeturkey.com\/de\/immobilien-in-der-tuerkei\/\">Immobilienangebote<\/a> in Alanya hier oder <a href=\"https:\/\/wa.link\/rlkijr\">rufen Sie uns direkt an<\/a>.<\/p>\n","protected":false},"excerpt":{"rendered":"<p>Alanya, Kargicak Kargicak ist ein Stadtteil von Alanya in der Provinz Antalya. Es liegt ca. 150 km von Antalya und 16 km von Alanya entfernt. Die K\u00fcstenl\u00e4nge betr\u00e4gt 4.500 m und seine Fl\u00e4che betr\u00e4gt 1.800 Hektar. Laut der Volksz\u00e4hlung von 2000 hat Alanya Kargicak rund 5.000 Einwohner. Aber nicht nur Einheimische haben sich entschieden, in Kargicak zu leben, viele Bewohner aus Europa und anderen &#8230;<\/p>\n","protected":false},"author":3,"featured_media":0,"parent":0,"menu_order":0,"comment_status":"closed","ping_status":"closed","template":"property_list.php","meta":{"footnotes":""},"class_list":["post-62720","page","type-page","status-publish","hentry"],"yoast_head":"<!-- This site is optimized with the Yoast SEO plugin v23.2 - https:\/\/yoast.com\/wordpress\/plugins\/seo\/ -->\n<title>Alanya Kargicak | Immobilien in Alanya<\/title>\n<meta name=\"description\" content=\"Alanya Kargicak ist ein Stadtteil von Alanya in der Provinz Antalya. Es ist 150 km von Antalya und 16 km von Alanya entfernt.\" \/>\n<meta name=\"robots\" content=\"index, follow, max-snippet:-1, max-image-preview:large, max-video-preview:-1\" \/>\n<link rel=\"canonical\" href=\"https:\/\/www.newlifeturkey.com\/de\/alanya-kargicak\/\" \/>\n<meta property=\"og:locale\" content=\"de_DE\" \/>\n<meta property=\"og:type\" content=\"article\" \/>\n<meta property=\"og:title\" content=\"Alanya Kargicak | Immobilien in Alanya\" \/>\n<meta property=\"og:description\" content=\"Alanya Kargicak ist ein Stadtteil von Alanya in der Provinz Antalya. Es ist 150 km von Antalya und 16 km von Alanya entfernt.\" \/>\n<meta property=\"og:url\" content=\"https:\/\/www.newlifeturkey.com\/de\/alanya-kargicak\/\" \/>\n<meta property=\"og:site_name\" content=\"Properties in Alanya Turkey\" \/>\n<meta property=\"article:publisher\" content=\"https:\/\/www.facebook.com\/newlifeturkeyinalanya\/\" \/>\n<meta property=\"article:modified_time\" content=\"2023-04-24T05:32:27+00:00\" \/>\n<meta name=\"twitter:card\" content=\"summary_large_image\" \/>\n<meta name=\"twitter:site\" content=\"@NewLifeAlanya\" \/>\n<meta name=\"twitter:label1\" content=\"Gesch\u00e4tzte Lesezeit\" \/>\n\t<meta name=\"twitter:data1\" content=\"1\u00a0Minute\" \/>\n<script type=\"application\/ld+json\" class=\"yoast-schema-graph\">{\"@context\":\"https:\/\/schema.org\",\"@graph\":[{\"@type\":\"WebPage\",\"@id\":\"https:\/\/www.newlifeturkey.com\/de\/alanya-kargicak\/\",\"url\":\"https:\/\/www.newlifeturkey.com\/de\/alanya-kargicak\/\",\"name\":\"Alanya Kargicak | Immobilien in Alanya\",\"isPartOf\":{\"@id\":\"https:\/\/www.newlifeturkey.com\/de\/#website\"},\"datePublished\":\"2023-04-23T10:50:11+00:00\",\"dateModified\":\"2023-04-24T05:32:27+00:00\",\"description\":\"Alanya Kargicak ist ein Stadtteil von Alanya in der Provinz Antalya. Es ist 150 km von Antalya und 16 km von Alanya entfernt.\",\"breadcrumb\":{\"@id\":\"https:\/\/www.newlifeturkey.com\/de\/alanya-kargicak\/#breadcrumb\"},\"inLanguage\":\"de\",\"potentialAction\":[{\"@type\":\"ReadAction\",\"target\":[\"https:\/\/www.newlifeturkey.com\/de\/alanya-kargicak\/\"]}]},{\"@type\":\"BreadcrumbList\",\"@id\":\"https:\/\/www.newlifeturkey.com\/de\/alanya-kargicak\/#breadcrumb\",\"itemListElement\":[{\"@type\":\"ListItem\",\"position\":1,\"name\":\"Home\",\"item\":\"https:\/\/www.newlifeturkey.com\/de\/\"},{\"@type\":\"ListItem\",\"position\":2,\"name\":\"Alanya, Kargicak\"}]},{\"@type\":\"WebSite\",\"@id\":\"https:\/\/www.newlifeturkey.com\/de\/#website\",\"url\":\"https:\/\/www.newlifeturkey.com\/de\/\",\"name\":\"Properties in Alanya Turkey\",\"description\":\"New Life Turkey\",\"potentialAction\":[{\"@type\":\"SearchAction\",\"target\":{\"@type\":\"EntryPoint\",\"urlTemplate\":\"https:\/\/www.newlifeturkey.com\/de\/?s={search_term_string}\"},\"query-input\":\"required name=search_term_string\"}],\"inLanguage\":\"de\"}]}<\/script>\n<!-- \/ Yoast SEO plugin. -->","yoast_head_json":{"title":"Alanya Kargicak | Immobilien in Alanya","description":"Alanya Kargicak ist ein Stadtteil von Alanya in der Provinz Antalya. Es ist 150 km von Antalya und 16 km von Alanya entfernt.","robots":{"index":"index","follow":"follow","max-snippet":"max-snippet:-1","max-image-preview":"max-image-preview:large","max-video-preview":"max-video-preview:-1"},"canonical":"https:\/\/www.newlifeturkey.com\/de\/alanya-kargicak\/","og_locale":"de_DE","og_type":"article","og_title":"Alanya Kargicak | Immobilien in Alanya","og_description":"Alanya Kargicak ist ein Stadtteil von Alanya in der Provinz Antalya. Es ist 150 km von Antalya und 16 km von Alanya entfernt.","og_url":"https:\/\/www.newlifeturkey.com\/de\/alanya-kargicak\/","og_site_name":"Properties in Alanya Turkey","article_publisher":"https:\/\/www.facebook.com\/newlifeturkeyinalanya\/","article_modified_time":"2023-04-24T05:32:27+00:00","twitter_card":"summary_large_image","twitter_site":"@NewLifeAlanya","twitter_misc":{"Gesch\u00e4tzte Lesezeit":"1\u00a0Minute"},"schema":{"@context":"https:\/\/schema.org","@graph":[{"@type":"WebPage","@id":"https:\/\/www.newlifeturkey.com\/de\/alanya-kargicak\/","url":"https:\/\/www.newlifeturkey.com\/de\/alanya-kargicak\/","name":"Alanya Kargicak | Immobilien in Alanya","isPartOf":{"@id":"https:\/\/www.newlifeturkey.com\/de\/#website"},"datePublished":"2023-04-23T10:50:11+00:00","dateModified":"2023-04-24T05:32:27+00:00","description":"Alanya Kargicak ist ein Stadtteil von Alanya in der Provinz Antalya. Es ist 150 km von Antalya und 16 km von Alanya entfernt.","breadcrumb":{"@id":"https:\/\/www.newlifeturkey.com\/de\/alanya-kargicak\/#breadcrumb"},"inLanguage":"de","potentialAction":[{"@type":"ReadAction","target":["https:\/\/www.newlifeturkey.com\/de\/alanya-kargicak\/"]}]},{"@type":"BreadcrumbList","@id":"https:\/\/www.newlifeturkey.com\/de\/alanya-kargicak\/#breadcrumb","itemListElement":[{"@type":"ListItem","position":1,"name":"Home","item":"https:\/\/www.newlifeturkey.com\/de\/"},{"@type":"ListItem","position":2,"name":"Alanya, Kargicak"}]},{"@type":"WebSite","@id":"https:\/\/www.newlifeturkey.com\/de\/#website","url":"https:\/\/www.newlifeturkey.com\/de\/","name":"Properties in Alanya Turkey","description":"New Life Turkey","potentialAction":[{"@type":"SearchAction","target":{"@type":"EntryPoint","urlTemplate":"https:\/\/www.newlifeturkey.com\/de\/?s={search_term_string}"},"query-input":"required name=search_term_string"}],"inLanguage":"de"}]}},"_links":{"self":[{"href":"https:\/\/www.newlifeturkey.com\/de\/wp-json\/wp\/v2\/pages\/62720","targetHints":{"allow":["GET"]}}],"collection":[{"href":"https:\/\/www.newlifeturkey.com\/de\/wp-json\/wp\/v2\/pages"}],"about":[{"href":"https:\/\/www.newlifeturkey.com\/de\/wp-json\/wp\/v2\/types\/page"}],"author":[{"embeddable":true,"href":"https:\/\/www.newlifeturkey.com\/de\/wp-json\/wp\/v2\/users\/3"}],"replies":[{"embeddable":true,"href":"https:\/\/www.newlifeturkey.com\/de\/wp-json\/wp\/v2\/comments?post=62720"}],"version-history":[{"count":1,"href":"https:\/\/www.newlifeturkey.com\/de\/wp-json\/wp\/v2\/pages\/62720\/revisions"}],"predecessor-version":[{"id":62721,"href":"https:\/\/www.newlifeturkey.com\/de\/wp-json\/wp\/v2\/pages\/62720\/revisions\/62721"}],"wp:attachment":[{"href":"https:\/\/www.newlifeturkey.com\/de\/wp-json\/wp\/v2\/media?parent=62720"}],"curies":[{"name":"wp","href":"https:\/\/api.w.org\/{rel}","templated":true}]}}