{"id":62722,"date":"2023-04-23T10:58:25","date_gmt":"2023-04-23T10:58:25","guid":{"rendered":"https:\/\/www.newlifeturkey.com\/?page_id=62722"},"modified":"2023-04-24T05:41:39","modified_gmt":"2023-04-24T05:41:39","slug":"alanya-mahmutlar","status":"publish","type":"page","link":"https:\/\/www.newlifeturkey.com\/de\/alanya-mahmutlar\/","title":{"rendered":"Alanya, Mahmutlar"},"content":{"rendered":"<h4>Alanya, Mahmutlar<\/h4>\n<p style=\"text-align: justify;\">Mahmutlar ist eine Stadt in der t\u00fcrkischen Provinz Antalya, 10 km \u00f6stlich von Alanya mit rund 50.000 Einwohnern. Die Stadt hat sich aufgrund des Baus von Ferienh\u00e4usern und -wohnungen f\u00fcr europ\u00e4ische Touristen grundlegend ver\u00e4ndert. Stra\u00dfen und Dienstleistungen wurden verbessert, um der wachsenden Tourismusindustrie gerecht zu werden. Die Str\u00e4nde von Mahmutlar sind sandig, jedoch k\u00f6nnen einige auch recht steinig sein. Ein Teil des fast f\u00fcnf Kilometer langen Strandes ist naturbelassen. F\u00fcr jeden ist es erlaubt, kostenlos den Strand zu betreten. Der angelegte Rad- und Wanderweg f\u00fchrt Sie den ganzen Weg von diesem attraktiven Vorort nach Alanya City. Hier k\u00f6nnen Sie w\u00e4hrend des Sonnenuntergangs spazieren gehen. Der n\u00e4chstgelegene Flughafen ist Alanya-Gazipasa, etwa 20 km von Alanya entfernt.<\/p>\n<p style=\"text-align: justify;\">Mahmutlar ist der gr\u00f6\u00dfte Vorort von Alanya. In unmittelbarer Umgebung befinden sich eine Reihe wichtiger Einrichtungen wie Einkaufszentren, Banken, Schulen, Apotheken und Restaurants usw. Sie k\u00f6nnen den Strand von \u00fcberall in Mahmutlar zu Fu\u00df erreichen. Stadtbusse halten in der Regel alle 10 Minuten. Viele Neub\u00fcrger entscheiden sich f\u00fcr eine Immobilie in Mahmutlar, da sie alle wichtigen Einrichtungen bietet und leicht zu erreichen ist. Diese Gegend ist eine eigene kleine Stadt, auch wenn sie mit Alanya verbunden ist. Finden Sie unsere <a href=\"https:\/\/www.newlifeturkey.com\/de\/immobilien-in-der-tuerkei\/\">Immobilienangebote<\/a> in Alanya hier oder <a href=\"https:\/\/wa.link\/rlkijr\">rufen Sie uns direkt an<\/a>.<\/p>\n","protected":false},"excerpt":{"rendered":"<p>Alanya, Mahmutlar Mahmutlar ist eine Stadt in der t\u00fcrkischen Provinz Antalya, 10 km \u00f6stlich von Alanya mit rund 50.000 Einwohnern. Die Stadt hat sich aufgrund des Baus von Ferienh\u00e4usern und -wohnungen f\u00fcr europ\u00e4ische Touristen grundlegend ver\u00e4ndert. Stra\u00dfen und Dienstleistungen wurden verbessert, um der wachsenden Tourismusindustrie gerecht zu werden. Die Str\u00e4nde von Mahmutlar sind sandig, jedoch k\u00f6nnen einige auch recht steinig sein. Ein Teil des &#8230;<\/p>\n","protected":false},"author":3,"featured_media":0,"parent":0,"menu_order":0,"comment_status":"closed","ping_status":"closed","template":"property_list.php","meta":{"footnotes":""},"class_list":["post-62722","page","type-page","status-publish","hentry"],"yoast_head":"<!-- This site is optimized with the Yoast SEO plugin v23.2 - https:\/\/yoast.com\/wordpress\/plugins\/seo\/ -->\n<title>Alanya Mahmutlar | Immobilien in Alanya<\/title>\n<meta name=\"description\" content=\"Alanya Mahmutlar ist eine Stadt in der t\u00fcrkischen Provinz Antalya, 10 km \u00f6stlich von Alanya mit rund 50.000 Einwohnern.\" \/>\n<meta name=\"robots\" content=\"index, follow, max-snippet:-1, max-image-preview:large, max-video-preview:-1\" \/>\n<link rel=\"canonical\" href=\"https:\/\/www.newlifeturkey.com\/de\/alanya-mahmutlar\/\" \/>\n<meta property=\"og:locale\" content=\"de_DE\" \/>\n<meta property=\"og:type\" content=\"article\" \/>\n<meta property=\"og:title\" content=\"Alanya Mahmutlar | Immobilien in Alanya\" \/>\n<meta property=\"og:description\" content=\"Alanya Mahmutlar ist eine Stadt in der t\u00fcrkischen Provinz Antalya, 10 km \u00f6stlich von Alanya mit rund 50.000 Einwohnern.\" \/>\n<meta property=\"og:url\" content=\"https:\/\/www.newlifeturkey.com\/de\/alanya-mahmutlar\/\" \/>\n<meta property=\"og:site_name\" content=\"Properties in Alanya Turkey\" \/>\n<meta property=\"article:publisher\" content=\"https:\/\/www.facebook.com\/newlifeturkeyinalanya\/\" \/>\n<meta property=\"article:modified_time\" content=\"2023-04-24T05:41:39+00:00\" \/>\n<meta name=\"twitter:card\" content=\"summary_large_image\" \/>\n<meta name=\"twitter:site\" content=\"@NewLifeAlanya\" \/>\n<meta name=\"twitter:label1\" content=\"Gesch\u00e4tzte Lesezeit\" \/>\n\t<meta name=\"twitter:data1\" content=\"1\u00a0Minute\" \/>\n<script type=\"application\/ld+json\" class=\"yoast-schema-graph\">{\"@context\":\"https:\/\/schema.org\",\"@graph\":[{\"@type\":\"WebPage\",\"@id\":\"https:\/\/www.newlifeturkey.com\/de\/alanya-mahmutlar\/\",\"url\":\"https:\/\/www.newlifeturkey.com\/de\/alanya-mahmutlar\/\",\"name\":\"Alanya Mahmutlar | Immobilien in Alanya\",\"isPartOf\":{\"@id\":\"https:\/\/www.newlifeturkey.com\/de\/#website\"},\"datePublished\":\"2023-04-23T10:58:25+00:00\",\"dateModified\":\"2023-04-24T05:41:39+00:00\",\"description\":\"Alanya Mahmutlar ist eine Stadt in der t\u00fcrkischen Provinz Antalya, 10 km \u00f6stlich von Alanya mit rund 50.000 Einwohnern.\",\"breadcrumb\":{\"@id\":\"https:\/\/www.newlifeturkey.com\/de\/alanya-mahmutlar\/#breadcrumb\"},\"inLanguage\":\"de\",\"potentialAction\":[{\"@type\":\"ReadAction\",\"target\":[\"https:\/\/www.newlifeturkey.com\/de\/alanya-mahmutlar\/\"]}]},{\"@type\":\"BreadcrumbList\",\"@id\":\"https:\/\/www.newlifeturkey.com\/de\/alanya-mahmutlar\/#breadcrumb\",\"itemListElement\":[{\"@type\":\"ListItem\",\"position\":1,\"name\":\"Home\",\"item\":\"https:\/\/www.newlifeturkey.com\/de\/\"},{\"@type\":\"ListItem\",\"position\":2,\"name\":\"Alanya, Mahmutlar\"}]},{\"@type\":\"WebSite\",\"@id\":\"https:\/\/www.newlifeturkey.com\/de\/#website\",\"url\":\"https:\/\/www.newlifeturkey.com\/de\/\",\"name\":\"Properties in Alanya Turkey\",\"description\":\"New Life Turkey\",\"potentialAction\":[{\"@type\":\"SearchAction\",\"target\":{\"@type\":\"EntryPoint\",\"urlTemplate\":\"https:\/\/www.newlifeturkey.com\/de\/?s={search_term_string}\"},\"query-input\":\"required name=search_term_string\"}],\"inLanguage\":\"de\"}]}<\/script>\n<!-- \/ Yoast SEO plugin. -->","yoast_head_json":{"title":"Alanya Mahmutlar | Immobilien in Alanya","description":"Alanya Mahmutlar ist eine Stadt in der t\u00fcrkischen Provinz Antalya, 10 km \u00f6stlich von Alanya mit rund 50.000 Einwohnern.","robots":{"index":"index","follow":"follow","max-snippet":"max-snippet:-1","max-image-preview":"max-image-preview:large","max-video-preview":"max-video-preview:-1"},"canonical":"https:\/\/www.newlifeturkey.com\/de\/alanya-mahmutlar\/","og_locale":"de_DE","og_type":"article","og_title":"Alanya Mahmutlar | Immobilien in Alanya","og_description":"Alanya Mahmutlar ist eine Stadt in der t\u00fcrkischen Provinz Antalya, 10 km \u00f6stlich von Alanya mit rund 50.000 Einwohnern.","og_url":"https:\/\/www.newlifeturkey.com\/de\/alanya-mahmutlar\/","og_site_name":"Properties in Alanya Turkey","article_publisher":"https:\/\/www.facebook.com\/newlifeturkeyinalanya\/","article_modified_time":"2023-04-24T05:41:39+00:00","twitter_card":"summary_large_image","twitter_site":"@NewLifeAlanya","twitter_misc":{"Gesch\u00e4tzte Lesezeit":"1\u00a0Minute"},"schema":{"@context":"https:\/\/schema.org","@graph":[{"@type":"WebPage","@id":"https:\/\/www.newlifeturkey.com\/de\/alanya-mahmutlar\/","url":"https:\/\/www.newlifeturkey.com\/de\/alanya-mahmutlar\/","name":"Alanya Mahmutlar | Immobilien in Alanya","isPartOf":{"@id":"https:\/\/www.newlifeturkey.com\/de\/#website"},"datePublished":"2023-04-23T10:58:25+00:00","dateModified":"2023-04-24T05:41:39+00:00","description":"Alanya Mahmutlar ist eine Stadt in der t\u00fcrkischen Provinz Antalya, 10 km \u00f6stlich von Alanya mit rund 50.000 Einwohnern.","breadcrumb":{"@id":"https:\/\/www.newlifeturkey.com\/de\/alanya-mahmutlar\/#breadcrumb"},"inLanguage":"de","potentialAction":[{"@type":"ReadAction","target":["https:\/\/www.newlifeturkey.com\/de\/alanya-mahmutlar\/"]}]},{"@type":"BreadcrumbList","@id":"https:\/\/www.newlifeturkey.com\/de\/alanya-mahmutlar\/#breadcrumb","itemListElement":[{"@type":"ListItem","position":1,"name":"Home","item":"https:\/\/www.newlifeturkey.com\/de\/"},{"@type":"ListItem","position":2,"name":"Alanya, Mahmutlar"}]},{"@type":"WebSite","@id":"https:\/\/www.newlifeturkey.com\/de\/#website","url":"https:\/\/www.newlifeturkey.com\/de\/","name":"Properties in Alanya Turkey","description":"New Life Turkey","potentialAction":[{"@type":"SearchAction","target":{"@type":"EntryPoint","urlTemplate":"https:\/\/www.newlifeturkey.com\/de\/?s={search_term_string}"},"query-input":"required name=search_term_string"}],"inLanguage":"de"}]}},"_links":{"self":[{"href":"https:\/\/www.newlifeturkey.com\/de\/wp-json\/wp\/v2\/pages\/62722","targetHints":{"allow":["GET"]}}],"collection":[{"href":"https:\/\/www.newlifeturkey.com\/de\/wp-json\/wp\/v2\/pages"}],"about":[{"href":"https:\/\/www.newlifeturkey.com\/de\/wp-json\/wp\/v2\/types\/page"}],"author":[{"embeddable":true,"href":"https:\/\/www.newlifeturkey.com\/de\/wp-json\/wp\/v2\/users\/3"}],"replies":[{"embeddable":true,"href":"https:\/\/www.newlifeturkey.com\/de\/wp-json\/wp\/v2\/comments?post=62722"}],"version-history":[{"count":1,"href":"https:\/\/www.newlifeturkey.com\/de\/wp-json\/wp\/v2\/pages\/62722\/revisions"}],"predecessor-version":[{"id":62723,"href":"https:\/\/www.newlifeturkey.com\/de\/wp-json\/wp\/v2\/pages\/62722\/revisions\/62723"}],"wp:attachment":[{"href":"https:\/\/www.newlifeturkey.com\/de\/wp-json\/wp\/v2\/media?parent=62722"}],"curies":[{"name":"wp","href":"https:\/\/api.w.org\/{rel}","templated":true}]}}