{"id":62724,"date":"2023-04-23T11:12:52","date_gmt":"2023-04-23T11:12:52","guid":{"rendered":"https:\/\/www.newlifeturkey.com\/?page_id=62724"},"modified":"2023-04-24T05:48:50","modified_gmt":"2023-04-24T05:48:50","slug":"alanya-kestel","status":"publish","type":"page","link":"https:\/\/www.newlifeturkey.com\/de\/alanya-kestel\/","title":{"rendered":"Alanya, Kestel"},"content":{"rendered":"<h4>Alanya, Kestel<\/h4>\n<p style=\"text-align: justify;\">Kestel ist ein Stadtteil von Alanya in der Provinz Antalya. Es gibt Mahmutlar im Osten und Tosmur im Westen. Kestel liegt direkt an der D400 Verbindungsstra\u00dfe Antalya-Mersin und ist nur 7 km vom Zentrum von Alanya entfernt. Alanya, Kestel ist das sch\u00f6nste und neuste Bebauungsgebiet von Alanya. Der Strand ist nur wenige Schritte entfernt, ebenso wie Restaurants und Einkaufszentren, die Sie alle schnell erreichen k\u00f6nnen. Alanyas gr\u00f6\u00dfte Universit\u00e4t befindet sich in Kestel. Die Anbindung an Stadtbusse zur Universit\u00e4t und in die Innenstadt ist sehr gut. Die Busse fahren im 10-Minuten-Takt. In den letzten Jahren wuchs dieser Vorort von einem kleinen Dorf zu einem gesch\u00e4ftigen Vorort von Alanya. Geb\u00e4ude haben maximal 5 Stockwerke und es ist verboten, h\u00f6here Geb\u00e4ude zu bauen.<\/p>\n<p style=\"text-align: justify;\">Das macht die Gegend um Kestel besonders beliebt. Sie erwirtschaftet ihre wirtschaftlichen Einnahmen vor allem aus dem Tourismus. Die Einwohner von Kestel leisten jedoch mit der Landwirtschaft einen gro\u00dfen Beitrag zur Wirtschaft. Gerade in diesem Bereich sind die Investitionsm\u00f6glichkeiten immens. Mit dem Kauf einer Immobilie haben Sie hier eine Investition f\u00fcrs Leben. Der angelegte Rad- und Wanderweg f\u00fchrt vom Gebiet Mahmutlar bis in die Stadt Alanya. Genie\u00dfen Sie lange Spazierg\u00e4nge im Sonnenuntergang. Finden Sie unsere <a href=\"https:\/\/www.newlifeturkey.com\/de\/immobilien-in-der-tuerkei\/\">Immobilienangebote<\/a> in Alanya hier oder <a href=\"https:\/\/wa.link\/rlkijr\">rufen Sie uns direkt an<\/a>.<\/p>\n","protected":false},"excerpt":{"rendered":"<p>Alanya, Kestel Kestel ist ein Stadtteil von Alanya in der Provinz Antalya. Es gibt Mahmutlar im Osten und Tosmur im Westen. Kestel liegt direkt an der D400 Verbindungsstra\u00dfe Antalya-Mersin und ist nur 7 km vom Zentrum von Alanya entfernt. Alanya, Kestel ist das sch\u00f6nste und neuste Bebauungsgebiet von Alanya. Der Strand ist nur wenige Schritte entfernt, ebenso wie Restaurants und Einkaufszentren, die Sie alle &#8230;<\/p>\n","protected":false},"author":3,"featured_media":0,"parent":0,"menu_order":0,"comment_status":"closed","ping_status":"closed","template":"property_list.php","meta":{"footnotes":""},"class_list":["post-62724","page","type-page","status-publish","hentry"],"yoast_head":"<!-- This site is optimized with the Yoast SEO plugin v23.2 - https:\/\/yoast.com\/wordpress\/plugins\/seo\/ -->\n<title>Alanya Kestel | Immobilien in Alanya<\/title>\n<meta name=\"description\" content=\"Kestel ist ein Stadtteil von Alanya in der Provinz Antalya mit Mahmutlar im Osten und Tosmur im Westen von Kestel.\" \/>\n<meta name=\"robots\" content=\"index, follow, max-snippet:-1, max-image-preview:large, max-video-preview:-1\" \/>\n<link rel=\"canonical\" href=\"https:\/\/www.newlifeturkey.com\/de\/alanya-kestel\/\" \/>\n<meta property=\"og:locale\" content=\"de_DE\" \/>\n<meta property=\"og:type\" content=\"article\" \/>\n<meta property=\"og:title\" content=\"Alanya Kestel | Immobilien in Alanya\" \/>\n<meta property=\"og:description\" content=\"Kestel ist ein Stadtteil von Alanya in der Provinz Antalya mit Mahmutlar im Osten und Tosmur im Westen von Kestel.\" \/>\n<meta property=\"og:url\" content=\"https:\/\/www.newlifeturkey.com\/de\/alanya-kestel\/\" \/>\n<meta property=\"og:site_name\" content=\"Immobilien in Alanya\" \/>\n<meta property=\"article:publisher\" content=\"https:\/\/www.facebook.com\/newlifeturkeyinalanya\/\" \/>\n<meta property=\"article:modified_time\" content=\"2023-04-24T05:48:50+00:00\" \/>\n<meta name=\"twitter:card\" content=\"summary_large_image\" \/>\n<meta name=\"twitter:site\" content=\"@NewLifeAlanya\" \/>\n<meta name=\"twitter:label1\" content=\"Gesch\u00e4tzte Lesezeit\" \/>\n\t<meta name=\"twitter:data1\" content=\"1\u00a0Minute\" \/>\n<script type=\"application\/ld+json\" class=\"yoast-schema-graph\">{\"@context\":\"https:\/\/schema.org\",\"@graph\":[{\"@type\":\"WebPage\",\"@id\":\"https:\/\/www.newlifeturkey.com\/de\/alanya-kestel\/\",\"url\":\"https:\/\/www.newlifeturkey.com\/de\/alanya-kestel\/\",\"name\":\"Alanya Kestel | Immobilien in Alanya\",\"isPartOf\":{\"@id\":\"https:\/\/www.newlifeturkey.com\/de\/#website\"},\"datePublished\":\"2023-04-23T11:12:52+00:00\",\"dateModified\":\"2023-04-24T05:48:50+00:00\",\"description\":\"Kestel ist ein Stadtteil von Alanya in der Provinz Antalya mit Mahmutlar im Osten und Tosmur im Westen von Kestel.\",\"breadcrumb\":{\"@id\":\"https:\/\/www.newlifeturkey.com\/de\/alanya-kestel\/#breadcrumb\"},\"inLanguage\":\"de\",\"potentialAction\":[{\"@type\":\"ReadAction\",\"target\":[\"https:\/\/www.newlifeturkey.com\/de\/alanya-kestel\/\"]}]},{\"@type\":\"BreadcrumbList\",\"@id\":\"https:\/\/www.newlifeturkey.com\/de\/alanya-kestel\/#breadcrumb\",\"itemListElement\":[{\"@type\":\"ListItem\",\"position\":1,\"name\":\"Home\",\"item\":\"https:\/\/www.newlifeturkey.com\/de\/\"},{\"@type\":\"ListItem\",\"position\":2,\"name\":\"Alanya, Kestel\"}]},{\"@type\":\"WebSite\",\"@id\":\"https:\/\/www.newlifeturkey.com\/de\/#website\",\"url\":\"https:\/\/www.newlifeturkey.com\/de\/\",\"name\":\"Immobilien in Alanya\",\"description\":\"New Life Turkey\",\"potentialAction\":[{\"@type\":\"SearchAction\",\"target\":{\"@type\":\"EntryPoint\",\"urlTemplate\":\"https:\/\/www.newlifeturkey.com\/de\/?s={search_term_string}\"},\"query-input\":\"required name=search_term_string\"}],\"inLanguage\":\"de\"}]}<\/script>\n<!-- \/ Yoast SEO plugin. -->","yoast_head_json":{"title":"Alanya Kestel | Immobilien in Alanya","description":"Kestel ist ein Stadtteil von Alanya in der Provinz Antalya mit Mahmutlar im Osten und Tosmur im Westen von Kestel.","robots":{"index":"index","follow":"follow","max-snippet":"max-snippet:-1","max-image-preview":"max-image-preview:large","max-video-preview":"max-video-preview:-1"},"canonical":"https:\/\/www.newlifeturkey.com\/de\/alanya-kestel\/","og_locale":"de_DE","og_type":"article","og_title":"Alanya Kestel | Immobilien in Alanya","og_description":"Kestel ist ein Stadtteil von Alanya in der Provinz Antalya mit Mahmutlar im Osten und Tosmur im Westen von Kestel.","og_url":"https:\/\/www.newlifeturkey.com\/de\/alanya-kestel\/","og_site_name":"Immobilien in Alanya","article_publisher":"https:\/\/www.facebook.com\/newlifeturkeyinalanya\/","article_modified_time":"2023-04-24T05:48:50+00:00","twitter_card":"summary_large_image","twitter_site":"@NewLifeAlanya","twitter_misc":{"Gesch\u00e4tzte Lesezeit":"1\u00a0Minute"},"schema":{"@context":"https:\/\/schema.org","@graph":[{"@type":"WebPage","@id":"https:\/\/www.newlifeturkey.com\/de\/alanya-kestel\/","url":"https:\/\/www.newlifeturkey.com\/de\/alanya-kestel\/","name":"Alanya Kestel | Immobilien in Alanya","isPartOf":{"@id":"https:\/\/www.newlifeturkey.com\/de\/#website"},"datePublished":"2023-04-23T11:12:52+00:00","dateModified":"2023-04-24T05:48:50+00:00","description":"Kestel ist ein Stadtteil von Alanya in der Provinz Antalya mit Mahmutlar im Osten und Tosmur im Westen von Kestel.","breadcrumb":{"@id":"https:\/\/www.newlifeturkey.com\/de\/alanya-kestel\/#breadcrumb"},"inLanguage":"de","potentialAction":[{"@type":"ReadAction","target":["https:\/\/www.newlifeturkey.com\/de\/alanya-kestel\/"]}]},{"@type":"BreadcrumbList","@id":"https:\/\/www.newlifeturkey.com\/de\/alanya-kestel\/#breadcrumb","itemListElement":[{"@type":"ListItem","position":1,"name":"Home","item":"https:\/\/www.newlifeturkey.com\/de\/"},{"@type":"ListItem","position":2,"name":"Alanya, Kestel"}]},{"@type":"WebSite","@id":"https:\/\/www.newlifeturkey.com\/de\/#website","url":"https:\/\/www.newlifeturkey.com\/de\/","name":"Immobilien in Alanya","description":"New Life Turkey","potentialAction":[{"@type":"SearchAction","target":{"@type":"EntryPoint","urlTemplate":"https:\/\/www.newlifeturkey.com\/de\/?s={search_term_string}"},"query-input":"required name=search_term_string"}],"inLanguage":"de"}]}},"_links":{"self":[{"href":"https:\/\/www.newlifeturkey.com\/de\/wp-json\/wp\/v2\/pages\/62724","targetHints":{"allow":["GET"]}}],"collection":[{"href":"https:\/\/www.newlifeturkey.com\/de\/wp-json\/wp\/v2\/pages"}],"about":[{"href":"https:\/\/www.newlifeturkey.com\/de\/wp-json\/wp\/v2\/types\/page"}],"author":[{"embeddable":true,"href":"https:\/\/www.newlifeturkey.com\/de\/wp-json\/wp\/v2\/users\/3"}],"replies":[{"embeddable":true,"href":"https:\/\/www.newlifeturkey.com\/de\/wp-json\/wp\/v2\/comments?post=62724"}],"version-history":[{"count":1,"href":"https:\/\/www.newlifeturkey.com\/de\/wp-json\/wp\/v2\/pages\/62724\/revisions"}],"predecessor-version":[{"id":62725,"href":"https:\/\/www.newlifeturkey.com\/de\/wp-json\/wp\/v2\/pages\/62724\/revisions\/62725"}],"wp:attachment":[{"href":"https:\/\/www.newlifeturkey.com\/de\/wp-json\/wp\/v2\/media?parent=62724"}],"curies":[{"name":"wp","href":"https:\/\/api.w.org\/{rel}","templated":true}]}}