{"id":62726,"date":"2023-04-23T11:20:59","date_gmt":"2023-04-23T11:20:59","guid":{"rendered":"https:\/\/www.newlifeturkey.com\/?page_id=62726"},"modified":"2023-04-24T05:52:31","modified_gmt":"2023-04-24T05:52:31","slug":"alanya-oba","status":"publish","type":"page","link":"https:\/\/www.newlifeturkey.com\/de\/alanya-oba\/","title":{"rendered":"Alanya, Oba"},"content":{"rendered":"<h4>Alanya, Oba<\/h4>\n<p style=\"text-align: justify;\">Oba ist ein Stadtteil von Alanya in der Provinz Antalya. Das deutsche Oer-Erkenschwick (2003) und das polnische Pniewy (2004) sind Partnerst\u00e4dte von Alanya. Oba ist ein prestigetr\u00e4chtiger Stadtteil 4 km vom Zentrum von Alanya entfernt und bietet viele gem\u00fctliche Restaurants, Gesch\u00e4fte, sch\u00f6ne Str\u00e4nde und Parks, in denen Sie sonnige Tage Ihres Urlaubs genie\u00dfen k\u00f6nnen. Viele Attraktionen wie der Dim-Fluss (Dim Cay\u0131) mit einem wundersch\u00f6nen Tal und die Dim-H\u00f6hle (Dim Ma\u011faras\u0131) sind nur 15 Autominuten entfernt. Diese Gegend ist in den letzten Jahren immens gewachsen und ist besonders bei Residenten aus Europa sehr beliebt, die sich entscheiden, ihre Rentenjahre in Alanya zu verbringen. Oba ist auch das neue Stadtzentrum von Alanya, da hier das neue Rathaus entstehen wird.<\/p>\n<p style=\"text-align: justify;\">Oba hat einen Strand, der mit der \u201eBlauen Flagge\u201c ausgezeichnet wurde. Diese Auszeichnung zeigt die gute Qualit\u00e4t des Strandes in dieser Gegend. Die Infrastruktur in Oba ist gut ausgebaut, es gibt Kinderparks, Sportpl\u00e4tze und ein Reitzentrum. Die Qualit\u00e4t der Immobilien ist sehr hoch. Das Gebiet ist auch eines der am schnellsten wachsenden modernen Gebiete. Es gibt eine Reihe wichtiger Einrichtungen wie Schulen, Krankenh\u00e4user und Gemeindegeb\u00e4ude. Der internationale Flughafen Alanya-Gazipasa ist in 25 Minuten erreichbar. Finden Sie unsere <a href=\"https:\/\/www.newlifeturkey.com\/de\/immobilien-in-der-tuerkei\/\">Immobilienangebote<\/a> in Alanya hier oder <a href=\"https:\/\/wa.link\/rlkijr\">rufen Sie uns direkt an<\/a>.<\/p>\n","protected":false},"excerpt":{"rendered":"<p>Alanya, Oba Oba ist ein Stadtteil von Alanya in der Provinz Antalya. Das deutsche Oer-Erkenschwick (2003) und das polnische Pniewy (2004) sind Partnerst\u00e4dte von Alanya. Oba ist ein prestigetr\u00e4chtiger Stadtteil 4 km vom Zentrum von Alanya entfernt und bietet viele gem\u00fctliche Restaurants, Gesch\u00e4fte, sch\u00f6ne Str\u00e4nde und Parks, in denen Sie sonnige Tage Ihres Urlaubs genie\u00dfen k\u00f6nnen. Viele Attraktionen wie der Dim-Fluss (Dim Cay\u0131) mit &#8230;<\/p>\n","protected":false},"author":3,"featured_media":0,"parent":0,"menu_order":0,"comment_status":"closed","ping_status":"closed","template":"property_list.php","meta":{"footnotes":""},"class_list":["post-62726","page","type-page","status-publish","hentry"],"yoast_head":"<!-- This site is optimized with the Yoast SEO plugin v23.2 - https:\/\/yoast.com\/wordpress\/plugins\/seo\/ -->\n<title>Alanya Oba | Immobilien in Alanya<\/title>\n<meta name=\"description\" content=\"Oba ist ein Stadtteil von Alanya in der Provinz Antalya. Oba ist ein prestigetr\u00e4chtiger Stadtteil 4 km vom Zentrum von Alanya entfernt\" \/>\n<meta name=\"robots\" content=\"index, follow, max-snippet:-1, max-image-preview:large, max-video-preview:-1\" \/>\n<link rel=\"canonical\" href=\"https:\/\/www.newlifeturkey.com\/de\/alanya-oba\/\" \/>\n<meta property=\"og:locale\" content=\"de_DE\" \/>\n<meta property=\"og:type\" content=\"article\" \/>\n<meta property=\"og:title\" content=\"Alanya Oba | Immobilien in Alanya\" \/>\n<meta property=\"og:description\" content=\"Oba ist ein Stadtteil von Alanya in der Provinz Antalya. Oba ist ein prestigetr\u00e4chtiger Stadtteil 4 km vom Zentrum von Alanya entfernt\" \/>\n<meta property=\"og:url\" content=\"https:\/\/www.newlifeturkey.com\/de\/alanya-oba\/\" \/>\n<meta property=\"og:site_name\" content=\"Immobilien in Alanya\" \/>\n<meta property=\"article:publisher\" content=\"https:\/\/www.facebook.com\/newlifeturkeyinalanya\/\" \/>\n<meta property=\"article:modified_time\" content=\"2023-04-24T05:52:31+00:00\" \/>\n<meta name=\"twitter:card\" content=\"summary_large_image\" \/>\n<meta name=\"twitter:site\" content=\"@NewLifeAlanya\" \/>\n<meta name=\"twitter:label1\" content=\"Gesch\u00e4tzte Lesezeit\" \/>\n\t<meta name=\"twitter:data1\" content=\"1\u00a0Minute\" \/>\n<script type=\"application\/ld+json\" class=\"yoast-schema-graph\">{\"@context\":\"https:\/\/schema.org\",\"@graph\":[{\"@type\":\"WebPage\",\"@id\":\"https:\/\/www.newlifeturkey.com\/de\/alanya-oba\/\",\"url\":\"https:\/\/www.newlifeturkey.com\/de\/alanya-oba\/\",\"name\":\"Alanya Oba | Immobilien in Alanya\",\"isPartOf\":{\"@id\":\"https:\/\/www.newlifeturkey.com\/de\/#website\"},\"datePublished\":\"2023-04-23T11:20:59+00:00\",\"dateModified\":\"2023-04-24T05:52:31+00:00\",\"description\":\"Oba ist ein Stadtteil von Alanya in der Provinz Antalya. Oba ist ein prestigetr\u00e4chtiger Stadtteil 4 km vom Zentrum von Alanya entfernt\",\"breadcrumb\":{\"@id\":\"https:\/\/www.newlifeturkey.com\/de\/alanya-oba\/#breadcrumb\"},\"inLanguage\":\"de\",\"potentialAction\":[{\"@type\":\"ReadAction\",\"target\":[\"https:\/\/www.newlifeturkey.com\/de\/alanya-oba\/\"]}]},{\"@type\":\"BreadcrumbList\",\"@id\":\"https:\/\/www.newlifeturkey.com\/de\/alanya-oba\/#breadcrumb\",\"itemListElement\":[{\"@type\":\"ListItem\",\"position\":1,\"name\":\"Home\",\"item\":\"https:\/\/www.newlifeturkey.com\/de\/\"},{\"@type\":\"ListItem\",\"position\":2,\"name\":\"Alanya, Oba\"}]},{\"@type\":\"WebSite\",\"@id\":\"https:\/\/www.newlifeturkey.com\/de\/#website\",\"url\":\"https:\/\/www.newlifeturkey.com\/de\/\",\"name\":\"Immobilien in Alanya\",\"description\":\"New Life Turkey\",\"potentialAction\":[{\"@type\":\"SearchAction\",\"target\":{\"@type\":\"EntryPoint\",\"urlTemplate\":\"https:\/\/www.newlifeturkey.com\/de\/?s={search_term_string}\"},\"query-input\":\"required name=search_term_string\"}],\"inLanguage\":\"de\"}]}<\/script>\n<!-- \/ Yoast SEO plugin. -->","yoast_head_json":{"title":"Alanya Oba | Immobilien in Alanya","description":"Oba ist ein Stadtteil von Alanya in der Provinz Antalya. Oba ist ein prestigetr\u00e4chtiger Stadtteil 4 km vom Zentrum von Alanya entfernt","robots":{"index":"index","follow":"follow","max-snippet":"max-snippet:-1","max-image-preview":"max-image-preview:large","max-video-preview":"max-video-preview:-1"},"canonical":"https:\/\/www.newlifeturkey.com\/de\/alanya-oba\/","og_locale":"de_DE","og_type":"article","og_title":"Alanya Oba | Immobilien in Alanya","og_description":"Oba ist ein Stadtteil von Alanya in der Provinz Antalya. Oba ist ein prestigetr\u00e4chtiger Stadtteil 4 km vom Zentrum von Alanya entfernt","og_url":"https:\/\/www.newlifeturkey.com\/de\/alanya-oba\/","og_site_name":"Immobilien in Alanya","article_publisher":"https:\/\/www.facebook.com\/newlifeturkeyinalanya\/","article_modified_time":"2023-04-24T05:52:31+00:00","twitter_card":"summary_large_image","twitter_site":"@NewLifeAlanya","twitter_misc":{"Gesch\u00e4tzte Lesezeit":"1\u00a0Minute"},"schema":{"@context":"https:\/\/schema.org","@graph":[{"@type":"WebPage","@id":"https:\/\/www.newlifeturkey.com\/de\/alanya-oba\/","url":"https:\/\/www.newlifeturkey.com\/de\/alanya-oba\/","name":"Alanya Oba | Immobilien in Alanya","isPartOf":{"@id":"https:\/\/www.newlifeturkey.com\/de\/#website"},"datePublished":"2023-04-23T11:20:59+00:00","dateModified":"2023-04-24T05:52:31+00:00","description":"Oba ist ein Stadtteil von Alanya in der Provinz Antalya. Oba ist ein prestigetr\u00e4chtiger Stadtteil 4 km vom Zentrum von Alanya entfernt","breadcrumb":{"@id":"https:\/\/www.newlifeturkey.com\/de\/alanya-oba\/#breadcrumb"},"inLanguage":"de","potentialAction":[{"@type":"ReadAction","target":["https:\/\/www.newlifeturkey.com\/de\/alanya-oba\/"]}]},{"@type":"BreadcrumbList","@id":"https:\/\/www.newlifeturkey.com\/de\/alanya-oba\/#breadcrumb","itemListElement":[{"@type":"ListItem","position":1,"name":"Home","item":"https:\/\/www.newlifeturkey.com\/de\/"},{"@type":"ListItem","position":2,"name":"Alanya, Oba"}]},{"@type":"WebSite","@id":"https:\/\/www.newlifeturkey.com\/de\/#website","url":"https:\/\/www.newlifeturkey.com\/de\/","name":"Immobilien in Alanya","description":"New Life Turkey","potentialAction":[{"@type":"SearchAction","target":{"@type":"EntryPoint","urlTemplate":"https:\/\/www.newlifeturkey.com\/de\/?s={search_term_string}"},"query-input":"required name=search_term_string"}],"inLanguage":"de"}]}},"_links":{"self":[{"href":"https:\/\/www.newlifeturkey.com\/de\/wp-json\/wp\/v2\/pages\/62726","targetHints":{"allow":["GET"]}}],"collection":[{"href":"https:\/\/www.newlifeturkey.com\/de\/wp-json\/wp\/v2\/pages"}],"about":[{"href":"https:\/\/www.newlifeturkey.com\/de\/wp-json\/wp\/v2\/types\/page"}],"author":[{"embeddable":true,"href":"https:\/\/www.newlifeturkey.com\/de\/wp-json\/wp\/v2\/users\/3"}],"replies":[{"embeddable":true,"href":"https:\/\/www.newlifeturkey.com\/de\/wp-json\/wp\/v2\/comments?post=62726"}],"version-history":[{"count":1,"href":"https:\/\/www.newlifeturkey.com\/de\/wp-json\/wp\/v2\/pages\/62726\/revisions"}],"predecessor-version":[{"id":62727,"href":"https:\/\/www.newlifeturkey.com\/de\/wp-json\/wp\/v2\/pages\/62726\/revisions\/62727"}],"wp:attachment":[{"href":"https:\/\/www.newlifeturkey.com\/de\/wp-json\/wp\/v2\/media?parent=62726"}],"curies":[{"name":"wp","href":"https:\/\/api.w.org\/{rel}","templated":true}]}}