{"id":62728,"date":"2023-04-23T11:33:23","date_gmt":"2023-04-23T11:33:23","guid":{"rendered":"https:\/\/www.newlifeturkey.com\/?page_id=62728"},"modified":"2023-04-24T05:57:59","modified_gmt":"2023-04-24T05:57:59","slug":"alanya-konakli","status":"publish","type":"page","link":"https:\/\/www.newlifeturkey.com\/de\/alanya-konakli\/","title":{"rendered":"Alanya, Konakli"},"content":{"rendered":"<h4>Alanya, Konakli<\/h4>\n<p style=\"text-align: justify;\">Konakli ist ein Stadtteil von Alanya in der Provinz Antalya. Es ist ein Vorot direkt an der Mittelmeerk\u00fcste und liegt an der Autobahn D 400 im S\u00fcden der T\u00fcrkei. Der Stadtteil liegt 12 Kilometer von Alanya, 125 Kilometer von Antalya, 115 Kilometer vom Flughafen Antalya und 50 Kilometer vom Flughafen Alanya-Gazipasa entfernt. Es ist ein sehr friedlicher und sch\u00f6ner Vorort von Alanya mit gro\u00dfartigem Blick auf die Toros-Berge und das Meer. Es liegt etwa 10 km westlich des Stadtzentrums. Konakli ist eines der touristischen Zentren in diesem Bereich des Mittelmeers. Sie k\u00f6nnen in dieser Gegend viele Hotels finden und auch einen tollen Urlaub in einem der 5 Sterne Hotels verbringen.<\/p>\n<p style=\"text-align: justify;\">Der feine Sandstrand in dieser Gegend ist perfekt f\u00fcr Familien mit Kindern. Es ist eine ruhige Gegend mit einem bl\u00fchenden Zentrum und wird nicht nur von Einheimischen, sondern auch von Zugezogenen aus ganz Europa bevorzugt. Konakli ist an das \u00f6ffentliche Verkehrsnetz angebunden, sodass Sie das Stadtzentrum von Alanya bequem erreichen k\u00f6nnen. Wenn Sie eine ruhige Gegend mit einer nat\u00fcrlichen Umgebung bevorzugen, dann ist dies die richtige Gegend f\u00fcr Sie. Die Str\u00e4nde hier sind wundersch\u00f6n und sandig und offen f\u00fcr alle. Finden Sie unsere <a href=\"https:\/\/www.newlifeturkey.com\/de\/immobilien-in-der-tuerkei\/\">Immobilienangebote<\/a> in Alanya hier oder <a href=\"https:\/\/wa.link\/rlkijr\">rufen Sie uns direkt an.<\/a><\/p>\n","protected":false},"excerpt":{"rendered":"<p>Alanya, Konakli Konakli ist ein Stadtteil von Alanya in der Provinz Antalya. Es ist ein Vorot direkt an der Mittelmeerk\u00fcste und liegt an der Autobahn D 400 im S\u00fcden der T\u00fcrkei. Der Stadtteil liegt 12 Kilometer von Alanya, 125 Kilometer von Antalya, 115 Kilometer vom Flughafen Antalya und 50 Kilometer vom Flughafen Alanya-Gazipasa entfernt. Es ist ein sehr friedlicher und sch\u00f6ner Vorort von Alanya &#8230;<\/p>\n","protected":false},"author":3,"featured_media":0,"parent":0,"menu_order":0,"comment_status":"closed","ping_status":"closed","template":"property_list.php","meta":{"footnotes":""},"class_list":["post-62728","page","type-page","status-publish","hentry"],"yoast_head":"<!-- This site is optimized with the Yoast SEO plugin v23.2 - https:\/\/yoast.com\/wordpress\/plugins\/seo\/ -->\n<title>Alanya Konakli | Immobilien in Alanya<\/title>\n<meta name=\"description\" content=\"Konakli ist ein Stadtteil von Alanya in der Provinz Antalya. Es ist ein Vorort direkt an der Mittelmeerk\u00fcste\" \/>\n<meta name=\"robots\" content=\"index, follow, max-snippet:-1, max-image-preview:large, max-video-preview:-1\" \/>\n<link rel=\"canonical\" href=\"https:\/\/www.newlifeturkey.com\/de\/alanya-konakli\/\" \/>\n<meta property=\"og:locale\" content=\"de_DE\" \/>\n<meta property=\"og:type\" content=\"article\" \/>\n<meta property=\"og:title\" content=\"Alanya Konakli | Immobilien in Alanya\" \/>\n<meta property=\"og:description\" content=\"Konakli ist ein Stadtteil von Alanya in der Provinz Antalya. Es ist ein Vorort direkt an der Mittelmeerk\u00fcste\" \/>\n<meta property=\"og:url\" content=\"https:\/\/www.newlifeturkey.com\/de\/alanya-konakli\/\" \/>\n<meta property=\"og:site_name\" content=\"Properties in Alanya Turkey\" \/>\n<meta property=\"article:publisher\" content=\"https:\/\/www.facebook.com\/newlifeturkeyinalanya\/\" \/>\n<meta property=\"article:modified_time\" content=\"2023-04-24T05:57:59+00:00\" \/>\n<meta name=\"twitter:card\" content=\"summary_large_image\" \/>\n<meta name=\"twitter:site\" content=\"@NewLifeAlanya\" \/>\n<meta name=\"twitter:label1\" content=\"Gesch\u00e4tzte Lesezeit\" \/>\n\t<meta name=\"twitter:data1\" content=\"1\u00a0Minute\" \/>\n<script type=\"application\/ld+json\" class=\"yoast-schema-graph\">{\"@context\":\"https:\/\/schema.org\",\"@graph\":[{\"@type\":\"WebPage\",\"@id\":\"https:\/\/www.newlifeturkey.com\/de\/alanya-konakli\/\",\"url\":\"https:\/\/www.newlifeturkey.com\/de\/alanya-konakli\/\",\"name\":\"Alanya Konakli | Immobilien in Alanya\",\"isPartOf\":{\"@id\":\"https:\/\/www.newlifeturkey.com\/de\/#website\"},\"datePublished\":\"2023-04-23T11:33:23+00:00\",\"dateModified\":\"2023-04-24T05:57:59+00:00\",\"description\":\"Konakli ist ein Stadtteil von Alanya in der Provinz Antalya. Es ist ein Vorort direkt an der Mittelmeerk\u00fcste\",\"breadcrumb\":{\"@id\":\"https:\/\/www.newlifeturkey.com\/de\/alanya-konakli\/#breadcrumb\"},\"inLanguage\":\"de\",\"potentialAction\":[{\"@type\":\"ReadAction\",\"target\":[\"https:\/\/www.newlifeturkey.com\/de\/alanya-konakli\/\"]}]},{\"@type\":\"BreadcrumbList\",\"@id\":\"https:\/\/www.newlifeturkey.com\/de\/alanya-konakli\/#breadcrumb\",\"itemListElement\":[{\"@type\":\"ListItem\",\"position\":1,\"name\":\"Home\",\"item\":\"https:\/\/www.newlifeturkey.com\/de\/\"},{\"@type\":\"ListItem\",\"position\":2,\"name\":\"Alanya, Konakli\"}]},{\"@type\":\"WebSite\",\"@id\":\"https:\/\/www.newlifeturkey.com\/de\/#website\",\"url\":\"https:\/\/www.newlifeturkey.com\/de\/\",\"name\":\"Properties in Alanya Turkey\",\"description\":\"New Life Turkey\",\"potentialAction\":[{\"@type\":\"SearchAction\",\"target\":{\"@type\":\"EntryPoint\",\"urlTemplate\":\"https:\/\/www.newlifeturkey.com\/de\/?s={search_term_string}\"},\"query-input\":\"required name=search_term_string\"}],\"inLanguage\":\"de\"}]}<\/script>\n<!-- \/ Yoast SEO plugin. -->","yoast_head_json":{"title":"Alanya Konakli | Immobilien in Alanya","description":"Konakli ist ein Stadtteil von Alanya in der Provinz Antalya. Es ist ein Vorort direkt an der Mittelmeerk\u00fcste","robots":{"index":"index","follow":"follow","max-snippet":"max-snippet:-1","max-image-preview":"max-image-preview:large","max-video-preview":"max-video-preview:-1"},"canonical":"https:\/\/www.newlifeturkey.com\/de\/alanya-konakli\/","og_locale":"de_DE","og_type":"article","og_title":"Alanya Konakli | Immobilien in Alanya","og_description":"Konakli ist ein Stadtteil von Alanya in der Provinz Antalya. Es ist ein Vorort direkt an der Mittelmeerk\u00fcste","og_url":"https:\/\/www.newlifeturkey.com\/de\/alanya-konakli\/","og_site_name":"Properties in Alanya Turkey","article_publisher":"https:\/\/www.facebook.com\/newlifeturkeyinalanya\/","article_modified_time":"2023-04-24T05:57:59+00:00","twitter_card":"summary_large_image","twitter_site":"@NewLifeAlanya","twitter_misc":{"Gesch\u00e4tzte Lesezeit":"1\u00a0Minute"},"schema":{"@context":"https:\/\/schema.org","@graph":[{"@type":"WebPage","@id":"https:\/\/www.newlifeturkey.com\/de\/alanya-konakli\/","url":"https:\/\/www.newlifeturkey.com\/de\/alanya-konakli\/","name":"Alanya Konakli | Immobilien in Alanya","isPartOf":{"@id":"https:\/\/www.newlifeturkey.com\/de\/#website"},"datePublished":"2023-04-23T11:33:23+00:00","dateModified":"2023-04-24T05:57:59+00:00","description":"Konakli ist ein Stadtteil von Alanya in der Provinz Antalya. Es ist ein Vorort direkt an der Mittelmeerk\u00fcste","breadcrumb":{"@id":"https:\/\/www.newlifeturkey.com\/de\/alanya-konakli\/#breadcrumb"},"inLanguage":"de","potentialAction":[{"@type":"ReadAction","target":["https:\/\/www.newlifeturkey.com\/de\/alanya-konakli\/"]}]},{"@type":"BreadcrumbList","@id":"https:\/\/www.newlifeturkey.com\/de\/alanya-konakli\/#breadcrumb","itemListElement":[{"@type":"ListItem","position":1,"name":"Home","item":"https:\/\/www.newlifeturkey.com\/de\/"},{"@type":"ListItem","position":2,"name":"Alanya, Konakli"}]},{"@type":"WebSite","@id":"https:\/\/www.newlifeturkey.com\/de\/#website","url":"https:\/\/www.newlifeturkey.com\/de\/","name":"Properties in Alanya Turkey","description":"New Life Turkey","potentialAction":[{"@type":"SearchAction","target":{"@type":"EntryPoint","urlTemplate":"https:\/\/www.newlifeturkey.com\/de\/?s={search_term_string}"},"query-input":"required name=search_term_string"}],"inLanguage":"de"}]}},"_links":{"self":[{"href":"https:\/\/www.newlifeturkey.com\/de\/wp-json\/wp\/v2\/pages\/62728","targetHints":{"allow":["GET"]}}],"collection":[{"href":"https:\/\/www.newlifeturkey.com\/de\/wp-json\/wp\/v2\/pages"}],"about":[{"href":"https:\/\/www.newlifeturkey.com\/de\/wp-json\/wp\/v2\/types\/page"}],"author":[{"embeddable":true,"href":"https:\/\/www.newlifeturkey.com\/de\/wp-json\/wp\/v2\/users\/3"}],"replies":[{"embeddable":true,"href":"https:\/\/www.newlifeturkey.com\/de\/wp-json\/wp\/v2\/comments?post=62728"}],"version-history":[{"count":1,"href":"https:\/\/www.newlifeturkey.com\/de\/wp-json\/wp\/v2\/pages\/62728\/revisions"}],"predecessor-version":[{"id":62729,"href":"https:\/\/www.newlifeturkey.com\/de\/wp-json\/wp\/v2\/pages\/62728\/revisions\/62729"}],"wp:attachment":[{"href":"https:\/\/www.newlifeturkey.com\/de\/wp-json\/wp\/v2\/media?parent=62728"}],"curies":[{"name":"wp","href":"https:\/\/api.w.org\/{rel}","templated":true}]}}