{"id":50527,"date":"2017-06-12T04:48:57","date_gmt":"2017-06-12T04:48:57","guid":{"rendered":"https:\/\/www.newlifeturkey.com\/nekretnine-u-turskoj\/"},"modified":"2023-04-20T05:43:59","modified_gmt":"2023-04-20T05:43:59","slug":"nekretnine-u-turskoj","status":"publish","type":"page","link":"https:\/\/www.newlifeturkey.com\/sr\/nekretnine-u-turskoj\/","title":{"rendered":"Nekretnine u Turskoj"},"content":{"rendered":"<div class=\"wpb-content-wrapper\"><p>[vc_row][vc_column][vc_column_text]<\/p>\n<h3 style=\"text-align: justify;\">Nekretnine u Alaniji<\/h3>\n<p style=\"text-align: justify;\">Nev Life Real Estate je kompanija specijalizovana za konsultantske usluge u oblasti nekretnina. Poma\u017eemo da prona\u0111ete va\u0161u nekretnine u Alaniji.<\/p>\n<h4 style=\"text-align: justify;\">Za\u0161to bi trebalo da izaberete nekretninu u Alaniji.<\/h4>\n<p style=\"text-align: justify;\">Nekretnine u Alanji trenutno do\u017eivljavaju enormno povec\u0301anje vrednosti. Stoga ne propustite priliku da pogledate na\u0161u ponudu nekretnina.<\/p>\n<h4 style=\"text-align: justify;\">Za\u0161to Alanja?<\/h4>\n<p style=\"text-align: justify;\"><a href=\"https:\/\/www.newlifeturkey.com\/sr\/turska\/alanja\/\">Alanja<\/a> ima intenzivnu mediteransku klimu sa dugim su\u0161nim letima od sredine maja do sredine oktobra i blagim zimama, odvojenim kratkim jesenjim i prolec\u0301nim periodima. U letnjem periodu mo\u017eete u\u017eivati u visokim temperaturama uz nebo bez oblaka. Morski povetarac stvara uvek prijatnu atmosferu u primorju.<\/p>\n<p style=\"text-align: justify;\">Sve vi\u0161e turista odlu\u010duje da svoje slobodne dane provede u sopstvenom stanu ili vili u Alaniji. Nekretnine u Alanji sa pogledom na more; Nudimo vam bilo koju nekretninu koju tra\u017eite. Na\u0161a kompanija je specijalizovana za prodaju stanova u Alanji na Turskoj rivijeri. Ali ne samo da nudimo nekretnine u Alanji, vec\u0301 imamo velike moguc\u0301nosti za investiranje u Istanbulu i na <a href=\"https:\/\/www.newlifecyprus.com\/property-in-cyprus\/\">Kipru<\/a>.<\/p>\n<h4 style=\"text-align: justify;\">Nev Life Real Estate Vam nudi savr\u0161enu kuc\u0301u u Alanji<\/h4>\n<p style=\"text-align: justify;\">Kod nas c\u0301ete pronac\u0301i pouzdanog partnera sa dugogodi\u0161njim iskustvom na tr\u017ei\u0161tu nekretnina u Alaniji. Mi smo dinami\u010dna kompanija i nudimo vam upravo ono \u0161to tra\u017eite.<\/p>\n<p style=\"text-align: justify;\">Imamo pravu ponudu za svaki ukus i bud\u017eet. Uverite se sami! Posetite na\u0161u stranicu pozovite <a href=\"https:\/\/wa.link\/18hejg\">nas direktno<\/a>.<\/p>\n<p>[\/vc_column_text][\/vc_column][\/vc_row]<\/p>\n<\/div>","protected":false},"excerpt":{"rendered":"<p>[vc_row][vc_column][vc_column_text] Nekretnine u Alaniji Nev Life Real Estate je kompanija specijalizovana za konsultantske usluge u oblasti nekretnina. Poma\u017eemo da prona\u0111ete va\u0161u nekretnine u Alaniji. Za\u0161to bi trebalo da izaberete nekretninu u Alaniji. Nekretnine u Alanji trenutno do\u017eivljavaju enormno povec\u0301anje vrednosti. Stoga ne propustite priliku da pogledate na\u0161u ponudu nekretnina. Za\u0161to Alanja? Alanja ima intenzivnu mediteransku klimu sa dugim su\u0161nim letima od sredine maja do &#8230;<\/p>\n","protected":false},"author":3,"featured_media":0,"parent":0,"menu_order":0,"comment_status":"closed","ping_status":"closed","template":"property_list.php","meta":{"footnotes":""},"class_list":["post-50527","page","type-page","status-publish","hentry"],"yoast_head":"<!-- This site is optimized with the Yoast SEO plugin v23.2 - https:\/\/yoast.com\/wordpress\/plugins\/seo\/ -->\n<title>Nekretnine u Alaniji I Nekretnine u Turskoj<\/title>\n<meta name=\"description\" content=\"Nekretnine u Alaniji I Poma\u017eemo da prona\u0111ete va\u0161u nekretninu u Alaniji. Imamo pravu ponudu za svaki ukus i bud\u017eet.\" \/>\n<meta name=\"robots\" content=\"index, follow, max-snippet:-1, max-image-preview:large, max-video-preview:-1\" \/>\n<link rel=\"canonical\" href=\"https:\/\/www.newlifeturkey.com\/sr\/nekretnine-u-turskoj\/\" \/>\n<meta property=\"og:locale\" content=\"sr_RS\" \/>\n<meta property=\"og:type\" content=\"article\" \/>\n<meta property=\"og:title\" content=\"Nekretnine u Alaniji I Nekretnine u Turskoj\" \/>\n<meta property=\"og:description\" content=\"Nekretnine u Alaniji I Poma\u017eemo da prona\u0111ete va\u0161u nekretninu u Alaniji. Imamo pravu ponudu za svaki ukus i bud\u017eet.\" \/>\n<meta property=\"og:url\" content=\"https:\/\/www.newlifeturkey.com\/sr\/nekretnine-u-turskoj\/\" \/>\n<meta property=\"og:site_name\" content=\"Properties in Alanya Turkey\" \/>\n<meta property=\"article:publisher\" content=\"https:\/\/www.facebook.com\/newlifeturkeyinalanya\/\" \/>\n<meta property=\"article:modified_time\" content=\"2023-04-20T05:43:59+00:00\" \/>\n<meta name=\"twitter:card\" content=\"summary_large_image\" \/>\n<meta name=\"twitter:site\" content=\"@NewLifeAlanya\" \/>\n<meta name=\"twitter:label1\" content=\"\u041f\u0440\u043e\u0446\u0435\u045a\u0435\u043d\u043e \u0432\u0440\u0435\u043c\u0435 \u0447\u0438\u0442\u0430\u045a\u0430\" \/>\n\t<meta name=\"twitter:data1\" content=\"1 \u043c\u0438\u043d\u0443\u0442\" \/>\n<script type=\"application\/ld+json\" class=\"yoast-schema-graph\">{\"@context\":\"https:\/\/schema.org\",\"@graph\":[{\"@type\":\"WebPage\",\"@id\":\"https:\/\/www.newlifeturkey.com\/sr\/nekretnine-u-turskoj\/\",\"url\":\"https:\/\/www.newlifeturkey.com\/sr\/nekretnine-u-turskoj\/\",\"name\":\"Nekretnine u Alaniji I Nekretnine u Turskoj\",\"isPartOf\":{\"@id\":\"https:\/\/www.newlifeturkey.com\/sr\/#website\"},\"datePublished\":\"2017-06-12T04:48:57+00:00\",\"dateModified\":\"2023-04-20T05:43:59+00:00\",\"description\":\"Nekretnine u Alaniji I Poma\u017eemo da prona\u0111ete va\u0161u nekretninu u Alaniji. Imamo pravu ponudu za svaki ukus i bud\u017eet.\",\"breadcrumb\":{\"@id\":\"https:\/\/www.newlifeturkey.com\/sr\/nekretnine-u-turskoj\/#breadcrumb\"},\"inLanguage\":\"sr-RS\",\"potentialAction\":[{\"@type\":\"ReadAction\",\"target\":[\"https:\/\/www.newlifeturkey.com\/sr\/nekretnine-u-turskoj\/\"]}]},{\"@type\":\"BreadcrumbList\",\"@id\":\"https:\/\/www.newlifeturkey.com\/sr\/nekretnine-u-turskoj\/#breadcrumb\",\"itemListElement\":[{\"@type\":\"ListItem\",\"position\":1,\"name\":\"Home\",\"item\":\"https:\/\/www.newlifeturkey.com\/sr\/\"},{\"@type\":\"ListItem\",\"position\":2,\"name\":\"Nekretnine u Turskoj\"}]},{\"@type\":\"WebSite\",\"@id\":\"https:\/\/www.newlifeturkey.com\/sr\/#website\",\"url\":\"https:\/\/www.newlifeturkey.com\/sr\/\",\"name\":\"Properties in Alanya Turkey\",\"description\":\"New Life Turkey\",\"potentialAction\":[{\"@type\":\"SearchAction\",\"target\":{\"@type\":\"EntryPoint\",\"urlTemplate\":\"https:\/\/www.newlifeturkey.com\/sr\/?s={search_term_string}\"},\"query-input\":\"required name=search_term_string\"}],\"inLanguage\":\"sr-RS\"}]}<\/script>\n<!-- \/ Yoast SEO plugin. -->","yoast_head_json":{"title":"Nekretnine u Alaniji I Nekretnine u Turskoj","description":"Nekretnine u Alaniji I Poma\u017eemo da prona\u0111ete va\u0161u nekretninu u Alaniji. Imamo pravu ponudu za svaki ukus i bud\u017eet.","robots":{"index":"index","follow":"follow","max-snippet":"max-snippet:-1","max-image-preview":"max-image-preview:large","max-video-preview":"max-video-preview:-1"},"canonical":"https:\/\/www.newlifeturkey.com\/sr\/nekretnine-u-turskoj\/","og_locale":"sr_RS","og_type":"article","og_title":"Nekretnine u Alaniji I Nekretnine u Turskoj","og_description":"Nekretnine u Alaniji I Poma\u017eemo da prona\u0111ete va\u0161u nekretninu u Alaniji. Imamo pravu ponudu za svaki ukus i bud\u017eet.","og_url":"https:\/\/www.newlifeturkey.com\/sr\/nekretnine-u-turskoj\/","og_site_name":"Properties in Alanya Turkey","article_publisher":"https:\/\/www.facebook.com\/newlifeturkeyinalanya\/","article_modified_time":"2023-04-20T05:43:59+00:00","twitter_card":"summary_large_image","twitter_site":"@NewLifeAlanya","twitter_misc":{"\u041f\u0440\u043e\u0446\u0435\u045a\u0435\u043d\u043e \u0432\u0440\u0435\u043c\u0435 \u0447\u0438\u0442\u0430\u045a\u0430":"1 \u043c\u0438\u043d\u0443\u0442"},"schema":{"@context":"https:\/\/schema.org","@graph":[{"@type":"WebPage","@id":"https:\/\/www.newlifeturkey.com\/sr\/nekretnine-u-turskoj\/","url":"https:\/\/www.newlifeturkey.com\/sr\/nekretnine-u-turskoj\/","name":"Nekretnine u Alaniji I Nekretnine u Turskoj","isPartOf":{"@id":"https:\/\/www.newlifeturkey.com\/sr\/#website"},"datePublished":"2017-06-12T04:48:57+00:00","dateModified":"2023-04-20T05:43:59+00:00","description":"Nekretnine u Alaniji I Poma\u017eemo da prona\u0111ete va\u0161u nekretninu u Alaniji. Imamo pravu ponudu za svaki ukus i bud\u017eet.","breadcrumb":{"@id":"https:\/\/www.newlifeturkey.com\/sr\/nekretnine-u-turskoj\/#breadcrumb"},"inLanguage":"sr-RS","potentialAction":[{"@type":"ReadAction","target":["https:\/\/www.newlifeturkey.com\/sr\/nekretnine-u-turskoj\/"]}]},{"@type":"BreadcrumbList","@id":"https:\/\/www.newlifeturkey.com\/sr\/nekretnine-u-turskoj\/#breadcrumb","itemListElement":[{"@type":"ListItem","position":1,"name":"Home","item":"https:\/\/www.newlifeturkey.com\/sr\/"},{"@type":"ListItem","position":2,"name":"Nekretnine u Turskoj"}]},{"@type":"WebSite","@id":"https:\/\/www.newlifeturkey.com\/sr\/#website","url":"https:\/\/www.newlifeturkey.com\/sr\/","name":"Properties in Alanya Turkey","description":"New Life Turkey","potentialAction":[{"@type":"SearchAction","target":{"@type":"EntryPoint","urlTemplate":"https:\/\/www.newlifeturkey.com\/sr\/?s={search_term_string}"},"query-input":"required name=search_term_string"}],"inLanguage":"sr-RS"}]}},"_links":{"self":[{"href":"https:\/\/www.newlifeturkey.com\/sr\/wp-json\/wp\/v2\/pages\/50527","targetHints":{"allow":["GET"]}}],"collection":[{"href":"https:\/\/www.newlifeturkey.com\/sr\/wp-json\/wp\/v2\/pages"}],"about":[{"href":"https:\/\/www.newlifeturkey.com\/sr\/wp-json\/wp\/v2\/types\/page"}],"author":[{"embeddable":true,"href":"https:\/\/www.newlifeturkey.com\/sr\/wp-json\/wp\/v2\/users\/3"}],"replies":[{"embeddable":true,"href":"https:\/\/www.newlifeturkey.com\/sr\/wp-json\/wp\/v2\/comments?post=50527"}],"version-history":[{"count":3,"href":"https:\/\/www.newlifeturkey.com\/sr\/wp-json\/wp\/v2\/pages\/50527\/revisions"}],"predecessor-version":[{"id":62657,"href":"https:\/\/www.newlifeturkey.com\/sr\/wp-json\/wp\/v2\/pages\/50527\/revisions\/62657"}],"wp:attachment":[{"href":"https:\/\/www.newlifeturkey.com\/sr\/wp-json\/wp\/v2\/media?parent=50527"}],"curies":[{"name":"wp","href":"https:\/\/api.w.org\/{rel}","templated":true}]}}