{"id":50529,"date":"2017-06-12T04:28:22","date_gmt":"2017-06-12T04:28:22","guid":{"rendered":"https:\/\/www.newlifeturkey.com\/apartments-in-alanya\/"},"modified":"2023-04-20T05:53:31","modified_gmt":"2023-04-20T05:53:31","slug":"apartmani-u-alanji","status":"publish","type":"page","link":"https:\/\/www.newlifeturkey.com\/sr\/apartmani-u-alanji\/","title":{"rendered":"Apartmani u Alanji"},"content":{"rendered":"<div class=\"wpb-content-wrapper\"><p>[vc_row][vc_column][vc_column_text]<\/p>\n<h3>Apartmani u Alanji<\/h3>\n<p>Mi smo agent za nekretnine kome verujete. Nev Life Real Estate je kompanija specijalizovana za prodaju apartmani u Alanji i na Turskoj rivijeri.<\/p>\n<h4>Za\u0161to bi trebalo da izaberete stan u Alaniji<\/h4>\n<p>Ne samo blaga klima u zimskim mesecima, vec\u0301 i letnji meseci su idealni za bekstvo od sive svakodnevice i ki\u0161nih dana u domu, \u0161to zna\u010di da je Alanja pravo mesto za vas. Sa oko 300 sun\u010danih dana godi\u0161nje, ne mo\u017eete samo da provedete odmor u Alanji, vec\u0301 bi trebalo da se odlu\u010dite za jedan od na\u0161ih apartmana u Alanji kao \u0161to su mnogi na\u0161i klijenti radili ranije.<\/p>\n<h4>\u017diveti tamo gde drugi idu na odmor \u2013 \u017eiveti u Alanji<\/h4>\n<p>Atraktivne cene nekretnina i niski tro\u0161kovi \u017eivota privla\u010de sve vi\u0161e stanovnika i penzionera na Tursku rivijeru. Sve vi\u0161e turista bira da slobodne dane provede u sopstvenom stanu u Alanji. Apartmani u Alanji, povoljni, vile sa pogledom na more; Nudimo vam bilo koju nekretninu u Alaniji. Na\u0161a kompanija je specijalizovana za prodaju stanova u Alanji na Turskoj rivijeri.<\/p>\n<p>Tra\u017eite stan na Turskoj rivijeri? Kod nas c\u0301ete pronac\u0301i najnovije stambene ponude. Ne nudimo samo stanove u Alanji, vec\u0301 iu Istanbulu i na <a href=\"https:\/\/www.newlifecyprus.com\/property-in-cyprus\/\">Kipru<\/a>.<\/p>\n<p>Naravno, isto va\u017ei i za na\u0161e ponude vila. Tra\u017eite kuc\u0301u ili vilu sa privatnim vrtom i bazenom? Onda smo mi pravi partner za vas. Da li biste \u017eeleli da izgradite sebe? Imamo zemlji\u0161te na najboljim lokacijama u Alanji i predgra\u0111ima Oba, \u010cikili, Tosmur, Kestel i Mahmutlar, Kargi\u010dak, Demirta\u0161, Jesil m\u00e9iz ili Avsallar i Konakli.<\/p>\n<p>Imamo pravu ponudu za svaki ukus i bud\u017eet. <a href=\"https:\/\/www.newlifeturkey.com\/sr\/\">Uverite se sami<\/a>! Po\u0161aljite nam poruku ili <a href=\"https:\/\/wa.link\/18hejg\">nas direktno pozovite<\/a>.[\/vc_column_text][\/vc_column][\/vc_row]<\/p>\n<\/div>","protected":false},"excerpt":{"rendered":"<p>[vc_row][vc_column][vc_column_text] Apartmani u Alanji Mi smo agent za nekretnine kome verujete. Nev Life Real Estate je kompanija specijalizovana za prodaju apartmani u Alanji i na Turskoj rivijeri. Za\u0161to bi trebalo da izaberete stan u Alaniji Ne samo blaga klima u zimskim mesecima, vec\u0301 i letnji meseci su idealni za bekstvo od sive svakodnevice i ki\u0161nih dana u domu, \u0161to zna\u010di da je Alanja pravo &#8230;<\/p>\n","protected":false},"author":1,"featured_media":0,"parent":0,"menu_order":0,"comment_status":"closed","ping_status":"closed","template":"property_list.php","meta":{"footnotes":""},"class_list":["post-50529","page","type-page","status-publish","hentry"],"yoast_head":"<!-- This site is optimized with the Yoast SEO plugin v23.2 - https:\/\/yoast.com\/wordpress\/plugins\/seo\/ -->\n<title>Apartmani u Alanji I Nekretnine u Alaniji Turskoj<\/title>\n<meta name=\"description\" content=\"Apartmani u Alanji - Na\u0161a kompanija je specijalizovana za prodaju stanova u Alanji na Turskoj rivijeri. Imamo pravu ponudu za svaki ukus.\" \/>\n<meta name=\"robots\" content=\"index, follow, max-snippet:-1, max-image-preview:large, max-video-preview:-1\" \/>\n<link rel=\"canonical\" href=\"https:\/\/www.newlifeturkey.com\/sr\/apartmani-u-alanji\/\" \/>\n<meta property=\"og:locale\" content=\"sr_RS\" \/>\n<meta property=\"og:type\" content=\"article\" \/>\n<meta property=\"og:title\" content=\"Apartmani u Alanji I Nekretnine u Alaniji Turskoj\" \/>\n<meta property=\"og:description\" content=\"Apartmani u Alanji - Na\u0161a kompanija je specijalizovana za prodaju stanova u Alanji na Turskoj rivijeri. Imamo pravu ponudu za svaki ukus.\" \/>\n<meta property=\"og:url\" content=\"https:\/\/www.newlifeturkey.com\/sr\/apartmani-u-alanji\/\" \/>\n<meta property=\"og:site_name\" content=\"Properties in Alanya Turkey\" \/>\n<meta property=\"article:publisher\" content=\"https:\/\/www.facebook.com\/newlifeturkeyinalanya\/\" \/>\n<meta property=\"article:modified_time\" content=\"2023-04-20T05:53:31+00:00\" \/>\n<meta name=\"twitter:card\" content=\"summary_large_image\" \/>\n<meta name=\"twitter:site\" content=\"@NewLifeAlanya\" \/>\n<meta name=\"twitter:label1\" content=\"\u041f\u0440\u043e\u0446\u0435\u045a\u0435\u043d\u043e \u0432\u0440\u0435\u043c\u0435 \u0447\u0438\u0442\u0430\u045a\u0430\" \/>\n\t<meta name=\"twitter:data1\" content=\"2 \u043c\u0438\u043d\u0443\u0442\u0430\" \/>\n<script type=\"application\/ld+json\" class=\"yoast-schema-graph\">{\"@context\":\"https:\/\/schema.org\",\"@graph\":[{\"@type\":\"WebPage\",\"@id\":\"https:\/\/www.newlifeturkey.com\/sr\/apartmani-u-alanji\/\",\"url\":\"https:\/\/www.newlifeturkey.com\/sr\/apartmani-u-alanji\/\",\"name\":\"Apartmani u Alanji I Nekretnine u Alaniji Turskoj\",\"isPartOf\":{\"@id\":\"https:\/\/www.newlifeturkey.com\/sr\/#website\"},\"datePublished\":\"2017-06-12T04:28:22+00:00\",\"dateModified\":\"2023-04-20T05:53:31+00:00\",\"description\":\"Apartmani u Alanji - Na\u0161a kompanija je specijalizovana za prodaju stanova u Alanji na Turskoj rivijeri. Imamo pravu ponudu za svaki ukus.\",\"breadcrumb\":{\"@id\":\"https:\/\/www.newlifeturkey.com\/sr\/apartmani-u-alanji\/#breadcrumb\"},\"inLanguage\":\"sr-RS\",\"potentialAction\":[{\"@type\":\"ReadAction\",\"target\":[\"https:\/\/www.newlifeturkey.com\/sr\/apartmani-u-alanji\/\"]}]},{\"@type\":\"BreadcrumbList\",\"@id\":\"https:\/\/www.newlifeturkey.com\/sr\/apartmani-u-alanji\/#breadcrumb\",\"itemListElement\":[{\"@type\":\"ListItem\",\"position\":1,\"name\":\"Home\",\"item\":\"https:\/\/www.newlifeturkey.com\/sr\/\"},{\"@type\":\"ListItem\",\"position\":2,\"name\":\"Apartmani u Alanji\"}]},{\"@type\":\"WebSite\",\"@id\":\"https:\/\/www.newlifeturkey.com\/sr\/#website\",\"url\":\"https:\/\/www.newlifeturkey.com\/sr\/\",\"name\":\"Properties in Alanya Turkey\",\"description\":\"New Life Turkey\",\"potentialAction\":[{\"@type\":\"SearchAction\",\"target\":{\"@type\":\"EntryPoint\",\"urlTemplate\":\"https:\/\/www.newlifeturkey.com\/sr\/?s={search_term_string}\"},\"query-input\":\"required name=search_term_string\"}],\"inLanguage\":\"sr-RS\"}]}<\/script>\n<!-- \/ Yoast SEO plugin. -->","yoast_head_json":{"title":"Apartmani u Alanji I Nekretnine u Alaniji Turskoj","description":"Apartmani u Alanji - Na\u0161a kompanija je specijalizovana za prodaju stanova u Alanji na Turskoj rivijeri. Imamo pravu ponudu za svaki ukus.","robots":{"index":"index","follow":"follow","max-snippet":"max-snippet:-1","max-image-preview":"max-image-preview:large","max-video-preview":"max-video-preview:-1"},"canonical":"https:\/\/www.newlifeturkey.com\/sr\/apartmani-u-alanji\/","og_locale":"sr_RS","og_type":"article","og_title":"Apartmani u Alanji I Nekretnine u Alaniji Turskoj","og_description":"Apartmani u Alanji - Na\u0161a kompanija je specijalizovana za prodaju stanova u Alanji na Turskoj rivijeri. Imamo pravu ponudu za svaki ukus.","og_url":"https:\/\/www.newlifeturkey.com\/sr\/apartmani-u-alanji\/","og_site_name":"Properties in Alanya Turkey","article_publisher":"https:\/\/www.facebook.com\/newlifeturkeyinalanya\/","article_modified_time":"2023-04-20T05:53:31+00:00","twitter_card":"summary_large_image","twitter_site":"@NewLifeAlanya","twitter_misc":{"\u041f\u0440\u043e\u0446\u0435\u045a\u0435\u043d\u043e \u0432\u0440\u0435\u043c\u0435 \u0447\u0438\u0442\u0430\u045a\u0430":"2 \u043c\u0438\u043d\u0443\u0442\u0430"},"schema":{"@context":"https:\/\/schema.org","@graph":[{"@type":"WebPage","@id":"https:\/\/www.newlifeturkey.com\/sr\/apartmani-u-alanji\/","url":"https:\/\/www.newlifeturkey.com\/sr\/apartmani-u-alanji\/","name":"Apartmani u Alanji I Nekretnine u Alaniji Turskoj","isPartOf":{"@id":"https:\/\/www.newlifeturkey.com\/sr\/#website"},"datePublished":"2017-06-12T04:28:22+00:00","dateModified":"2023-04-20T05:53:31+00:00","description":"Apartmani u Alanji - Na\u0161a kompanija je specijalizovana za prodaju stanova u Alanji na Turskoj rivijeri. Imamo pravu ponudu za svaki ukus.","breadcrumb":{"@id":"https:\/\/www.newlifeturkey.com\/sr\/apartmani-u-alanji\/#breadcrumb"},"inLanguage":"sr-RS","potentialAction":[{"@type":"ReadAction","target":["https:\/\/www.newlifeturkey.com\/sr\/apartmani-u-alanji\/"]}]},{"@type":"BreadcrumbList","@id":"https:\/\/www.newlifeturkey.com\/sr\/apartmani-u-alanji\/#breadcrumb","itemListElement":[{"@type":"ListItem","position":1,"name":"Home","item":"https:\/\/www.newlifeturkey.com\/sr\/"},{"@type":"ListItem","position":2,"name":"Apartmani u Alanji"}]},{"@type":"WebSite","@id":"https:\/\/www.newlifeturkey.com\/sr\/#website","url":"https:\/\/www.newlifeturkey.com\/sr\/","name":"Properties in Alanya Turkey","description":"New Life Turkey","potentialAction":[{"@type":"SearchAction","target":{"@type":"EntryPoint","urlTemplate":"https:\/\/www.newlifeturkey.com\/sr\/?s={search_term_string}"},"query-input":"required name=search_term_string"}],"inLanguage":"sr-RS"}]}},"_links":{"self":[{"href":"https:\/\/www.newlifeturkey.com\/sr\/wp-json\/wp\/v2\/pages\/50529","targetHints":{"allow":["GET"]}}],"collection":[{"href":"https:\/\/www.newlifeturkey.com\/sr\/wp-json\/wp\/v2\/pages"}],"about":[{"href":"https:\/\/www.newlifeturkey.com\/sr\/wp-json\/wp\/v2\/types\/page"}],"author":[{"embeddable":true,"href":"https:\/\/www.newlifeturkey.com\/sr\/wp-json\/wp\/v2\/users\/1"}],"replies":[{"embeddable":true,"href":"https:\/\/www.newlifeturkey.com\/sr\/wp-json\/wp\/v2\/comments?post=50529"}],"version-history":[{"count":4,"href":"https:\/\/www.newlifeturkey.com\/sr\/wp-json\/wp\/v2\/pages\/50529\/revisions"}],"predecessor-version":[{"id":62662,"href":"https:\/\/www.newlifeturkey.com\/sr\/wp-json\/wp\/v2\/pages\/50529\/revisions\/62662"}],"wp:attachment":[{"href":"https:\/\/www.newlifeturkey.com\/sr\/wp-json\/wp\/v2\/media?parent=50529"}],"curies":[{"name":"wp","href":"https:\/\/api.w.org\/{rel}","templated":true}]}}