{"id":62167,"date":"2018-01-18T09:35:42","date_gmt":"2018-01-18T09:35:42","guid":{"rendered":"https:\/\/www.newlifeturkey.com\/houses-and-villas-in-alanya-2\/"},"modified":"2023-04-20T06:06:25","modified_gmt":"2023-04-20T06:06:25","slug":"kuce-vile-u-alanji","status":"publish","type":"page","link":"https:\/\/www.newlifeturkey.com\/sr\/kuce-vile-u-alanji\/","title":{"rendered":"Kuc\u0301e Vile u Alanji"},"content":{"rendered":"<h3>Kuc\u0301e Vile u Alanji<\/h3>\n<p>Tra\u017eite li vilu ili kuc\u0301u iz snova na Turskoj rivijeri? Imamo najbolje vile u <a href=\"https:\/\/www.newlifeturkey.com\/sr\/turska\/alanja\/\">Alanji<\/a>. Onda pogledajte okolo sa nama. Kod nas c\u0301ete nac\u0301i veoma posebne ponude.<\/p>\n<p>Kuc\u0301e u Alanji sa pogledom na more i privatnim bazenom i luksuznom opremom ili kuc\u0301e i vile iz 2. ruke. Bez obzira \u0161ta tra\u017eite, mi c\u0301emo vam pomoc\u0301i da prona\u0111ete pravu nekretninu na pravoj lokaciji.<\/p>\n<h4>Za\u0161to bi trebalo da izaberete vilu u Alanji<\/h4>\n<p>Ne samo blaga klima u zimskim mesecima, vec\u0301 i letnji meseci su idealni za bekstvo od sive svakodnevice i ki\u0161nih dana u domu, pa su se mnogi na\u0161i kupci vec\u0301 opredelili za Kuc\u0301e u Alanji.<\/p>\n<h4>\u017diveti tamo gde drugi odlaze na odmor<\/h4>\n<p>Atraktivne cene nekretnina i niski tro\u0161kovi \u017eivota privla\u010de sve vi\u0161e stanovnika i penzionera na Tursku rivijeru. Sve vi\u0161e turista odlu\u010duje da svoje slobodne dane provede u sopstvenom stanu ili vili u Alaniji. Vile u Alanji, Kuc\u0301e u Alanji sa pogledom na more; Nudimo vam bilo koju nekretninu u Alaniji. Na\u0161a kompanija je specijalizovana za prodaju stanova u Alanji na Turskoj rivijeri. Ali samo mi nudimo nekretnine u Alanji, imamo velike moguc\u0301nosti za investiranje u Istanbulu i na Kipru.<\/p>\n<h4>New Life Real Estate vam nudi savr\u0161enu kuc\u0301u u Alanji<\/h4>\n<p>Kod nas c\u0301ete pronac\u0301i pouzdanog partnera sa dugogodi\u0161njim iskustvom na tr\u017ei\u0161tu nekretnina u Alaniji. Mi smo dinami\u010dna kompanija i nudimo vam upravo ono \u0161to tra\u017eite. Tra\u017eite stan ili vilu?<\/p>\n<p>Imamo pravu ponudu za svaki ukus i bud\u017eet. Uverite se sami! Posetite na\u0161u stranicu pozovite <a href=\"https:\/\/wa.link\/18hejg\">nas direktno<\/a>.<\/p>\n","protected":false},"excerpt":{"rendered":"<p>Kuc\u0301e Vile u Alanji Tra\u017eite li vilu ili kuc\u0301u iz snova na Turskoj rivijeri? Imamo najbolje vile u Alanji. Onda pogledajte okolo sa nama. Kod nas c\u0301ete nac\u0301i veoma posebne ponude. Kuc\u0301e u Alanji sa pogledom na more i privatnim bazenom i luksuznom opremom ili kuc\u0301e i vile iz 2. ruke. Bez obzira \u0161ta tra\u017eite, mi c\u0301emo vam pomoc\u0301i da prona\u0111ete pravu nekretninu na &#8230;<\/p>\n","protected":false},"author":3,"featured_media":0,"parent":0,"menu_order":0,"comment_status":"closed","ping_status":"closed","template":"property_list.php","meta":{"footnotes":""},"class_list":["post-62167","page","type-page","status-publish","hentry"],"yoast_head":"<!-- This site is optimized with the Yoast SEO plugin v23.2 - https:\/\/yoast.com\/wordpress\/plugins\/seo\/ -->\n<title>Vile u Alanji I Nekretnine u Alaiji Turksoj<\/title>\n<meta name=\"description\" content=\"Vile u Alanji I Kuc\u0301e u Alanji sa pogledom na more i privatnim bazenom i luksuznom opremom ili kuc\u0301e i vile iz 2. ruke.\" \/>\n<meta name=\"robots\" content=\"index, follow, max-snippet:-1, max-image-preview:large, max-video-preview:-1\" \/>\n<link rel=\"canonical\" href=\"https:\/\/www.newlifeturkey.com\/sr\/kuce-vile-u-alanji\/\" \/>\n<meta property=\"og:locale\" content=\"sr_RS\" \/>\n<meta property=\"og:type\" content=\"article\" \/>\n<meta property=\"og:title\" content=\"Vile u Alanji I Nekretnine u Alaiji Turksoj\" \/>\n<meta property=\"og:description\" content=\"Vile u Alanji I Kuc\u0301e u Alanji sa pogledom na more i privatnim bazenom i luksuznom opremom ili kuc\u0301e i vile iz 2. ruke.\" \/>\n<meta property=\"og:url\" content=\"https:\/\/www.newlifeturkey.com\/sr\/kuce-vile-u-alanji\/\" \/>\n<meta property=\"og:site_name\" content=\"Properties in Alanya Turkey\" \/>\n<meta property=\"article:publisher\" content=\"https:\/\/www.facebook.com\/newlifeturkeyinalanya\/\" \/>\n<meta property=\"article:modified_time\" content=\"2023-04-20T06:06:25+00:00\" \/>\n<meta name=\"twitter:card\" content=\"summary_large_image\" \/>\n<meta name=\"twitter:site\" content=\"@NewLifeAlanya\" \/>\n<meta name=\"twitter:label1\" content=\"\u041f\u0440\u043e\u0446\u0435\u045a\u0435\u043d\u043e \u0432\u0440\u0435\u043c\u0435 \u0447\u0438\u0442\u0430\u045a\u0430\" \/>\n\t<meta name=\"twitter:data1\" content=\"2 \u043c\u0438\u043d\u0443\u0442\u0430\" \/>\n<script type=\"application\/ld+json\" class=\"yoast-schema-graph\">{\"@context\":\"https:\/\/schema.org\",\"@graph\":[{\"@type\":\"WebPage\",\"@id\":\"https:\/\/www.newlifeturkey.com\/sr\/kuce-vile-u-alanji\/\",\"url\":\"https:\/\/www.newlifeturkey.com\/sr\/kuce-vile-u-alanji\/\",\"name\":\"Vile u Alanji I Nekretnine u Alaiji Turksoj\",\"isPartOf\":{\"@id\":\"https:\/\/www.newlifeturkey.com\/sr\/#website\"},\"datePublished\":\"2018-01-18T09:35:42+00:00\",\"dateModified\":\"2023-04-20T06:06:25+00:00\",\"description\":\"Vile u Alanji I Kuc\u0301e u Alanji sa pogledom na more i privatnim bazenom i luksuznom opremom ili kuc\u0301e i vile iz 2. ruke.\",\"breadcrumb\":{\"@id\":\"https:\/\/www.newlifeturkey.com\/sr\/kuce-vile-u-alanji\/#breadcrumb\"},\"inLanguage\":\"sr-RS\",\"potentialAction\":[{\"@type\":\"ReadAction\",\"target\":[\"https:\/\/www.newlifeturkey.com\/sr\/kuce-vile-u-alanji\/\"]}]},{\"@type\":\"BreadcrumbList\",\"@id\":\"https:\/\/www.newlifeturkey.com\/sr\/kuce-vile-u-alanji\/#breadcrumb\",\"itemListElement\":[{\"@type\":\"ListItem\",\"position\":1,\"name\":\"Home\",\"item\":\"https:\/\/www.newlifeturkey.com\/sr\/\"},{\"@type\":\"ListItem\",\"position\":2,\"name\":\"Kuc\u0301e Vile u Alanji\"}]},{\"@type\":\"WebSite\",\"@id\":\"https:\/\/www.newlifeturkey.com\/sr\/#website\",\"url\":\"https:\/\/www.newlifeturkey.com\/sr\/\",\"name\":\"Properties in Alanya Turkey\",\"description\":\"New Life Turkey\",\"potentialAction\":[{\"@type\":\"SearchAction\",\"target\":{\"@type\":\"EntryPoint\",\"urlTemplate\":\"https:\/\/www.newlifeturkey.com\/sr\/?s={search_term_string}\"},\"query-input\":\"required name=search_term_string\"}],\"inLanguage\":\"sr-RS\"}]}<\/script>\n<!-- \/ Yoast SEO plugin. -->","yoast_head_json":{"title":"Vile u Alanji I Nekretnine u Alaiji Turksoj","description":"Vile u Alanji I Kuc\u0301e u Alanji sa pogledom na more i privatnim bazenom i luksuznom opremom ili kuc\u0301e i vile iz 2. ruke.","robots":{"index":"index","follow":"follow","max-snippet":"max-snippet:-1","max-image-preview":"max-image-preview:large","max-video-preview":"max-video-preview:-1"},"canonical":"https:\/\/www.newlifeturkey.com\/sr\/kuce-vile-u-alanji\/","og_locale":"sr_RS","og_type":"article","og_title":"Vile u Alanji I Nekretnine u Alaiji Turksoj","og_description":"Vile u Alanji I Kuc\u0301e u Alanji sa pogledom na more i privatnim bazenom i luksuznom opremom ili kuc\u0301e i vile iz 2. ruke.","og_url":"https:\/\/www.newlifeturkey.com\/sr\/kuce-vile-u-alanji\/","og_site_name":"Properties in Alanya Turkey","article_publisher":"https:\/\/www.facebook.com\/newlifeturkeyinalanya\/","article_modified_time":"2023-04-20T06:06:25+00:00","twitter_card":"summary_large_image","twitter_site":"@NewLifeAlanya","twitter_misc":{"\u041f\u0440\u043e\u0446\u0435\u045a\u0435\u043d\u043e \u0432\u0440\u0435\u043c\u0435 \u0447\u0438\u0442\u0430\u045a\u0430":"2 \u043c\u0438\u043d\u0443\u0442\u0430"},"schema":{"@context":"https:\/\/schema.org","@graph":[{"@type":"WebPage","@id":"https:\/\/www.newlifeturkey.com\/sr\/kuce-vile-u-alanji\/","url":"https:\/\/www.newlifeturkey.com\/sr\/kuce-vile-u-alanji\/","name":"Vile u Alanji I Nekretnine u Alaiji Turksoj","isPartOf":{"@id":"https:\/\/www.newlifeturkey.com\/sr\/#website"},"datePublished":"2018-01-18T09:35:42+00:00","dateModified":"2023-04-20T06:06:25+00:00","description":"Vile u Alanji I Kuc\u0301e u Alanji sa pogledom na more i privatnim bazenom i luksuznom opremom ili kuc\u0301e i vile iz 2. ruke.","breadcrumb":{"@id":"https:\/\/www.newlifeturkey.com\/sr\/kuce-vile-u-alanji\/#breadcrumb"},"inLanguage":"sr-RS","potentialAction":[{"@type":"ReadAction","target":["https:\/\/www.newlifeturkey.com\/sr\/kuce-vile-u-alanji\/"]}]},{"@type":"BreadcrumbList","@id":"https:\/\/www.newlifeturkey.com\/sr\/kuce-vile-u-alanji\/#breadcrumb","itemListElement":[{"@type":"ListItem","position":1,"name":"Home","item":"https:\/\/www.newlifeturkey.com\/sr\/"},{"@type":"ListItem","position":2,"name":"Kuc\u0301e Vile u Alanji"}]},{"@type":"WebSite","@id":"https:\/\/www.newlifeturkey.com\/sr\/#website","url":"https:\/\/www.newlifeturkey.com\/sr\/","name":"Properties in Alanya Turkey","description":"New Life Turkey","potentialAction":[{"@type":"SearchAction","target":{"@type":"EntryPoint","urlTemplate":"https:\/\/www.newlifeturkey.com\/sr\/?s={search_term_string}"},"query-input":"required name=search_term_string"}],"inLanguage":"sr-RS"}]}},"_links":{"self":[{"href":"https:\/\/www.newlifeturkey.com\/sr\/wp-json\/wp\/v2\/pages\/62167","targetHints":{"allow":["GET"]}}],"collection":[{"href":"https:\/\/www.newlifeturkey.com\/sr\/wp-json\/wp\/v2\/pages"}],"about":[{"href":"https:\/\/www.newlifeturkey.com\/sr\/wp-json\/wp\/v2\/types\/page"}],"author":[{"embeddable":true,"href":"https:\/\/www.newlifeturkey.com\/sr\/wp-json\/wp\/v2\/users\/3"}],"replies":[{"embeddable":true,"href":"https:\/\/www.newlifeturkey.com\/sr\/wp-json\/wp\/v2\/comments?post=62167"}],"version-history":[{"count":2,"href":"https:\/\/www.newlifeturkey.com\/sr\/wp-json\/wp\/v2\/pages\/62167\/revisions"}],"predecessor-version":[{"id":62666,"href":"https:\/\/www.newlifeturkey.com\/sr\/wp-json\/wp\/v2\/pages\/62167\/revisions\/62666"}],"wp:attachment":[{"href":"https:\/\/www.newlifeturkey.com\/sr\/wp-json\/wp\/v2\/media?parent=62167"}],"curies":[{"name":"wp","href":"https:\/\/api.w.org\/{rel}","templated":true}]}}