{"id":62783,"date":"2023-04-23T10:17:03","date_gmt":"2023-04-23T10:17:03","guid":{"rendered":"https:\/\/www.newlifeturkey.com\/?page_id=62783"},"modified":"2023-04-24T12:00:51","modified_gmt":"2023-04-24T12:00:51","slug":"alanja-centar-grada","status":"publish","type":"page","link":"https:\/\/www.newlifeturkey.com\/sr\/alanja-centar-grada\/","title":{"rendered":"Alanja, centar grada"},"content":{"rendered":"<h4>Alanja, centar grada<\/h4>\n<p style=\"text-align: justify;\">Alanja centar grada je turisti\u010dki okrug u provinciji Antalija u mediteranskom regionu Turske. Njegova udaljenost od Antalije je 154 kilometra. Sme\u0161tena na ju\u017enoj obali Turske, Alanja ima povr\u0161inu od 1.598,51 km\u00b2. Stanovni\u0161tvo Alanije, centra grada raste iz dana u dan. Osamdesetih godina pro\u0161log veka, okrug u kome je \u017eivelo 30.000 ljudi se povec\u0301ao kao rezultat domac\u0301ih i me\u0111unarodnih migracija. Broj stanovnika okruga je 364.180 prema sistemu registracije stanovni\u0161tva iz 2022. godine. Tako\u0111er biste trebali odabrati nekretninu u Alanji.<\/p>\n<p style=\"text-align: justify;\">U gradu, koji je miljenik evropskih gra\u0111ana, 23.000 Evropljana, od kojih su vec\u0301ina stariji i penzioneri, \u017eivi u Alanji, Citi Center od posedovanja imovine. Alanja, koja je do pre 20-ak godina bila mali grad sa malo stanovnika, poslednjih godina je dobila va\u017enu poziciju u turisti\u010dkom smislu. U regionu se uo\u010davaju karakteristike mediteranske klime. Zimi je toplo, a leti toplo. \u0160to se ti\u010de turizma, u Turskoj ima u\u010de\u0161c\u0301e od devet odsto, dok u kupovini imovine stranaca u Turskoj ima trideset odsto. Turizam, posebno nakon 1958. godine, po\u010dinje da se razvija i postaje najefikasnija poslovna linija u okrugu. To je izazvalo porast stanovni\u0161tva u regionu. Zahvaljujuc\u0301i toploj klimi, pogodan je za mnoge sportske i kulturne aktivnosti. Prona\u0111ite na\u0161e ponude <a href=\"https:\/\/www.newlifeturkey.com\/sr\/nekretnine-u-turskoj\/\">nekretnina<\/a> u Alanji ovde ili <a href=\"https:\/\/wa.link\/18hejg\">nas pozovite direktno<\/a>.<\/p>\n","protected":false},"excerpt":{"rendered":"<p>Alanja, centar grada Alanja centar grada je turisti\u010dki okrug u provinciji Antalija u mediteranskom regionu Turske. Njegova udaljenost od Antalije je 154 kilometra. Sme\u0161tena na ju\u017enoj obali Turske, Alanja ima povr\u0161inu od 1.598,51 km\u00b2. Stanovni\u0161tvo Alanije, centra grada raste iz dana u dan. Osamdesetih godina pro\u0161log veka, okrug u kome je \u017eivelo 30.000 ljudi se povec\u0301ao kao rezultat domac\u0301ih i me\u0111unarodnih migracija. Broj stanovnika &#8230;<\/p>\n","protected":false},"author":3,"featured_media":0,"parent":0,"menu_order":0,"comment_status":"closed","ping_status":"closed","template":"property_list.php","meta":{"footnotes":""},"class_list":["post-62783","page","type-page","status-publish","hentry"],"yoast_head":"<!-- This site is optimized with the Yoast SEO plugin v23.2 - https:\/\/yoast.com\/wordpress\/plugins\/seo\/ -->\n<title>Alanja centar grada | Nekretnine u Alaniji Turska<\/title>\n<meta name=\"description\" content=\"Alanja centar grada je turisti\u010dki okrug u provinciji Antalija u mediteranskom regionu Turske.Njegova udaljenost od Antalije je 154 kilometra.\" \/>\n<meta name=\"robots\" content=\"index, follow, max-snippet:-1, max-image-preview:large, max-video-preview:-1\" \/>\n<link rel=\"canonical\" href=\"https:\/\/www.newlifeturkey.com\/sr\/alanja-centar-grada\/\" \/>\n<meta property=\"og:locale\" content=\"sr_RS\" \/>\n<meta property=\"og:type\" content=\"article\" \/>\n<meta property=\"og:title\" content=\"Alanja centar grada | Nekretnine u Alaniji Turska\" \/>\n<meta property=\"og:description\" content=\"Alanja centar grada je turisti\u010dki okrug u provinciji Antalija u mediteranskom regionu Turske.Njegova udaljenost od Antalije je 154 kilometra.\" \/>\n<meta property=\"og:url\" content=\"https:\/\/www.newlifeturkey.com\/sr\/alanja-centar-grada\/\" \/>\n<meta property=\"og:site_name\" content=\"Nekretnine u Alaniji Turska\" \/>\n<meta property=\"article:publisher\" content=\"https:\/\/www.facebook.com\/newlifeturkeyinalanya\/\" \/>\n<meta property=\"article:modified_time\" content=\"2023-04-24T12:00:51+00:00\" \/>\n<meta name=\"twitter:card\" content=\"summary_large_image\" \/>\n<meta name=\"twitter:site\" content=\"@NewLifeAlanya\" \/>\n<meta name=\"twitter:label1\" content=\"\u041f\u0440\u043e\u0446\u0435\u045a\u0435\u043d\u043e \u0432\u0440\u0435\u043c\u0435 \u0447\u0438\u0442\u0430\u045a\u0430\" \/>\n\t<meta name=\"twitter:data1\" content=\"1 \u043c\u0438\u043d\u0443\u0442\" \/>\n<script type=\"application\/ld+json\" class=\"yoast-schema-graph\">{\"@context\":\"https:\/\/schema.org\",\"@graph\":[{\"@type\":\"WebPage\",\"@id\":\"https:\/\/www.newlifeturkey.com\/sr\/alanja-centar-grada\/\",\"url\":\"https:\/\/www.newlifeturkey.com\/sr\/alanja-centar-grada\/\",\"name\":\"Alanja centar grada | Nekretnine u Alaniji Turska\",\"isPartOf\":{\"@id\":\"https:\/\/www.newlifeturkey.com\/sr\/#website\"},\"datePublished\":\"2023-04-23T10:17:03+00:00\",\"dateModified\":\"2023-04-24T12:00:51+00:00\",\"description\":\"Alanja centar grada je turisti\u010dki okrug u provinciji Antalija u mediteranskom regionu Turske.Njegova udaljenost od Antalije je 154 kilometra.\",\"breadcrumb\":{\"@id\":\"https:\/\/www.newlifeturkey.com\/sr\/alanja-centar-grada\/#breadcrumb\"},\"inLanguage\":\"sr-RS\",\"potentialAction\":[{\"@type\":\"ReadAction\",\"target\":[\"https:\/\/www.newlifeturkey.com\/sr\/alanja-centar-grada\/\"]}]},{\"@type\":\"BreadcrumbList\",\"@id\":\"https:\/\/www.newlifeturkey.com\/sr\/alanja-centar-grada\/#breadcrumb\",\"itemListElement\":[{\"@type\":\"ListItem\",\"position\":1,\"name\":\"Home\",\"item\":\"https:\/\/www.newlifeturkey.com\/sr\/\"},{\"@type\":\"ListItem\",\"position\":2,\"name\":\"Alanja, centar grada\"}]},{\"@type\":\"WebSite\",\"@id\":\"https:\/\/www.newlifeturkey.com\/sr\/#website\",\"url\":\"https:\/\/www.newlifeturkey.com\/sr\/\",\"name\":\"Nekretnine u Alaniji Turska\",\"description\":\"New Life Turkey\",\"potentialAction\":[{\"@type\":\"SearchAction\",\"target\":{\"@type\":\"EntryPoint\",\"urlTemplate\":\"https:\/\/www.newlifeturkey.com\/sr\/?s={search_term_string}\"},\"query-input\":\"required name=search_term_string\"}],\"inLanguage\":\"sr-RS\"}]}<\/script>\n<!-- \/ Yoast SEO plugin. -->","yoast_head_json":{"title":"Alanja centar grada | Nekretnine u Alaniji Turska","description":"Alanja centar grada je turisti\u010dki okrug u provinciji Antalija u mediteranskom regionu Turske.Njegova udaljenost od Antalije je 154 kilometra.","robots":{"index":"index","follow":"follow","max-snippet":"max-snippet:-1","max-image-preview":"max-image-preview:large","max-video-preview":"max-video-preview:-1"},"canonical":"https:\/\/www.newlifeturkey.com\/sr\/alanja-centar-grada\/","og_locale":"sr_RS","og_type":"article","og_title":"Alanja centar grada | Nekretnine u Alaniji Turska","og_description":"Alanja centar grada je turisti\u010dki okrug u provinciji Antalija u mediteranskom regionu Turske.Njegova udaljenost od Antalije je 154 kilometra.","og_url":"https:\/\/www.newlifeturkey.com\/sr\/alanja-centar-grada\/","og_site_name":"Nekretnine u Alaniji Turska","article_publisher":"https:\/\/www.facebook.com\/newlifeturkeyinalanya\/","article_modified_time":"2023-04-24T12:00:51+00:00","twitter_card":"summary_large_image","twitter_site":"@NewLifeAlanya","twitter_misc":{"\u041f\u0440\u043e\u0446\u0435\u045a\u0435\u043d\u043e \u0432\u0440\u0435\u043c\u0435 \u0447\u0438\u0442\u0430\u045a\u0430":"1 \u043c\u0438\u043d\u0443\u0442"},"schema":{"@context":"https:\/\/schema.org","@graph":[{"@type":"WebPage","@id":"https:\/\/www.newlifeturkey.com\/sr\/alanja-centar-grada\/","url":"https:\/\/www.newlifeturkey.com\/sr\/alanja-centar-grada\/","name":"Alanja centar grada | Nekretnine u Alaniji Turska","isPartOf":{"@id":"https:\/\/www.newlifeturkey.com\/sr\/#website"},"datePublished":"2023-04-23T10:17:03+00:00","dateModified":"2023-04-24T12:00:51+00:00","description":"Alanja centar grada je turisti\u010dki okrug u provinciji Antalija u mediteranskom regionu Turske.Njegova udaljenost od Antalije je 154 kilometra.","breadcrumb":{"@id":"https:\/\/www.newlifeturkey.com\/sr\/alanja-centar-grada\/#breadcrumb"},"inLanguage":"sr-RS","potentialAction":[{"@type":"ReadAction","target":["https:\/\/www.newlifeturkey.com\/sr\/alanja-centar-grada\/"]}]},{"@type":"BreadcrumbList","@id":"https:\/\/www.newlifeturkey.com\/sr\/alanja-centar-grada\/#breadcrumb","itemListElement":[{"@type":"ListItem","position":1,"name":"Home","item":"https:\/\/www.newlifeturkey.com\/sr\/"},{"@type":"ListItem","position":2,"name":"Alanja, centar grada"}]},{"@type":"WebSite","@id":"https:\/\/www.newlifeturkey.com\/sr\/#website","url":"https:\/\/www.newlifeturkey.com\/sr\/","name":"Nekretnine u Alaniji Turska","description":"New Life Turkey","potentialAction":[{"@type":"SearchAction","target":{"@type":"EntryPoint","urlTemplate":"https:\/\/www.newlifeturkey.com\/sr\/?s={search_term_string}"},"query-input":"required name=search_term_string"}],"inLanguage":"sr-RS"}]}},"_links":{"self":[{"href":"https:\/\/www.newlifeturkey.com\/sr\/wp-json\/wp\/v2\/pages\/62783","targetHints":{"allow":["GET"]}}],"collection":[{"href":"https:\/\/www.newlifeturkey.com\/sr\/wp-json\/wp\/v2\/pages"}],"about":[{"href":"https:\/\/www.newlifeturkey.com\/sr\/wp-json\/wp\/v2\/types\/page"}],"author":[{"embeddable":true,"href":"https:\/\/www.newlifeturkey.com\/sr\/wp-json\/wp\/v2\/users\/3"}],"replies":[{"embeddable":true,"href":"https:\/\/www.newlifeturkey.com\/sr\/wp-json\/wp\/v2\/comments?post=62783"}],"version-history":[{"count":1,"href":"https:\/\/www.newlifeturkey.com\/sr\/wp-json\/wp\/v2\/pages\/62783\/revisions"}],"predecessor-version":[{"id":62784,"href":"https:\/\/www.newlifeturkey.com\/sr\/wp-json\/wp\/v2\/pages\/62783\/revisions\/62784"}],"wp:attachment":[{"href":"https:\/\/www.newlifeturkey.com\/sr\/wp-json\/wp\/v2\/media?parent=62783"}],"curies":[{"name":"wp","href":"https:\/\/api.w.org\/{rel}","templated":true}]}}