{"id":62791,"date":"2023-04-23T11:12:52","date_gmt":"2023-04-23T11:12:52","guid":{"rendered":"https:\/\/www.newlifeturkey.com\/?page_id=62791"},"modified":"2023-04-24T12:16:28","modified_gmt":"2023-04-24T12:16:28","slug":"alanja-kestel","status":"publish","type":"page","link":"https:\/\/www.newlifeturkey.com\/sr\/alanja-kestel\/","title":{"rendered":"Alanja, Kestel"},"content":{"rendered":"<h4>Alanja, Kestel<\/h4>\n<p style=\"text-align: justify;\">Alanja Kestel je deo okruga Alanja u provinciji Antalija. Tu su Mahmutlar na istoku i Tosmur na zapadu od Kestela. Sme\u0161ten na autoputu Antalija-Mersin, Kestel je udaljen samo 7 km od centra Alanije. Alanja, Kestel je najlep\u0161e i najnovije podru\u010dje u Alaniji. Pla\u017ea je udaljena samo nekoliko koraka, kao i restorani i tr\u017eni centri u blizini. Najvec\u0301i univerzitet u Alaniji nalazi se u Kestelu. Pristup gradskim autobusima je svakih 10 minuta do univerziteta i centra grada. Poslednjih godina Kestel je iz malog sela prerastao u u\u017eurbano predgra\u0111e Alanije. Zgrade imaju najvi\u0161e 5 spratova i zabranjena je gradnja vi\u0161ih objekata. Ovo \u010dini podru\u010dje Kestel ektram popularnim. Svoj ekonomski prihod obezbe\u0111uje posebno od turizma. Ipak, me\u0161tani Kestela daju veliki doprinos privredi poljoprivredom.<\/p>\n<p style=\"text-align: justify;\">Naro\u010dito u ovoj oblasti moguc\u0301nosti ulaganja su ogromne. Kupovinom nekretnine ovde imate investiciju za \u017eivot. Stvorena pe\u0161a\u010dka staza vodi od oblasti Mahmutlara do grada Alanije. Mo\u017eete u\u017eivati u dugim \u0161etnjama na zalasku sunca. Prona\u0111ite na\u0161e ponude <a href=\"https:\/\/www.newlifeturkey.com\/sr\/nekretnine-u-turskoj\/\">nekretnina<\/a> u Alanji ovde ili <a href=\"https:\/\/wa.link\/18hejg\">nas pozovite direktno<\/a>.<\/p>\n","protected":false},"excerpt":{"rendered":"<p>Alanja, Kestel Alanja Kestel je deo okruga Alanja u provinciji Antalija. Tu su Mahmutlar na istoku i Tosmur na zapadu od Kestela. Sme\u0161ten na autoputu Antalija-Mersin, Kestel je udaljen samo 7 km od centra Alanije. Alanja, Kestel je najlep\u0161e i najnovije podru\u010dje u Alaniji. Pla\u017ea je udaljena samo nekoliko koraka, kao i restorani i tr\u017eni centri u blizini. Najvec\u0301i univerzitet u Alaniji nalazi se &#8230;<\/p>\n","protected":false},"author":3,"featured_media":0,"parent":0,"menu_order":0,"comment_status":"closed","ping_status":"closed","template":"property_list.php","meta":{"footnotes":""},"class_list":["post-62791","page","type-page","status-publish","hentry"],"yoast_head":"<!-- This site is optimized with the Yoast SEO plugin v23.2 - https:\/\/yoast.com\/wordpress\/plugins\/seo\/ -->\n<title>Alanja Kestel | Nekretnine u Alaniji Turska<\/title>\n<meta name=\"description\" content=\"Alanja Kestel je deo okruga Alanja u provinciji Antalija. Tu su Mahmutlar na istoku i Tosmur na zapadu od Kestela.\" \/>\n<meta name=\"robots\" content=\"index, follow, max-snippet:-1, max-image-preview:large, max-video-preview:-1\" \/>\n<link rel=\"canonical\" href=\"https:\/\/www.newlifeturkey.com\/sr\/alanja-kestel\/\" \/>\n<meta property=\"og:locale\" content=\"sr_RS\" \/>\n<meta property=\"og:type\" content=\"article\" \/>\n<meta property=\"og:title\" content=\"Alanja Kestel | Nekretnine u Alaniji Turska\" \/>\n<meta property=\"og:description\" content=\"Alanja Kestel je deo okruga Alanja u provinciji Antalija. Tu su Mahmutlar na istoku i Tosmur na zapadu od Kestela.\" \/>\n<meta property=\"og:url\" content=\"https:\/\/www.newlifeturkey.com\/sr\/alanja-kestel\/\" \/>\n<meta property=\"og:site_name\" content=\"Properties in Alanya Turkey\" \/>\n<meta property=\"article:publisher\" content=\"https:\/\/www.facebook.com\/newlifeturkeyinalanya\/\" \/>\n<meta property=\"article:modified_time\" content=\"2023-04-24T12:16:28+00:00\" \/>\n<meta name=\"twitter:card\" content=\"summary_large_image\" \/>\n<meta name=\"twitter:site\" content=\"@NewLifeAlanya\" \/>\n<meta name=\"twitter:label1\" content=\"\u041f\u0440\u043e\u0446\u0435\u045a\u0435\u043d\u043e \u0432\u0440\u0435\u043c\u0435 \u0447\u0438\u0442\u0430\u045a\u0430\" \/>\n\t<meta name=\"twitter:data1\" content=\"1 \u043c\u0438\u043d\u0443\u0442\" \/>\n<script type=\"application\/ld+json\" class=\"yoast-schema-graph\">{\"@context\":\"https:\/\/schema.org\",\"@graph\":[{\"@type\":\"WebPage\",\"@id\":\"https:\/\/www.newlifeturkey.com\/sr\/alanja-kestel\/\",\"url\":\"https:\/\/www.newlifeturkey.com\/sr\/alanja-kestel\/\",\"name\":\"Alanja Kestel | Nekretnine u Alaniji Turska\",\"isPartOf\":{\"@id\":\"https:\/\/www.newlifeturkey.com\/sr\/#website\"},\"datePublished\":\"2023-04-23T11:12:52+00:00\",\"dateModified\":\"2023-04-24T12:16:28+00:00\",\"description\":\"Alanja Kestel je deo okruga Alanja u provinciji Antalija. Tu su Mahmutlar na istoku i Tosmur na zapadu od Kestela.\",\"breadcrumb\":{\"@id\":\"https:\/\/www.newlifeturkey.com\/sr\/alanja-kestel\/#breadcrumb\"},\"inLanguage\":\"sr-RS\",\"potentialAction\":[{\"@type\":\"ReadAction\",\"target\":[\"https:\/\/www.newlifeturkey.com\/sr\/alanja-kestel\/\"]}]},{\"@type\":\"BreadcrumbList\",\"@id\":\"https:\/\/www.newlifeturkey.com\/sr\/alanja-kestel\/#breadcrumb\",\"itemListElement\":[{\"@type\":\"ListItem\",\"position\":1,\"name\":\"Home\",\"item\":\"https:\/\/www.newlifeturkey.com\/sr\/\"},{\"@type\":\"ListItem\",\"position\":2,\"name\":\"Alanja, Kestel\"}]},{\"@type\":\"WebSite\",\"@id\":\"https:\/\/www.newlifeturkey.com\/sr\/#website\",\"url\":\"https:\/\/www.newlifeturkey.com\/sr\/\",\"name\":\"Properties in Alanya Turkey\",\"description\":\"New Life Turkey\",\"potentialAction\":[{\"@type\":\"SearchAction\",\"target\":{\"@type\":\"EntryPoint\",\"urlTemplate\":\"https:\/\/www.newlifeturkey.com\/sr\/?s={search_term_string}\"},\"query-input\":\"required name=search_term_string\"}],\"inLanguage\":\"sr-RS\"}]}<\/script>\n<!-- \/ Yoast SEO plugin. -->","yoast_head_json":{"title":"Alanja Kestel | Nekretnine u Alaniji Turska","description":"Alanja Kestel je deo okruga Alanja u provinciji Antalija. Tu su Mahmutlar na istoku i Tosmur na zapadu od Kestela.","robots":{"index":"index","follow":"follow","max-snippet":"max-snippet:-1","max-image-preview":"max-image-preview:large","max-video-preview":"max-video-preview:-1"},"canonical":"https:\/\/www.newlifeturkey.com\/sr\/alanja-kestel\/","og_locale":"sr_RS","og_type":"article","og_title":"Alanja Kestel | Nekretnine u Alaniji Turska","og_description":"Alanja Kestel je deo okruga Alanja u provinciji Antalija. Tu su Mahmutlar na istoku i Tosmur na zapadu od Kestela.","og_url":"https:\/\/www.newlifeturkey.com\/sr\/alanja-kestel\/","og_site_name":"Properties in Alanya Turkey","article_publisher":"https:\/\/www.facebook.com\/newlifeturkeyinalanya\/","article_modified_time":"2023-04-24T12:16:28+00:00","twitter_card":"summary_large_image","twitter_site":"@NewLifeAlanya","twitter_misc":{"\u041f\u0440\u043e\u0446\u0435\u045a\u0435\u043d\u043e \u0432\u0440\u0435\u043c\u0435 \u0447\u0438\u0442\u0430\u045a\u0430":"1 \u043c\u0438\u043d\u0443\u0442"},"schema":{"@context":"https:\/\/schema.org","@graph":[{"@type":"WebPage","@id":"https:\/\/www.newlifeturkey.com\/sr\/alanja-kestel\/","url":"https:\/\/www.newlifeturkey.com\/sr\/alanja-kestel\/","name":"Alanja Kestel | Nekretnine u Alaniji Turska","isPartOf":{"@id":"https:\/\/www.newlifeturkey.com\/sr\/#website"},"datePublished":"2023-04-23T11:12:52+00:00","dateModified":"2023-04-24T12:16:28+00:00","description":"Alanja Kestel je deo okruga Alanja u provinciji Antalija. Tu su Mahmutlar na istoku i Tosmur na zapadu od Kestela.","breadcrumb":{"@id":"https:\/\/www.newlifeturkey.com\/sr\/alanja-kestel\/#breadcrumb"},"inLanguage":"sr-RS","potentialAction":[{"@type":"ReadAction","target":["https:\/\/www.newlifeturkey.com\/sr\/alanja-kestel\/"]}]},{"@type":"BreadcrumbList","@id":"https:\/\/www.newlifeturkey.com\/sr\/alanja-kestel\/#breadcrumb","itemListElement":[{"@type":"ListItem","position":1,"name":"Home","item":"https:\/\/www.newlifeturkey.com\/sr\/"},{"@type":"ListItem","position":2,"name":"Alanja, Kestel"}]},{"@type":"WebSite","@id":"https:\/\/www.newlifeturkey.com\/sr\/#website","url":"https:\/\/www.newlifeturkey.com\/sr\/","name":"Properties in Alanya Turkey","description":"New Life Turkey","potentialAction":[{"@type":"SearchAction","target":{"@type":"EntryPoint","urlTemplate":"https:\/\/www.newlifeturkey.com\/sr\/?s={search_term_string}"},"query-input":"required name=search_term_string"}],"inLanguage":"sr-RS"}]}},"_links":{"self":[{"href":"https:\/\/www.newlifeturkey.com\/sr\/wp-json\/wp\/v2\/pages\/62791","targetHints":{"allow":["GET"]}}],"collection":[{"href":"https:\/\/www.newlifeturkey.com\/sr\/wp-json\/wp\/v2\/pages"}],"about":[{"href":"https:\/\/www.newlifeturkey.com\/sr\/wp-json\/wp\/v2\/types\/page"}],"author":[{"embeddable":true,"href":"https:\/\/www.newlifeturkey.com\/sr\/wp-json\/wp\/v2\/users\/3"}],"replies":[{"embeddable":true,"href":"https:\/\/www.newlifeturkey.com\/sr\/wp-json\/wp\/v2\/comments?post=62791"}],"version-history":[{"count":1,"href":"https:\/\/www.newlifeturkey.com\/sr\/wp-json\/wp\/v2\/pages\/62791\/revisions"}],"predecessor-version":[{"id":62792,"href":"https:\/\/www.newlifeturkey.com\/sr\/wp-json\/wp\/v2\/pages\/62791\/revisions\/62792"}],"wp:attachment":[{"href":"https:\/\/www.newlifeturkey.com\/sr\/wp-json\/wp\/v2\/media?parent=62791"}],"curies":[{"name":"wp","href":"https:\/\/api.w.org\/{rel}","templated":true}]}}