{"id":62793,"date":"2023-04-23T11:20:59","date_gmt":"2023-04-23T11:20:59","guid":{"rendered":"https:\/\/www.newlifeturkey.com\/?page_id=62793"},"modified":"2023-04-24T12:20:08","modified_gmt":"2023-04-24T12:20:08","slug":"alanja-oba","status":"publish","type":"page","link":"https:\/\/www.newlifeturkey.com\/sr\/alanja-oba\/","title":{"rendered":"Alanja, Oba"},"content":{"rendered":"<h4>Alanja, Oba<\/h4>\n<p style=\"text-align: justify;\">Alanja Oba je naselje okruga Alanja u provinciji Antalija. Nema\u010dki Er-Erken\u0161vik (2003) i poljski Pnjevi (2004) su gradovi pobratimi Alanije. Oba je presti\u017ena \u010detvrt udaljena 4 km od centra Alanije i nudi mnogo udobnih restorana, prodavnica, prelepih pla\u017ea i parkova, gde mo\u017eete u\u017eivati u sun\u010danim danima va\u0161eg odmora. Mnoge atrakcije poput reke Dim (Dim Cai\u0131) sa prelepom dolinom i pec\u0301ine Dim (Dim Magaras\u0131) udaljene su samo petnaest minuta vo\u017enje. Poslednjih godina ovo podru\u010dje je ogromno naraslo i veoma je popularno posebno za stanovnike Evrope koji odlu\u010de da svoje penzijske godine provedu u Alanji. Oba je tako\u0111e novi gradski centar Alanije, jer c\u0301e se ovde nalaziti nova op\u0161tina.<\/p>\n<p style=\"text-align: justify;\">Oba ima pla\u017eu ozna\u010denu nagradom \u201ePlava zastava\u201c. Ova nagrada pokazuje dobar kvalitet pla\u017ee ovde. Infrastruktura u Obi je dobro razvijena, postoje de\u010dji parkovi, sportski tereni, konji\u010dki centar. Kvalitet nekretnina je izuzetno visok. Ovo podru\u010dje je tako\u0111e jedno od najbr\u017ee rastuc\u0301ih modernih oblasti. Postoji niz va\u017enih objekata kao \u0161to su \u0161kole, bolnice i zgrada op\u0161tine. Do me\u0111unarodnog aerodroma Alanja-Gazipa\u0161a sti\u017ee se za 25 minuta. Prona\u0111ite na\u0161e ponude <a href=\"https:\/\/www.newlifeturkey.com\/sr\/nekretnine-u-turskoj\/\">nekretnina<\/a> u Alanji ovde ili <a href=\"https:\/\/wa.link\/18hejg\">nas pozovite direktno<\/a>.<\/p>\n","protected":false},"excerpt":{"rendered":"<p>Alanja, Oba Alanja Oba je naselje okruga Alanja u provinciji Antalija. Nema\u010dki Er-Erken\u0161vik (2003) i poljski Pnjevi (2004) su gradovi pobratimi Alanije. Oba je presti\u017ena \u010detvrt udaljena 4 km od centra Alanije i nudi mnogo udobnih restorana, prodavnica, prelepih pla\u017ea i parkova, gde mo\u017eete u\u017eivati u sun\u010danim danima va\u0161eg odmora. Mnoge atrakcije poput reke Dim (Dim Cai\u0131) sa prelepom dolinom i pec\u0301ine Dim (Dim &#8230;<\/p>\n","protected":false},"author":3,"featured_media":0,"parent":0,"menu_order":0,"comment_status":"closed","ping_status":"closed","template":"property_list.php","meta":{"footnotes":""},"class_list":["post-62793","page","type-page","status-publish","hentry"],"yoast_head":"<!-- This site is optimized with the Yoast SEO plugin v23.2 - https:\/\/yoast.com\/wordpress\/plugins\/seo\/ -->\n<title>Alanja Oba | Nekretnine u Alaniji Turska<\/title>\n<meta name=\"description\" content=\"Alanja Oba je naselje okruga Alanja. Oba je presti\u017ena \u010detvrt udaljena 4 km od centra Alanije i nudi mnogo udobnih restorana, parkova.\" \/>\n<meta name=\"robots\" content=\"index, follow, max-snippet:-1, max-image-preview:large, max-video-preview:-1\" \/>\n<link rel=\"canonical\" href=\"https:\/\/www.newlifeturkey.com\/sr\/alanja-oba\/\" \/>\n<meta property=\"og:locale\" content=\"sr_RS\" \/>\n<meta property=\"og:type\" content=\"article\" \/>\n<meta property=\"og:title\" content=\"Alanja Oba | Nekretnine u Alaniji Turska\" \/>\n<meta property=\"og:description\" content=\"Alanja Oba je naselje okruga Alanja. Oba je presti\u017ena \u010detvrt udaljena 4 km od centra Alanije i nudi mnogo udobnih restorana, parkova.\" \/>\n<meta property=\"og:url\" content=\"https:\/\/www.newlifeturkey.com\/sr\/alanja-oba\/\" \/>\n<meta property=\"og:site_name\" content=\"Nekretnine u Alaniji Turska\" \/>\n<meta property=\"article:publisher\" content=\"https:\/\/www.facebook.com\/newlifeturkeyinalanya\/\" \/>\n<meta property=\"article:modified_time\" content=\"2023-04-24T12:20:08+00:00\" \/>\n<meta name=\"twitter:card\" content=\"summary_large_image\" \/>\n<meta name=\"twitter:site\" content=\"@NewLifeAlanya\" \/>\n<meta name=\"twitter:label1\" content=\"\u041f\u0440\u043e\u0446\u0435\u045a\u0435\u043d\u043e \u0432\u0440\u0435\u043c\u0435 \u0447\u0438\u0442\u0430\u045a\u0430\" \/>\n\t<meta name=\"twitter:data1\" content=\"1 \u043c\u0438\u043d\u0443\u0442\" \/>\n<script type=\"application\/ld+json\" class=\"yoast-schema-graph\">{\"@context\":\"https:\/\/schema.org\",\"@graph\":[{\"@type\":\"WebPage\",\"@id\":\"https:\/\/www.newlifeturkey.com\/sr\/alanja-oba\/\",\"url\":\"https:\/\/www.newlifeturkey.com\/sr\/alanja-oba\/\",\"name\":\"Alanja Oba | Nekretnine u Alaniji Turska\",\"isPartOf\":{\"@id\":\"https:\/\/www.newlifeturkey.com\/sr\/#website\"},\"datePublished\":\"2023-04-23T11:20:59+00:00\",\"dateModified\":\"2023-04-24T12:20:08+00:00\",\"description\":\"Alanja Oba je naselje okruga Alanja. Oba je presti\u017ena \u010detvrt udaljena 4 km od centra Alanije i nudi mnogo udobnih restorana, parkova.\",\"breadcrumb\":{\"@id\":\"https:\/\/www.newlifeturkey.com\/sr\/alanja-oba\/#breadcrumb\"},\"inLanguage\":\"sr-RS\",\"potentialAction\":[{\"@type\":\"ReadAction\",\"target\":[\"https:\/\/www.newlifeturkey.com\/sr\/alanja-oba\/\"]}]},{\"@type\":\"BreadcrumbList\",\"@id\":\"https:\/\/www.newlifeturkey.com\/sr\/alanja-oba\/#breadcrumb\",\"itemListElement\":[{\"@type\":\"ListItem\",\"position\":1,\"name\":\"Home\",\"item\":\"https:\/\/www.newlifeturkey.com\/sr\/\"},{\"@type\":\"ListItem\",\"position\":2,\"name\":\"Alanja, Oba\"}]},{\"@type\":\"WebSite\",\"@id\":\"https:\/\/www.newlifeturkey.com\/sr\/#website\",\"url\":\"https:\/\/www.newlifeturkey.com\/sr\/\",\"name\":\"Nekretnine u Alaniji Turska\",\"description\":\"New Life Turkey\",\"potentialAction\":[{\"@type\":\"SearchAction\",\"target\":{\"@type\":\"EntryPoint\",\"urlTemplate\":\"https:\/\/www.newlifeturkey.com\/sr\/?s={search_term_string}\"},\"query-input\":\"required name=search_term_string\"}],\"inLanguage\":\"sr-RS\"}]}<\/script>\n<!-- \/ Yoast SEO plugin. -->","yoast_head_json":{"title":"Alanja Oba | Nekretnine u Alaniji Turska","description":"Alanja Oba je naselje okruga Alanja. Oba je presti\u017ena \u010detvrt udaljena 4 km od centra Alanije i nudi mnogo udobnih restorana, parkova.","robots":{"index":"index","follow":"follow","max-snippet":"max-snippet:-1","max-image-preview":"max-image-preview:large","max-video-preview":"max-video-preview:-1"},"canonical":"https:\/\/www.newlifeturkey.com\/sr\/alanja-oba\/","og_locale":"sr_RS","og_type":"article","og_title":"Alanja Oba | Nekretnine u Alaniji Turska","og_description":"Alanja Oba je naselje okruga Alanja. Oba je presti\u017ena \u010detvrt udaljena 4 km od centra Alanije i nudi mnogo udobnih restorana, parkova.","og_url":"https:\/\/www.newlifeturkey.com\/sr\/alanja-oba\/","og_site_name":"Nekretnine u Alaniji Turska","article_publisher":"https:\/\/www.facebook.com\/newlifeturkeyinalanya\/","article_modified_time":"2023-04-24T12:20:08+00:00","twitter_card":"summary_large_image","twitter_site":"@NewLifeAlanya","twitter_misc":{"\u041f\u0440\u043e\u0446\u0435\u045a\u0435\u043d\u043e \u0432\u0440\u0435\u043c\u0435 \u0447\u0438\u0442\u0430\u045a\u0430":"1 \u043c\u0438\u043d\u0443\u0442"},"schema":{"@context":"https:\/\/schema.org","@graph":[{"@type":"WebPage","@id":"https:\/\/www.newlifeturkey.com\/sr\/alanja-oba\/","url":"https:\/\/www.newlifeturkey.com\/sr\/alanja-oba\/","name":"Alanja Oba | Nekretnine u Alaniji Turska","isPartOf":{"@id":"https:\/\/www.newlifeturkey.com\/sr\/#website"},"datePublished":"2023-04-23T11:20:59+00:00","dateModified":"2023-04-24T12:20:08+00:00","description":"Alanja Oba je naselje okruga Alanja. Oba je presti\u017ena \u010detvrt udaljena 4 km od centra Alanije i nudi mnogo udobnih restorana, parkova.","breadcrumb":{"@id":"https:\/\/www.newlifeturkey.com\/sr\/alanja-oba\/#breadcrumb"},"inLanguage":"sr-RS","potentialAction":[{"@type":"ReadAction","target":["https:\/\/www.newlifeturkey.com\/sr\/alanja-oba\/"]}]},{"@type":"BreadcrumbList","@id":"https:\/\/www.newlifeturkey.com\/sr\/alanja-oba\/#breadcrumb","itemListElement":[{"@type":"ListItem","position":1,"name":"Home","item":"https:\/\/www.newlifeturkey.com\/sr\/"},{"@type":"ListItem","position":2,"name":"Alanja, Oba"}]},{"@type":"WebSite","@id":"https:\/\/www.newlifeturkey.com\/sr\/#website","url":"https:\/\/www.newlifeturkey.com\/sr\/","name":"Nekretnine u Alaniji Turska","description":"New Life Turkey","potentialAction":[{"@type":"SearchAction","target":{"@type":"EntryPoint","urlTemplate":"https:\/\/www.newlifeturkey.com\/sr\/?s={search_term_string}"},"query-input":"required name=search_term_string"}],"inLanguage":"sr-RS"}]}},"_links":{"self":[{"href":"https:\/\/www.newlifeturkey.com\/sr\/wp-json\/wp\/v2\/pages\/62793","targetHints":{"allow":["GET"]}}],"collection":[{"href":"https:\/\/www.newlifeturkey.com\/sr\/wp-json\/wp\/v2\/pages"}],"about":[{"href":"https:\/\/www.newlifeturkey.com\/sr\/wp-json\/wp\/v2\/types\/page"}],"author":[{"embeddable":true,"href":"https:\/\/www.newlifeturkey.com\/sr\/wp-json\/wp\/v2\/users\/3"}],"replies":[{"embeddable":true,"href":"https:\/\/www.newlifeturkey.com\/sr\/wp-json\/wp\/v2\/comments?post=62793"}],"version-history":[{"count":1,"href":"https:\/\/www.newlifeturkey.com\/sr\/wp-json\/wp\/v2\/pages\/62793\/revisions"}],"predecessor-version":[{"id":62794,"href":"https:\/\/www.newlifeturkey.com\/sr\/wp-json\/wp\/v2\/pages\/62793\/revisions\/62794"}],"wp:attachment":[{"href":"https:\/\/www.newlifeturkey.com\/sr\/wp-json\/wp\/v2\/media?parent=62793"}],"curies":[{"name":"wp","href":"https:\/\/api.w.org\/{rel}","templated":true}]}}