{"id":62795,"date":"2023-04-23T11:33:23","date_gmt":"2023-04-23T11:33:23","guid":{"rendered":"https:\/\/www.newlifeturkey.com\/?page_id=62795"},"modified":"2023-04-24T12:24:23","modified_gmt":"2023-04-24T12:24:23","slug":"alanja-konakli","status":"publish","type":"page","link":"https:\/\/www.newlifeturkey.com\/sr\/alanja-konakli\/","title":{"rendered":"Alanja, Konakli"},"content":{"rendered":"<h4>Alanja, Konakli<\/h4>\n<p style=\"text-align: justify;\">Alanja Konakli je deo okruga Alanja u provinciji Antalija. To je naselje na obali Sredozemnog mora i nalazi se na autoputu D 400 na jugu Turske. Nalazi se 12 kilometara od Alanije, 125 kilometara od Antalije, 115 kilometara od aerodroma Antalija i 50 kilometara od aerodroma Alanja-Gazipa\u0161a. To je veoma mirno i lepo predgra\u0111e Alanije sa prekrasnim pogledom na planine Toros i more. Nalazi se oko 10 km zapadno od centra grada. Konakli je jedan od turisti\u010dkih centara na ovom podru\u010dju Mediterana. Mo\u017eete pronac\u0301i mnogo hotela u ovoj oblasti i tako\u0111e provesti odli\u010dan odmor u jednom od hotela sa 5 zvezdica.<\/p>\n<p style=\"text-align: justify;\">Fina pe\u0161\u010dana pla\u017ea u ovoj oblasti je savr\u0161ena za porodice sa decom. To je mirno podru\u010dje sa cvetnim centrom i omiljeno ne samo od strane lokalnog stanovni\u0161tva, vec\u0301 i od strane stanovnika \u0161irom Evrope. Konakli je povezan sa lokalnim autobusima tako da mo\u017eete lako doc\u0301i do centra grada Alanije. Ako preferirate mirno podru\u010dje sa prirodnim okru\u017eenjem, onda je ovo pravo podru\u010dje za vas. Pla\u017ee su ovde prelepe i pe\u0161\u010dane i otvorene za sve. Prona\u0111ite na\u0161e ponude <a href=\"https:\/\/www.newlifeturkey.com\/sr\/nekretnine-u-turskoj\/\">nekretnina<\/a> u Alanji ovde ili <a href=\"https:\/\/wa.link\/18hejg\">nas pozovite direktno<\/a>.<\/p>\n","protected":false},"excerpt":{"rendered":"<p>Alanja, Konakli Alanja Konakli je deo okruga Alanja u provinciji Antalija. To je naselje na obali Sredozemnog mora i nalazi se na autoputu D 400 na jugu Turske. Nalazi se 12 kilometara od Alanije, 125 kilometara od Antalije, 115 kilometara od aerodroma Antalija i 50 kilometara od aerodroma Alanja-Gazipa\u0161a. To je veoma mirno i lepo predgra\u0111e Alanije sa prekrasnim pogledom na planine Toros i &#8230;<\/p>\n","protected":false},"author":3,"featured_media":0,"parent":0,"menu_order":0,"comment_status":"closed","ping_status":"closed","template":"property_list.php","meta":{"footnotes":""},"class_list":["post-62795","page","type-page","status-publish","hentry"],"yoast_head":"<!-- This site is optimized with the Yoast SEO plugin v23.2 - https:\/\/yoast.com\/wordpress\/plugins\/seo\/ -->\n<title>Alanja Konakli | Nekretnine u Alaniji Turska<\/title>\n<meta name=\"description\" content=\"Alanja Konakli je deo okruga Alanja u provinciji Antalija. To je naselje na obali Sredozemnog mora i nalazi se na autoputu na jugu Turske.\" \/>\n<meta name=\"robots\" content=\"index, follow, max-snippet:-1, max-image-preview:large, max-video-preview:-1\" \/>\n<link rel=\"canonical\" href=\"https:\/\/www.newlifeturkey.com\/sr\/alanja-konakli\/\" \/>\n<meta property=\"og:locale\" content=\"sr_RS\" \/>\n<meta property=\"og:type\" content=\"article\" \/>\n<meta property=\"og:title\" content=\"Alanja Konakli | Nekretnine u Alaniji Turska\" \/>\n<meta property=\"og:description\" content=\"Alanja Konakli je deo okruga Alanja u provinciji Antalija. To je naselje na obali Sredozemnog mora i nalazi se na autoputu na jugu Turske.\" \/>\n<meta property=\"og:url\" content=\"https:\/\/www.newlifeturkey.com\/sr\/alanja-konakli\/\" \/>\n<meta property=\"og:site_name\" content=\"Properties in Alanya Turkey\" \/>\n<meta property=\"article:publisher\" content=\"https:\/\/www.facebook.com\/newlifeturkeyinalanya\/\" \/>\n<meta property=\"article:modified_time\" content=\"2023-04-24T12:24:23+00:00\" \/>\n<meta name=\"twitter:card\" content=\"summary_large_image\" \/>\n<meta name=\"twitter:site\" content=\"@NewLifeAlanya\" \/>\n<meta name=\"twitter:label1\" content=\"\u041f\u0440\u043e\u0446\u0435\u045a\u0435\u043d\u043e \u0432\u0440\u0435\u043c\u0435 \u0447\u0438\u0442\u0430\u045a\u0430\" \/>\n\t<meta name=\"twitter:data1\" content=\"1 \u043c\u0438\u043d\u0443\u0442\" \/>\n<script type=\"application\/ld+json\" class=\"yoast-schema-graph\">{\"@context\":\"https:\/\/schema.org\",\"@graph\":[{\"@type\":\"WebPage\",\"@id\":\"https:\/\/www.newlifeturkey.com\/sr\/alanja-konakli\/\",\"url\":\"https:\/\/www.newlifeturkey.com\/sr\/alanja-konakli\/\",\"name\":\"Alanja Konakli | Nekretnine u Alaniji Turska\",\"isPartOf\":{\"@id\":\"https:\/\/www.newlifeturkey.com\/sr\/#website\"},\"datePublished\":\"2023-04-23T11:33:23+00:00\",\"dateModified\":\"2023-04-24T12:24:23+00:00\",\"description\":\"Alanja Konakli je deo okruga Alanja u provinciji Antalija. To je naselje na obali Sredozemnog mora i nalazi se na autoputu na jugu Turske.\",\"breadcrumb\":{\"@id\":\"https:\/\/www.newlifeturkey.com\/sr\/alanja-konakli\/#breadcrumb\"},\"inLanguage\":\"sr-RS\",\"potentialAction\":[{\"@type\":\"ReadAction\",\"target\":[\"https:\/\/www.newlifeturkey.com\/sr\/alanja-konakli\/\"]}]},{\"@type\":\"BreadcrumbList\",\"@id\":\"https:\/\/www.newlifeturkey.com\/sr\/alanja-konakli\/#breadcrumb\",\"itemListElement\":[{\"@type\":\"ListItem\",\"position\":1,\"name\":\"Home\",\"item\":\"https:\/\/www.newlifeturkey.com\/sr\/\"},{\"@type\":\"ListItem\",\"position\":2,\"name\":\"Alanja, Konakli\"}]},{\"@type\":\"WebSite\",\"@id\":\"https:\/\/www.newlifeturkey.com\/sr\/#website\",\"url\":\"https:\/\/www.newlifeturkey.com\/sr\/\",\"name\":\"Properties in Alanya Turkey\",\"description\":\"New Life Turkey\",\"potentialAction\":[{\"@type\":\"SearchAction\",\"target\":{\"@type\":\"EntryPoint\",\"urlTemplate\":\"https:\/\/www.newlifeturkey.com\/sr\/?s={search_term_string}\"},\"query-input\":\"required name=search_term_string\"}],\"inLanguage\":\"sr-RS\"}]}<\/script>\n<!-- \/ Yoast SEO plugin. -->","yoast_head_json":{"title":"Alanja Konakli | Nekretnine u Alaniji Turska","description":"Alanja Konakli je deo okruga Alanja u provinciji Antalija. To je naselje na obali Sredozemnog mora i nalazi se na autoputu na jugu Turske.","robots":{"index":"index","follow":"follow","max-snippet":"max-snippet:-1","max-image-preview":"max-image-preview:large","max-video-preview":"max-video-preview:-1"},"canonical":"https:\/\/www.newlifeturkey.com\/sr\/alanja-konakli\/","og_locale":"sr_RS","og_type":"article","og_title":"Alanja Konakli | Nekretnine u Alaniji Turska","og_description":"Alanja Konakli je deo okruga Alanja u provinciji Antalija. To je naselje na obali Sredozemnog mora i nalazi se na autoputu na jugu Turske.","og_url":"https:\/\/www.newlifeturkey.com\/sr\/alanja-konakli\/","og_site_name":"Properties in Alanya Turkey","article_publisher":"https:\/\/www.facebook.com\/newlifeturkeyinalanya\/","article_modified_time":"2023-04-24T12:24:23+00:00","twitter_card":"summary_large_image","twitter_site":"@NewLifeAlanya","twitter_misc":{"\u041f\u0440\u043e\u0446\u0435\u045a\u0435\u043d\u043e \u0432\u0440\u0435\u043c\u0435 \u0447\u0438\u0442\u0430\u045a\u0430":"1 \u043c\u0438\u043d\u0443\u0442"},"schema":{"@context":"https:\/\/schema.org","@graph":[{"@type":"WebPage","@id":"https:\/\/www.newlifeturkey.com\/sr\/alanja-konakli\/","url":"https:\/\/www.newlifeturkey.com\/sr\/alanja-konakli\/","name":"Alanja Konakli | Nekretnine u Alaniji Turska","isPartOf":{"@id":"https:\/\/www.newlifeturkey.com\/sr\/#website"},"datePublished":"2023-04-23T11:33:23+00:00","dateModified":"2023-04-24T12:24:23+00:00","description":"Alanja Konakli je deo okruga Alanja u provinciji Antalija. To je naselje na obali Sredozemnog mora i nalazi se na autoputu na jugu Turske.","breadcrumb":{"@id":"https:\/\/www.newlifeturkey.com\/sr\/alanja-konakli\/#breadcrumb"},"inLanguage":"sr-RS","potentialAction":[{"@type":"ReadAction","target":["https:\/\/www.newlifeturkey.com\/sr\/alanja-konakli\/"]}]},{"@type":"BreadcrumbList","@id":"https:\/\/www.newlifeturkey.com\/sr\/alanja-konakli\/#breadcrumb","itemListElement":[{"@type":"ListItem","position":1,"name":"Home","item":"https:\/\/www.newlifeturkey.com\/sr\/"},{"@type":"ListItem","position":2,"name":"Alanja, Konakli"}]},{"@type":"WebSite","@id":"https:\/\/www.newlifeturkey.com\/sr\/#website","url":"https:\/\/www.newlifeturkey.com\/sr\/","name":"Properties in Alanya Turkey","description":"New Life Turkey","potentialAction":[{"@type":"SearchAction","target":{"@type":"EntryPoint","urlTemplate":"https:\/\/www.newlifeturkey.com\/sr\/?s={search_term_string}"},"query-input":"required name=search_term_string"}],"inLanguage":"sr-RS"}]}},"_links":{"self":[{"href":"https:\/\/www.newlifeturkey.com\/sr\/wp-json\/wp\/v2\/pages\/62795","targetHints":{"allow":["GET"]}}],"collection":[{"href":"https:\/\/www.newlifeturkey.com\/sr\/wp-json\/wp\/v2\/pages"}],"about":[{"href":"https:\/\/www.newlifeturkey.com\/sr\/wp-json\/wp\/v2\/types\/page"}],"author":[{"embeddable":true,"href":"https:\/\/www.newlifeturkey.com\/sr\/wp-json\/wp\/v2\/users\/3"}],"replies":[{"embeddable":true,"href":"https:\/\/www.newlifeturkey.com\/sr\/wp-json\/wp\/v2\/comments?post=62795"}],"version-history":[{"count":1,"href":"https:\/\/www.newlifeturkey.com\/sr\/wp-json\/wp\/v2\/pages\/62795\/revisions"}],"predecessor-version":[{"id":62796,"href":"https:\/\/www.newlifeturkey.com\/sr\/wp-json\/wp\/v2\/pages\/62795\/revisions\/62796"}],"wp:attachment":[{"href":"https:\/\/www.newlifeturkey.com\/sr\/wp-json\/wp\/v2\/media?parent=62795"}],"curies":[{"name":"wp","href":"https:\/\/api.w.org\/{rel}","templated":true}]}}