{"id":62797,"date":"2023-04-23T11:44:56","date_gmt":"2023-04-23T11:44:56","guid":{"rendered":"https:\/\/www.newlifeturkey.com\/?page_id=62797"},"modified":"2023-04-24T12:26:38","modified_gmt":"2023-04-24T12:26:38","slug":"alanja-avsallar","status":"publish","type":"page","link":"https:\/\/www.newlifeturkey.com\/sr\/alanja-avsallar\/","title":{"rendered":"Alanja, Avsallar"},"content":{"rendered":"<h4>Alanja, Avsallar<\/h4>\n<p style=\"text-align: justify;\">Alanja Avsallar je deo okruga Alanja u provinciji Antalija. Udaljenost do Alanije je 25 km. Njegova udaljenost od Antalije je 105 km. Veruje se da je Avsallar osnovala grupa Turaka Oguza koji su pripadali plemenu Av\u0161ar iz Kencek Senira (istorijsko naselje u Talaskoj provinciji Kirgistana) u 15. veku. Smatra se da je ime Avsallar oblik Av\u0161arlar. Ranije naselje je bilo severno od dana\u0161njeg Avsalara. Godine 1843. nakon po\u017eara, ljudi su se preselili na dana\u0161nje mesto. 1986. godine Avsallar je progla\u0161en za grad.<\/p>\n<p style=\"text-align: justify;\">Fina pe\u0161\u010dana pla\u017ea u ovoj oblasti je savr\u0161ena za porodice sa decom. Oni su dali ime najbli\u017eoj pla\u017ei Incekum (sitni pesak). To je mirno podru\u010dje sa cvetnim centrom i omiljeno ne samo od strane lokalnog stanovni\u0161tva, vec\u0301 i od strane stanovnika \u0161irom Evrope. Gornji deo Avsalara je okru\u017een \u0161umama. Svuda se osec\u0301a miris borova. Avsallar je povezan sa lokalnim transportnim sistemom tako da mo\u017eete lako doc\u0301i do centra grada Alanije. Ako preferirate mirno podru\u010dje sa prirodnim okru\u017eenjem, onda je gornji deo Avsalara pravo podru\u010dje za vas. Prona\u0111ite na\u0161e ponude <a href=\"https:\/\/www.newlifeturkey.com\/sr\/nekretnine-u-turskoj\/\">nekretnina<\/a> u Alanji ovde ili <a href=\"https:\/\/wa.link\/18hejg\">nas pozovite direktno<\/a>.<\/p>\n","protected":false},"excerpt":{"rendered":"<p>Alanja, Avsallar Alanja Avsallar je deo okruga Alanja u provinciji Antalija. Udaljenost do Alanije je 25 km. Njegova udaljenost od Antalije je 105 km. Veruje se da je Avsallar osnovala grupa Turaka Oguza koji su pripadali plemenu Av\u0161ar iz Kencek Senira (istorijsko naselje u Talaskoj provinciji Kirgistana) u 15. veku. Smatra se da je ime Avsallar oblik Av\u0161arlar. Ranije naselje je bilo severno od &#8230;<\/p>\n","protected":false},"author":3,"featured_media":0,"parent":0,"menu_order":0,"comment_status":"closed","ping_status":"closed","template":"property_list.php","meta":{"footnotes":""},"class_list":["post-62797","page","type-page","status-publish","hentry"],"yoast_head":"<!-- This site is optimized with the Yoast SEO plugin v23.2 - https:\/\/yoast.com\/wordpress\/plugins\/seo\/ -->\n<title>Alanja Avsallar | Nekretnine u Alaniji Turska<\/title>\n<meta name=\"description\" content=\"Alanja Avsallar je deo okruga Alanja u provinciji Antalija. Udaljenost do Alanije je 25 km. Njegova udaljenost od Antalije je 105 km.\" \/>\n<meta name=\"robots\" content=\"index, follow, max-snippet:-1, max-image-preview:large, max-video-preview:-1\" \/>\n<link rel=\"canonical\" href=\"https:\/\/www.newlifeturkey.com\/sr\/alanja-avsallar\/\" \/>\n<meta property=\"og:locale\" content=\"sr_RS\" \/>\n<meta property=\"og:type\" content=\"article\" \/>\n<meta property=\"og:title\" content=\"Alanja Avsallar | Nekretnine u Alaniji Turska\" \/>\n<meta property=\"og:description\" content=\"Alanja Avsallar je deo okruga Alanja u provinciji Antalija. Udaljenost do Alanije je 25 km. Njegova udaljenost od Antalije je 105 km.\" \/>\n<meta property=\"og:url\" content=\"https:\/\/www.newlifeturkey.com\/sr\/alanja-avsallar\/\" \/>\n<meta property=\"og:site_name\" content=\"Properties in Alanya Turkey\" \/>\n<meta property=\"article:publisher\" content=\"https:\/\/www.facebook.com\/newlifeturkeyinalanya\/\" \/>\n<meta property=\"article:modified_time\" content=\"2023-04-24T12:26:38+00:00\" \/>\n<meta name=\"twitter:card\" content=\"summary_large_image\" \/>\n<meta name=\"twitter:site\" content=\"@NewLifeAlanya\" \/>\n<meta name=\"twitter:label1\" content=\"\u041f\u0440\u043e\u0446\u0435\u045a\u0435\u043d\u043e \u0432\u0440\u0435\u043c\u0435 \u0447\u0438\u0442\u0430\u045a\u0430\" \/>\n\t<meta name=\"twitter:data1\" content=\"1 \u043c\u0438\u043d\u0443\u0442\" \/>\n<script type=\"application\/ld+json\" class=\"yoast-schema-graph\">{\"@context\":\"https:\/\/schema.org\",\"@graph\":[{\"@type\":\"WebPage\",\"@id\":\"https:\/\/www.newlifeturkey.com\/sr\/alanja-avsallar\/\",\"url\":\"https:\/\/www.newlifeturkey.com\/sr\/alanja-avsallar\/\",\"name\":\"Alanja Avsallar | Nekretnine u Alaniji Turska\",\"isPartOf\":{\"@id\":\"https:\/\/www.newlifeturkey.com\/sr\/#website\"},\"datePublished\":\"2023-04-23T11:44:56+00:00\",\"dateModified\":\"2023-04-24T12:26:38+00:00\",\"description\":\"Alanja Avsallar je deo okruga Alanja u provinciji Antalija. Udaljenost do Alanije je 25 km. Njegova udaljenost od Antalije je 105 km.\",\"breadcrumb\":{\"@id\":\"https:\/\/www.newlifeturkey.com\/sr\/alanja-avsallar\/#breadcrumb\"},\"inLanguage\":\"sr-RS\",\"potentialAction\":[{\"@type\":\"ReadAction\",\"target\":[\"https:\/\/www.newlifeturkey.com\/sr\/alanja-avsallar\/\"]}]},{\"@type\":\"BreadcrumbList\",\"@id\":\"https:\/\/www.newlifeturkey.com\/sr\/alanja-avsallar\/#breadcrumb\",\"itemListElement\":[{\"@type\":\"ListItem\",\"position\":1,\"name\":\"Home\",\"item\":\"https:\/\/www.newlifeturkey.com\/sr\/\"},{\"@type\":\"ListItem\",\"position\":2,\"name\":\"Alanja, Avsallar\"}]},{\"@type\":\"WebSite\",\"@id\":\"https:\/\/www.newlifeturkey.com\/sr\/#website\",\"url\":\"https:\/\/www.newlifeturkey.com\/sr\/\",\"name\":\"Properties in Alanya Turkey\",\"description\":\"New Life Turkey\",\"potentialAction\":[{\"@type\":\"SearchAction\",\"target\":{\"@type\":\"EntryPoint\",\"urlTemplate\":\"https:\/\/www.newlifeturkey.com\/sr\/?s={search_term_string}\"},\"query-input\":\"required name=search_term_string\"}],\"inLanguage\":\"sr-RS\"}]}<\/script>\n<!-- \/ Yoast SEO plugin. -->","yoast_head_json":{"title":"Alanja Avsallar | Nekretnine u Alaniji Turska","description":"Alanja Avsallar je deo okruga Alanja u provinciji Antalija. Udaljenost do Alanije je 25 km. Njegova udaljenost od Antalije je 105 km.","robots":{"index":"index","follow":"follow","max-snippet":"max-snippet:-1","max-image-preview":"max-image-preview:large","max-video-preview":"max-video-preview:-1"},"canonical":"https:\/\/www.newlifeturkey.com\/sr\/alanja-avsallar\/","og_locale":"sr_RS","og_type":"article","og_title":"Alanja Avsallar | Nekretnine u Alaniji Turska","og_description":"Alanja Avsallar je deo okruga Alanja u provinciji Antalija. Udaljenost do Alanije je 25 km. Njegova udaljenost od Antalije je 105 km.","og_url":"https:\/\/www.newlifeturkey.com\/sr\/alanja-avsallar\/","og_site_name":"Properties in Alanya Turkey","article_publisher":"https:\/\/www.facebook.com\/newlifeturkeyinalanya\/","article_modified_time":"2023-04-24T12:26:38+00:00","twitter_card":"summary_large_image","twitter_site":"@NewLifeAlanya","twitter_misc":{"\u041f\u0440\u043e\u0446\u0435\u045a\u0435\u043d\u043e \u0432\u0440\u0435\u043c\u0435 \u0447\u0438\u0442\u0430\u045a\u0430":"1 \u043c\u0438\u043d\u0443\u0442"},"schema":{"@context":"https:\/\/schema.org","@graph":[{"@type":"WebPage","@id":"https:\/\/www.newlifeturkey.com\/sr\/alanja-avsallar\/","url":"https:\/\/www.newlifeturkey.com\/sr\/alanja-avsallar\/","name":"Alanja Avsallar | Nekretnine u Alaniji Turska","isPartOf":{"@id":"https:\/\/www.newlifeturkey.com\/sr\/#website"},"datePublished":"2023-04-23T11:44:56+00:00","dateModified":"2023-04-24T12:26:38+00:00","description":"Alanja Avsallar je deo okruga Alanja u provinciji Antalija. Udaljenost do Alanije je 25 km. Njegova udaljenost od Antalije je 105 km.","breadcrumb":{"@id":"https:\/\/www.newlifeturkey.com\/sr\/alanja-avsallar\/#breadcrumb"},"inLanguage":"sr-RS","potentialAction":[{"@type":"ReadAction","target":["https:\/\/www.newlifeturkey.com\/sr\/alanja-avsallar\/"]}]},{"@type":"BreadcrumbList","@id":"https:\/\/www.newlifeturkey.com\/sr\/alanja-avsallar\/#breadcrumb","itemListElement":[{"@type":"ListItem","position":1,"name":"Home","item":"https:\/\/www.newlifeturkey.com\/sr\/"},{"@type":"ListItem","position":2,"name":"Alanja, Avsallar"}]},{"@type":"WebSite","@id":"https:\/\/www.newlifeturkey.com\/sr\/#website","url":"https:\/\/www.newlifeturkey.com\/sr\/","name":"Properties in Alanya Turkey","description":"New Life Turkey","potentialAction":[{"@type":"SearchAction","target":{"@type":"EntryPoint","urlTemplate":"https:\/\/www.newlifeturkey.com\/sr\/?s={search_term_string}"},"query-input":"required name=search_term_string"}],"inLanguage":"sr-RS"}]}},"_links":{"self":[{"href":"https:\/\/www.newlifeturkey.com\/sr\/wp-json\/wp\/v2\/pages\/62797","targetHints":{"allow":["GET"]}}],"collection":[{"href":"https:\/\/www.newlifeturkey.com\/sr\/wp-json\/wp\/v2\/pages"}],"about":[{"href":"https:\/\/www.newlifeturkey.com\/sr\/wp-json\/wp\/v2\/types\/page"}],"author":[{"embeddable":true,"href":"https:\/\/www.newlifeturkey.com\/sr\/wp-json\/wp\/v2\/users\/3"}],"replies":[{"embeddable":true,"href":"https:\/\/www.newlifeturkey.com\/sr\/wp-json\/wp\/v2\/comments?post=62797"}],"version-history":[{"count":1,"href":"https:\/\/www.newlifeturkey.com\/sr\/wp-json\/wp\/v2\/pages\/62797\/revisions"}],"predecessor-version":[{"id":62798,"href":"https:\/\/www.newlifeturkey.com\/sr\/wp-json\/wp\/v2\/pages\/62797\/revisions\/62798"}],"wp:attachment":[{"href":"https:\/\/www.newlifeturkey.com\/sr\/wp-json\/wp\/v2\/media?parent=62797"}],"curies":[{"name":"wp","href":"https:\/\/api.w.org\/{rel}","templated":true}]}}