{"id":21293,"date":"2015-02-19T09:48:19","date_gmt":"2015-02-19T09:48:19","guid":{"rendered":"http:\/\/new.newlifeturkey.com\/contact-us\/"},"modified":"2017-06-15T12:02:15","modified_gmt":"2017-06-15T12:02:15","slug":"kontakt","status":"publish","type":"page","link":"https:\/\/www.newlifeturkey.com\/tr\/kontakt\/","title":{"rendered":"Kontakt"},"content":{"rendered":"<div class=\"wpb-content-wrapper\"><p>[vc_row][vc_column][vc_empty_space height=&#8221;30&#8243;][vc_column_text]<\/p>\n<p style=\"text-align: justify;\">Wir sind ein junges und dynamisches Unternehmen und bieten genau das, was Sie suchen. Gemeinsam mit uns finden Sie einen zuverl\u00e4ssigen Partner mit langj\u00e4hriger Erfahrung auf dem Immobilienmarkt von Alanya. Wir verkaufen nicht nur eine Immobilie an der t\u00fcrkischen Riviera, wir schaffen Ihr neues Zuhause, wo Sie Ihre Tr\u00e4ume leben k\u00f6nnen.<\/p>\n<p style=\"text-align: justify;\">Nur die von uns als professioneller Immobilienmakler ausgew\u00e4hlten Immobilien werden zum Verkauf angeboten. Lassen Sie Ihren Traum von Ihrem neuen Eigentum in der T\u00fcrkei wahr werden. Wir helfen Ihnen. Ein eingehendes Gespr\u00e4ch \u00fcber Ihre W\u00fcnsche ist das Wichtigste f\u00fcr einen zuverl\u00e4ssigen und professionellen Immobilienmakler. Wir nehmen uns die Zeit, um Ihnen zu helfen, das richtige Objekt zu w\u00e4hlen.<\/p>\n<p style=\"text-align: justify;\">M\u00f6chten Sie mehr erfahren oder w\u00fcnschen Sie bereits ein erstes Angebot? Schicken Sie uns einfach eine E-Mail an info@newlifeturkey.com oder rufen Sie uns unter 0090 242 518 19 16 an.<\/p>\n<p>[\/vc_column_text][\/vc_column][\/vc_row]<\/p>\n<\/div>","protected":false},"excerpt":{"rendered":"<p>[vc_row][vc_column][vc_empty_space height=&#8221;30&#8243;][vc_column_text] Wir sind ein junges und dynamisches Unternehmen und bieten genau das, was Sie suchen. Gemeinsam mit uns finden Sie einen zuverl\u00e4ssigen Partner mit langj\u00e4hriger Erfahrung auf dem Immobilienmarkt von Alanya. Wir verkaufen nicht nur eine Immobilie an der t\u00fcrkischen Riviera, wir schaffen Ihr neues Zuhause, wo Sie Ihre Tr\u00e4ume leben k\u00f6nnen. Nur die von uns als professioneller Immobilienmakler ausgew\u00e4hlten Immobilien werden zum &#8230;<\/p>\n","protected":false},"author":1,"featured_media":0,"parent":0,"menu_order":0,"comment_status":"closed","ping_status":"closed","template":"contact_page.php","meta":{"footnotes":""},"class_list":["post-21293","page","type-page","status-publish","hentry"],"yoast_head":"<!-- This site is optimized with the Yoast SEO plugin v23.2 - https:\/\/yoast.com\/wordpress\/plugins\/seo\/ -->\n<title>Kontakt | Properties in Alanya Turkey<\/title>\n<meta name=\"robots\" content=\"index, follow, max-snippet:-1, max-image-preview:large, max-video-preview:-1\" \/>\n<link rel=\"canonical\" href=\"https:\/\/www.newlifeturkey.com\/tr\/kontakt\/\" \/>\n<meta property=\"og:locale\" content=\"tr_TR\" \/>\n<meta property=\"og:type\" content=\"article\" \/>\n<meta property=\"og:title\" content=\"Kontakt | Properties in Alanya Turkey\" \/>\n<meta property=\"og:description\" content=\"[vc_row][vc_column][vc_empty_space height=&#8221;30&#8243;][vc_column_text] Wir sind ein junges und dynamisches Unternehmen und bieten genau das, was Sie suchen. Gemeinsam mit uns finden Sie einen zuverl\u00e4ssigen Partner mit langj\u00e4hriger Erfahrung auf dem Immobilienmarkt von Alanya. Wir verkaufen nicht nur eine Immobilie an der t\u00fcrkischen Riviera, wir schaffen Ihr neues Zuhause, wo Sie Ihre Tr\u00e4ume leben k\u00f6nnen. Nur die von uns als professioneller Immobilienmakler ausgew\u00e4hlten Immobilien werden zum ...\" \/>\n<meta property=\"og:url\" content=\"https:\/\/www.newlifeturkey.com\/tr\/kontakt\/\" \/>\n<meta property=\"og:site_name\" content=\"Properties in Alanya Turkey\" \/>\n<meta property=\"article:publisher\" content=\"https:\/\/www.facebook.com\/newlifeturkeyinalanya\/\" \/>\n<meta property=\"article:modified_time\" content=\"2017-06-15T12:02:15+00:00\" \/>\n<meta name=\"twitter:card\" content=\"summary_large_image\" \/>\n<meta name=\"twitter:site\" content=\"@NewLifeAlanya\" \/>\n<meta name=\"twitter:label1\" content=\"Tahmini okuma s\u00fcresi\" \/>\n\t<meta name=\"twitter:data1\" content=\"1 dakika\" \/>\n<script type=\"application\/ld+json\" class=\"yoast-schema-graph\">{\"@context\":\"https:\/\/schema.org\",\"@graph\":[{\"@type\":\"WebPage\",\"@id\":\"https:\/\/www.newlifeturkey.com\/tr\/kontakt\/\",\"url\":\"https:\/\/www.newlifeturkey.com\/tr\/kontakt\/\",\"name\":\"Kontakt | Properties in Alanya Turkey\",\"isPartOf\":{\"@id\":\"https:\/\/www.newlifeturkey.com\/tr\/#website\"},\"datePublished\":\"2015-02-19T09:48:19+00:00\",\"dateModified\":\"2017-06-15T12:02:15+00:00\",\"breadcrumb\":{\"@id\":\"https:\/\/www.newlifeturkey.com\/tr\/kontakt\/#breadcrumb\"},\"inLanguage\":\"tr\",\"potentialAction\":[{\"@type\":\"ReadAction\",\"target\":[\"https:\/\/www.newlifeturkey.com\/tr\/kontakt\/\"]}]},{\"@type\":\"BreadcrumbList\",\"@id\":\"https:\/\/www.newlifeturkey.com\/tr\/kontakt\/#breadcrumb\",\"itemListElement\":[{\"@type\":\"ListItem\",\"position\":1,\"name\":\"Home\",\"item\":\"https:\/\/www.newlifeturkey.com\/tr\/\"},{\"@type\":\"ListItem\",\"position\":2,\"name\":\"Kontakt\"}]},{\"@type\":\"WebSite\",\"@id\":\"https:\/\/www.newlifeturkey.com\/tr\/#website\",\"url\":\"https:\/\/www.newlifeturkey.com\/tr\/\",\"name\":\"Properties in Alanya Turkey\",\"description\":\"New Life Turkey\",\"potentialAction\":[{\"@type\":\"SearchAction\",\"target\":{\"@type\":\"EntryPoint\",\"urlTemplate\":\"https:\/\/www.newlifeturkey.com\/tr\/?s={search_term_string}\"},\"query-input\":\"required name=search_term_string\"}],\"inLanguage\":\"tr\"}]}<\/script>\n<!-- \/ Yoast SEO plugin. -->","yoast_head_json":{"title":"Kontakt | Properties in Alanya Turkey","robots":{"index":"index","follow":"follow","max-snippet":"max-snippet:-1","max-image-preview":"max-image-preview:large","max-video-preview":"max-video-preview:-1"},"canonical":"https:\/\/www.newlifeturkey.com\/tr\/kontakt\/","og_locale":"tr_TR","og_type":"article","og_title":"Kontakt | Properties in Alanya Turkey","og_description":"[vc_row][vc_column][vc_empty_space height=&#8221;30&#8243;][vc_column_text] Wir sind ein junges und dynamisches Unternehmen und bieten genau das, was Sie suchen. Gemeinsam mit uns finden Sie einen zuverl\u00e4ssigen Partner mit langj\u00e4hriger Erfahrung auf dem Immobilienmarkt von Alanya. Wir verkaufen nicht nur eine Immobilie an der t\u00fcrkischen Riviera, wir schaffen Ihr neues Zuhause, wo Sie Ihre Tr\u00e4ume leben k\u00f6nnen. Nur die von uns als professioneller Immobilienmakler ausgew\u00e4hlten Immobilien werden zum ...","og_url":"https:\/\/www.newlifeturkey.com\/tr\/kontakt\/","og_site_name":"Properties in Alanya Turkey","article_publisher":"https:\/\/www.facebook.com\/newlifeturkeyinalanya\/","article_modified_time":"2017-06-15T12:02:15+00:00","twitter_card":"summary_large_image","twitter_site":"@NewLifeAlanya","twitter_misc":{"Tahmini okuma s\u00fcresi":"1 dakika"},"schema":{"@context":"https:\/\/schema.org","@graph":[{"@type":"WebPage","@id":"https:\/\/www.newlifeturkey.com\/tr\/kontakt\/","url":"https:\/\/www.newlifeturkey.com\/tr\/kontakt\/","name":"Kontakt | Properties in Alanya Turkey","isPartOf":{"@id":"https:\/\/www.newlifeturkey.com\/tr\/#website"},"datePublished":"2015-02-19T09:48:19+00:00","dateModified":"2017-06-15T12:02:15+00:00","breadcrumb":{"@id":"https:\/\/www.newlifeturkey.com\/tr\/kontakt\/#breadcrumb"},"inLanguage":"tr","potentialAction":[{"@type":"ReadAction","target":["https:\/\/www.newlifeturkey.com\/tr\/kontakt\/"]}]},{"@type":"BreadcrumbList","@id":"https:\/\/www.newlifeturkey.com\/tr\/kontakt\/#breadcrumb","itemListElement":[{"@type":"ListItem","position":1,"name":"Home","item":"https:\/\/www.newlifeturkey.com\/tr\/"},{"@type":"ListItem","position":2,"name":"Kontakt"}]},{"@type":"WebSite","@id":"https:\/\/www.newlifeturkey.com\/tr\/#website","url":"https:\/\/www.newlifeturkey.com\/tr\/","name":"Properties in Alanya Turkey","description":"New Life Turkey","potentialAction":[{"@type":"SearchAction","target":{"@type":"EntryPoint","urlTemplate":"https:\/\/www.newlifeturkey.com\/tr\/?s={search_term_string}"},"query-input":"required name=search_term_string"}],"inLanguage":"tr"}]}},"_links":{"self":[{"href":"https:\/\/www.newlifeturkey.com\/tr\/wp-json\/wp\/v2\/pages\/21293","targetHints":{"allow":["GET"]}}],"collection":[{"href":"https:\/\/www.newlifeturkey.com\/tr\/wp-json\/wp\/v2\/pages"}],"about":[{"href":"https:\/\/www.newlifeturkey.com\/tr\/wp-json\/wp\/v2\/types\/page"}],"author":[{"embeddable":true,"href":"https:\/\/www.newlifeturkey.com\/tr\/wp-json\/wp\/v2\/users\/1"}],"replies":[{"embeddable":true,"href":"https:\/\/www.newlifeturkey.com\/tr\/wp-json\/wp\/v2\/comments?post=21293"}],"version-history":[{"count":3,"href":"https:\/\/www.newlifeturkey.com\/tr\/wp-json\/wp\/v2\/pages\/21293\/revisions"}],"predecessor-version":[{"id":22897,"href":"https:\/\/www.newlifeturkey.com\/tr\/wp-json\/wp\/v2\/pages\/21293\/revisions\/22897"}],"wp:attachment":[{"href":"https:\/\/www.newlifeturkey.com\/tr\/wp-json\/wp\/v2\/media?parent=21293"}],"curies":[{"name":"wp","href":"https:\/\/api.w.org\/{rel}","templated":true}]}}